{"id":244,"date":"2018-12-19T18:10:16","date_gmt":"2018-12-19T18:10:16","guid":{"rendered":"http:\/\/tv-wintersdorf.de\/?page_id=244"},"modified":"2026-04-15T08:05:24","modified_gmt":"2026-04-15T08:05:24","slug":"home-10","status":"publish","type":"page","link":"https:\/\/tv-wintersdorf.de\/?page_id=244","title":{"rendered":"AK_Infos (alt)"},"content":{"rendered":"\t\t<div data-elementor-type=\"wp-post\" data-elementor-id=\"244\" class=\"elementor elementor-244\">\n\t\t\t\t\t\t<div class=\"elementor-inner\">\n\t\t\t\t<div class=\"elementor-section-wrap\">\n\t\t\t\t\t\t\t\t\t<section class=\"elementor-section elementor-top-section elementor-element elementor-element-25919ae elementor-section-boxed elementor-section-height-default elementor-section-height-default\" data-id=\"25919ae\" data-element_type=\"section\">\n\t\t\t\t\t\t<div class=\"elementor-container elementor-column-gap-default\">\n\t\t\t\t\t\t\t<div class=\"elementor-row\">\n\t\t\t\t\t<div class=\"elementor-column elementor-col-33 elementor-top-column elementor-element elementor-element-e324ff6\" data-id=\"e324ff6\" data-element_type=\"column\">\n\t\t\t<div class=\"elementor-column-wrap elementor-element-populated\">\n\t\t\t\t\t\t\t<div class=\"elementor-widget-wrap\">\n\t\t\t\t\t\t<div class=\"elementor-element elementor-element-df9d12c elementor-widget elementor-widget-image\" data-id=\"df9d12c\" data-element_type=\"widget\" data-widget_type=\"image.default\">\n\t\t\t\t<div class=\"elementor-widget-container\">\n\t\t\t\t\t\t\t\t<div class=\"elementor-image\">\n\t\t\t\t\t\t\t\t\t\t\t\t\t<a href=\"https:\/\/tv-wintersdorf.de\/\">\n\t\t\t\t\t\t\t<img decoding=\"async\" width=\"601\" height=\"355\" src=\"https:\/\/tv-wintersdorf.de\/wp-content\/uploads\/2020\/03\/Logo_Normal.jpg\" class=\"attachment-large size-large wp-image-4182\" alt=\"\" loading=\"lazy\" srcset=\"https:\/\/tv-wintersdorf.de\/wp-content\/uploads\/2020\/03\/Logo_Normal.jpg 601w, https:\/\/tv-wintersdorf.de\/wp-content\/uploads\/2020\/03\/Logo_Normal-300x177.jpg 300w, https:\/\/tv-wintersdorf.de\/wp-content\/uploads\/2020\/03\/elementor\/thumbs\/Logo_Normal-om9mlzpm3er39u5urhaj8otivup3vnofg27y7j704o.jpg 5w\" sizes=\"(max-width: 601px) 100vw, 601px\" \/>\t\t\t\t\t\t\t\t<\/a>\n\t\t\t\t\t\t\t\t\t\t\t\t\t\t<\/div>\n\t\t\t\t\t\t<\/div>\n\t\t\t\t<\/div>\n\t\t\t\t\t\t<\/div>\n\t\t\t\t\t<\/div>\n\t\t<\/div>\n\t\t\t\t<div class=\"elementor-column elementor-col-33 elementor-top-column elementor-element elementor-element-ff69041\" data-id=\"ff69041\" data-element_type=\"column\">\n\t\t\t<div class=\"elementor-column-wrap elementor-element-populated\">\n\t\t\t\t\t\t\t<div class=\"elementor-widget-wrap\">\n\t\t\t\t\t\t<div class=\"elementor-element elementor-element-9030452 elementor-widget elementor-widget-heading\" data-id=\"9030452\" data-element_type=\"widget\" data-widget_type=\"heading.default\">\n\t\t\t\t<div class=\"elementor-widget-container\">\n\t\t\t<h2 class=\"elementor-heading-title elementor-size-default\">Turnverein Wintersdorf 1919 e.V.<\/h2>\t\t<\/div>\n\t\t\t\t<\/div>\n\t\t\t\t\t\t<\/div>\n\t\t\t\t\t<\/div>\n\t\t<\/div>\n\t\t\t\t<div class=\"elementor-column elementor-col-33 elementor-top-column elementor-element elementor-element-d3fe1c0\" data-id=\"d3fe1c0\" data-element_type=\"column\">\n\t\t\t<div class=\"elementor-column-wrap elementor-element-populated\">\n\t\t\t\t\t\t\t<div class=\"elementor-widget-wrap\">\n\t\t\t\t\t\t<div class=\"elementor-element elementor-element-0accb46 elementor-widget elementor-widget-image\" data-id=\"0accb46\" data-element_type=\"widget\" data-widget_type=\"image.default\">\n\t\t\t\t<div class=\"elementor-widget-container\">\n\t\t\t\t\t\t\t\t<div class=\"elementor-image\">\n\t\t\t\t\t\t\t\t\t\t\t\t\t<a href=\"https:\/\/tv-wintersdorf.de\/\">\n\t\t\t\t\t\t\t<img decoding=\"async\" src=\"https:\/\/tv-wintersdorf.de\/wp-content\/uploads\/elementor\/thumbs\/logo2-o0ln8w9kk8lp92bz1q8gvw18xtxas6p0t7maay76fk.png\" title=\"logo2\" alt=\"logo2\" loading=\"lazy\" \/>\t\t\t\t\t\t\t\t<\/a>\n\t\t\t\t\t\t\t\t\t\t\t\t\t\t<\/div>\n\t\t\t\t\t\t<\/div>\n\t\t\t\t<\/div>\n\t\t\t\t\t\t<\/div>\n\t\t\t\t\t<\/div>\n\t\t<\/div>\n\t\t\t\t\t\t\t\t<\/div>\n\t\t\t\t\t<\/div>\n\t\t<\/section>\n\t\t\t\t<section class=\"elementor-section elementor-top-section elementor-element elementor-element-93c9063 elementor-section-boxed elementor-section-height-default elementor-section-height-default\" data-id=\"93c9063\" data-element_type=\"section\">\n\t\t\t\t\t\t<div class=\"elementor-container elementor-column-gap-default\">\n\t\t\t\t\t\t\t<div class=\"elementor-row\">\n\t\t\t\t\t<div class=\"elementor-column elementor-col-100 elementor-top-column elementor-element elementor-element-e3456fb\" data-id=\"e3456fb\" data-element_type=\"column\">\n\t\t\t<div class=\"elementor-column-wrap elementor-element-populated\">\n\t\t\t\t\t\t\t<div class=\"elementor-widget-wrap\">\n\t\t\t\t\t\t<div class=\"elementor-element elementor-element-6e7d1c0 elementor-arrows-position-inside elementor-pagination-position-outside elementor-widget elementor-widget-image-carousel\" data-id=\"6e7d1c0\" data-element_type=\"widget\" data-settings=\"{&quot;slides_to_show&quot;:&quot;3&quot;,&quot;slides_to_scroll&quot;:&quot;3&quot;,&quot;autoplay_speed&quot;:3000,&quot;navigation&quot;:&quot;both&quot;,&quot;autoplay&quot;:&quot;yes&quot;,&quot;pause_on_hover&quot;:&quot;yes&quot;,&quot;pause_on_interaction&quot;:&quot;yes&quot;,&quot;infinite&quot;:&quot;yes&quot;,&quot;speed&quot;:500,&quot;image_spacing_custom&quot;:{&quot;unit&quot;:&quot;px&quot;,&quot;size&quot;:20,&quot;sizes&quot;:[]}}\" data-widget_type=\"image-carousel.default\">\n\t\t\t\t<div class=\"elementor-widget-container\">\n\t\t\t\t\t<div class=\"elementor-image-carousel-wrapper swiper-container\" dir=\"ltr\">\n\t\t\t<div class=\"elementor-image-carousel swiper-wrapper\">\n\t\t\t\t\t\t\t\t<div class=\"swiper-slide\"><a data-elementor-open-lightbox=\"yes\" data-elementor-lightbox-slideshow=\"6e7d1c0\" data-elementor-lightbox-title=\"Ankica\" e-action-hash=\"#elementor-action%3Aaction%3Dlightbox%26settings%3DeyJpZCI6NjI1LCJ1cmwiOiJodHRwczpcL1wvdHYtd2ludGVyc2RvcmYuZGVcL3dwLWNvbnRlbnRcL3VwbG9hZHNcLzIwMThcLzEyXC9BbmtpY2EuanBnIiwic2xpZGVzaG93IjoiNmU3ZDFjMCJ9\" href=\"https:\/\/tv-wintersdorf.de\/wp-content\/uploads\/2018\/12\/Ankica.jpg\"><figure class=\"swiper-slide-inner\"><img decoding=\"async\" class=\"swiper-slide-image\" src=\"https:\/\/tv-wintersdorf.de\/wp-content\/uploads\/2018\/12\/Ankica-300x225.jpg\" alt=\"Ankica\" \/><\/figure><\/a><\/div><div class=\"swiper-slide\"><a data-elementor-open-lightbox=\"yes\" data-elementor-lightbox-slideshow=\"6e7d1c0\" data-elementor-lightbox-title=\"OLYMPUS DIGITAL CAMERA\" e-action-hash=\"#elementor-action%3Aaction%3Dlightbox%26settings%3DeyJpZCI6MjU4LCJ1cmwiOiJodHRwczpcL1wvdHYtd2ludGVyc2RvcmYuZGVcL3dwLWNvbnRlbnRcL3VwbG9hZHNcLzIwMThcLzEyXC9QYXRyaWNrLXVuZC1BbmtpY2EuanBnIiwic2xpZGVzaG93IjoiNmU3ZDFjMCJ9\" href=\"https:\/\/tv-wintersdorf.de\/wp-content\/uploads\/2018\/12\/Patrick-und-Ankica.jpg\"><figure class=\"swiper-slide-inner\"><img decoding=\"async\" class=\"swiper-slide-image\" src=\"https:\/\/tv-wintersdorf.de\/wp-content\/uploads\/2018\/12\/Patrick-und-Ankica-300x225.jpg\" alt=\"OLYMPUS DIGITAL CAMERA\" \/><\/figure><\/a><\/div><div class=\"swiper-slide\"><a data-elementor-open-lightbox=\"yes\" data-elementor-lightbox-slideshow=\"6e7d1c0\" data-elementor-lightbox-title=\"OLYMPUS DIGITAL CAMERA\" e-action-hash=\"#elementor-action%3Aaction%3Dlightbox%26settings%3DeyJpZCI6MjU3LCJ1cmwiOiJodHRwczpcL1wvdHYtd2ludGVyc2RvcmYuZGVcL3dwLWNvbnRlbnRcL3VwbG9hZHNcLzIwMThcLzEyXC9NaWNoYWVsLXVuZC1Jc2FiZWxsZS5qcGciLCJzbGlkZXNob3ciOiI2ZTdkMWMwIn0%3D\" href=\"https:\/\/tv-wintersdorf.de\/wp-content\/uploads\/2018\/12\/Michael-und-Isabelle.jpg\"><figure class=\"swiper-slide-inner\"><img decoding=\"async\" class=\"swiper-slide-image\" src=\"https:\/\/tv-wintersdorf.de\/wp-content\/uploads\/2018\/12\/Michael-und-Isabelle-300x225.jpg\" alt=\"OLYMPUS DIGITAL CAMERA\" \/><\/figure><\/a><\/div><div class=\"swiper-slide\"><a data-elementor-open-lightbox=\"yes\" data-elementor-lightbox-slideshow=\"6e7d1c0\" data-elementor-lightbox-title=\"OLYMPUS DIGITAL CAMERA\" e-action-hash=\"#elementor-action%3Aaction%3Dlightbox%26settings%3DeyJpZCI6MjU2LCJ1cmwiOiJodHRwczpcL1wvdHYtd2ludGVyc2RvcmYuZGVcL3dwLWNvbnRlbnRcL3VwbG9hZHNcLzIwMThcLzEyXC9LbGVpbmtpbmRlci5qcGciLCJzbGlkZXNob3ciOiI2ZTdkMWMwIn0%3D\" href=\"https:\/\/tv-wintersdorf.de\/wp-content\/uploads\/2018\/12\/Kleinkinder.jpg\"><figure class=\"swiper-slide-inner\"><img decoding=\"async\" class=\"swiper-slide-image\" src=\"https:\/\/tv-wintersdorf.de\/wp-content\/uploads\/2018\/12\/Kleinkinder-300x215.jpg\" alt=\"OLYMPUS DIGITAL CAMERA\" \/><\/figure><\/a><\/div><div class=\"swiper-slide\"><a data-elementor-open-lightbox=\"yes\" data-elementor-lightbox-slideshow=\"6e7d1c0\" data-elementor-lightbox-title=\"OLYMPUS DIGITAL CAMERA\" e-action-hash=\"#elementor-action%3Aaction%3Dlightbox%26settings%3DeyJpZCI6MjUyLCJ1cmwiOiJodHRwczpcL1wvdHYtd2ludGVyc2RvcmYuZGVcL3dwLWNvbnRlbnRcL3VwbG9hZHNcLzIwMThcLzEyXC9LbGVpbmtpbmRlci0zLmpwZyIsInNsaWRlc2hvdyI6IjZlN2QxYzAifQ%3D%3D\" href=\"https:\/\/tv-wintersdorf.de\/wp-content\/uploads\/2018\/12\/Kleinkinder-3.jpg\"><figure class=\"swiper-slide-inner\"><img decoding=\"async\" class=\"swiper-slide-image\" src=\"https:\/\/tv-wintersdorf.de\/wp-content\/uploads\/2018\/12\/Kleinkinder-3-300x225.jpg\" alt=\"OLYMPUS DIGITAL CAMERA\" \/><\/figure><\/a><\/div><div class=\"swiper-slide\"><a data-elementor-open-lightbox=\"yes\" data-elementor-lightbox-slideshow=\"6e7d1c0\" data-elementor-lightbox-title=\"OLYMPUS DIGITAL CAMERA\" e-action-hash=\"#elementor-action%3Aaction%3Dlightbox%26settings%3DeyJpZCI6MjUwLCJ1cmwiOiJodHRwczpcL1wvdHYtd2ludGVyc2RvcmYuZGVcL3dwLWNvbnRlbnRcL3VwbG9hZHNcLzIwMThcLzEyXC9LZXJzdGluLXVuZC1CZW5uZS0xLmpwZyIsInNsaWRlc2hvdyI6IjZlN2QxYzAifQ%3D%3D\" href=\"https:\/\/tv-wintersdorf.de\/wp-content\/uploads\/2018\/12\/Kerstin-und-Benne-1.jpg\"><figure class=\"swiper-slide-inner\"><img decoding=\"async\" class=\"swiper-slide-image\" src=\"https:\/\/tv-wintersdorf.de\/wp-content\/uploads\/2018\/12\/Kerstin-und-Benne-1-300x225.jpg\" alt=\"OLYMPUS DIGITAL CAMERA\" \/><\/figure><\/a><\/div><div class=\"swiper-slide\"><a data-elementor-open-lightbox=\"yes\" data-elementor-lightbox-slideshow=\"6e7d1c0\" data-elementor-lightbox-title=\"IMG_0012\" e-action-hash=\"#elementor-action%3Aaction%3Dlightbox%26settings%3DeyJpZCI6MjQ4LCJ1cmwiOiJodHRwczpcL1wvdHYtd2ludGVyc2RvcmYuZGVcL3dwLWNvbnRlbnRcL3VwbG9hZHNcLzIwMThcLzEyXC9JTUdfMDAxMi5qcGciLCJzbGlkZXNob3ciOiI2ZTdkMWMwIn0%3D\" href=\"https:\/\/tv-wintersdorf.de\/wp-content\/uploads\/2018\/12\/IMG_0012.jpg\"><figure class=\"swiper-slide-inner\"><img decoding=\"async\" class=\"swiper-slide-image\" src=\"https:\/\/tv-wintersdorf.de\/wp-content\/uploads\/2018\/12\/IMG_0012-300x200.jpg\" alt=\"IMG_0012\" \/><\/figure><\/a><\/div><div class=\"swiper-slide\"><a data-elementor-open-lightbox=\"yes\" data-elementor-lightbox-slideshow=\"6e7d1c0\" data-elementor-lightbox-title=\"OLYMPUS DIGITAL CAMERA\" e-action-hash=\"#elementor-action%3Aaction%3Dlightbox%26settings%3DeyJpZCI6MjQ3LCJ1cmwiOiJodHRwczpcL1wvdHYtd2ludGVyc2RvcmYuZGVcL3dwLWNvbnRlbnRcL3VwbG9hZHNcLzIwMThcLzEyXC9mZXJ0aWcwOTExMjAxODQuanBnIiwic2xpZGVzaG93IjoiNmU3ZDFjMCJ9\" href=\"https:\/\/tv-wintersdorf.de\/wp-content\/uploads\/2018\/12\/fertig091120184.jpg\"><figure class=\"swiper-slide-inner\"><img decoding=\"async\" class=\"swiper-slide-image\" src=\"https:\/\/tv-wintersdorf.de\/wp-content\/uploads\/2018\/12\/fertig091120184-300x225.jpg\" alt=\"OLYMPUS DIGITAL CAMERA\" \/><\/figure><\/a><\/div><div class=\"swiper-slide\"><a data-elementor-open-lightbox=\"yes\" data-elementor-lightbox-slideshow=\"6e7d1c0\" data-elementor-lightbox-title=\"OLYMPUS DIGITAL CAMERA\" e-action-hash=\"#elementor-action%3Aaction%3Dlightbox%26settings%3DeyJpZCI6MjQ2LCJ1cmwiOiJodHRwczpcL1wvdHYtd2ludGVyc2RvcmYuZGVcL3dwLWNvbnRlbnRcL3VwbG9hZHNcLzIwMThcLzEyXC9Ba3RpdmUtVHVybmVyLXVuZC1UdXJuZXJpbm5lbi5qcGciLCJzbGlkZXNob3ciOiI2ZTdkMWMwIn0%3D\" href=\"https:\/\/tv-wintersdorf.de\/wp-content\/uploads\/2018\/12\/Aktive-Turner-und-Turnerinnen.jpg\"><figure class=\"swiper-slide-inner\"><img decoding=\"async\" class=\"swiper-slide-image\" src=\"https:\/\/tv-wintersdorf.de\/wp-content\/uploads\/2018\/12\/Aktive-Turner-und-Turnerinnen-300x225.jpg\" alt=\"OLYMPUS DIGITAL CAMERA\" \/><\/figure><\/a><\/div>\t\t\t<\/div>\n\t\t\t\t\t\t\t\t\t\t\t\t<div class=\"swiper-pagination\"><\/div>\n\t\t\t\t\t\t\t\t\t\t\t\t\t<div class=\"elementor-swiper-button elementor-swiper-button-prev\">\n\t\t\t\t\t\t<i aria-hidden=\"true\" class=\"eicon-chevron-left\"><\/i>\t\t\t\t\t\t<span class=\"elementor-screen-only\">Zur\u00fcck<\/span>\n\t\t\t\t\t<\/div>\n\t\t\t\t\t<div class=\"elementor-swiper-button elementor-swiper-button-next\">\n\t\t\t\t\t\t<i aria-hidden=\"true\" class=\"eicon-chevron-right\"><\/i>\t\t\t\t\t\t<span class=\"elementor-screen-only\">Weiter<\/span>\n\t\t\t\t\t<\/div>\n\t\t\t\t\t\t\t\t\t<\/div>\n\t\t\t\t<\/div>\n\t\t\t\t<\/div>\n\t\t\t\t\t\t<\/div>\n\t\t\t\t\t<\/div>\n\t\t<\/div>\n\t\t\t\t\t\t\t\t<\/div>\n\t\t\t\t\t<\/div>\n\t\t<\/section>\n\t\t\t\t<section class=\"elementor-section elementor-top-section elementor-element elementor-element-8858d94 elementor-section-boxed elementor-section-height-default elementor-section-height-default\" data-id=\"8858d94\" data-element_type=\"section\">\n\t\t\t\t\t\t<div class=\"elementor-container elementor-column-gap-default\">\n\t\t\t\t\t\t\t<div class=\"elementor-row\">\n\t\t\t\t\t<div class=\"elementor-column elementor-col-100 elementor-top-column elementor-element elementor-element-a0d7d56\" data-id=\"a0d7d56\" data-element_type=\"column\">\n\t\t\t<div class=\"elementor-column-wrap elementor-element-populated\">\n\t\t\t\t\t\t\t<div class=\"elementor-widget-wrap\">\n\t\t\t\t\t\t<div class=\"elementor-element elementor-element-243c811 elementor-widget elementor-widget-heading\" data-id=\"243c811\" data-element_type=\"widget\" data-widget_type=\"heading.default\">\n\t\t\t\t<div class=\"elementor-widget-container\">\n\t\t\t<h2 class=\"elementor-heading-title elementor-size-default\">Aktives und Kinderturnen<\/h2>\t\t<\/div>\n\t\t\t\t<\/div>\n\t\t\t\t<div class=\"elementor-element elementor-element-339eee7 elementor-widget elementor-widget-text-editor\" data-id=\"339eee7\" data-element_type=\"widget\" data-widget_type=\"text-editor.default\">\n\t\t\t\t<div class=\"elementor-widget-container\">\n\t\t\t\t\t\t\t\t<div class=\"elementor-text-editor elementor-clearfix\">\n\t\t\t\t<p class=\"MsoNormal\" style=\"margin: 0cm 0cm 0.0001pt; font-size: 12pt; font-family: Verdana, sans-serif; caret-color: #000000; color: #000000; font-style: normal; font-variant-caps: normal;\">Dem Bereich des Aktiven- und Kinderturnens sind alle Gruppen vom Eltern-Kind-Turnen bis hin zu den Turngruppen der erwachsenen Frauen und M\u00e4nner, welche noch Ger\u00e4te turnen, unterstellt.\nSobald die Kleinesten auf \u201eeigenen F\u00fc\u00dfen\u201c stehen k\u00f6nnen, d\u00fcrfen sie zusammen mit Ihrer Mama oder Papa zum Eltern-Kind-Turnen in die Halle kommen. Das Trainingsangebot geht l\u00fcckenlos durch bis zu den Erwachsenengruppen, aufgeteilt nach Alter und Leistung sowie M\u00e4dchen und Buben.\nSpa\u00df und Freude stehen im Vordergrund. Alle Kinder werden nach ihrem K\u00f6nnen trainiert und gef\u00f6rdert. An den einzelnen Ger\u00e4ten werden \u00dcbungsteile erlernt und zu einem Ganzen, einer kompletten \u00dcbung zusammengestellt. Ziel ist es, die Kinder so zu trainieren, dass am Ende der Wettkampf steht. Dabei soll nicht die Konkurrenz, sondern das Miteinander an erster Stelle stehen.\nAlle sollen dabei Spa\u00df haben und sich im Kreise der Turner wohl f\u00fchlen.<\/p>\t\t\t\t\t<\/div>\n\t\t\t\t\t\t<\/div>\n\t\t\t\t<\/div>\n\t\t\t\t\t\t<\/div>\n\t\t\t\t\t<\/div>\n\t\t<\/div>\n\t\t\t\t\t\t\t\t<\/div>\n\t\t\t\t\t<\/div>\n\t\t<\/section>\n\t\t\t\t\t\t\t\t\t<\/div>\n\t\t\t<\/div>\n\t\t\t\t\t<\/div>\n\t\t","protected":false},"excerpt":{"rendered":"<p>Turnverein Wintersdorf 1919 e.V. Zur\u00fcck Weiter Aktives und Kinderturnen Dem Bereich des Aktiven- und Kinderturnens sind alle Gruppen vom Eltern-Kind-Turnen bis hin zu den Turngruppen der erwachsenen Frauen und M\u00e4nner, welche noch Ger\u00e4te turnen, unterstellt. Sobald die Kleinesten auf \u201eeigenen F\u00fc\u00dfen\u201c stehen k\u00f6nnen, d\u00fcrfen sie zusammen mit Ihrer Mama oder Papa zum Eltern-Kind-Turnen in die [&hellip;]<\/p>\n","protected":false},"author":1,"featured_media":0,"parent":0,"menu_order":0,"comment_status":"closed","ping_status":"closed","template":"","meta":[],"_links":{"self":[{"href":"https:\/\/tv-wintersdorf.de\/index.php?rest_route=\/wp\/v2\/pages\/244"}],"collection":[{"href":"https:\/\/tv-wintersdorf.de\/index.php?rest_route=\/wp\/v2\/pages"}],"about":[{"href":"https:\/\/tv-wintersdorf.de\/index.php?rest_route=\/wp\/v2\/types\/page"}],"author":[{"embeddable":true,"href":"https:\/\/tv-wintersdorf.de\/index.php?rest_route=\/wp\/v2\/users\/1"}],"replies":[{"embeddable":true,"href":"https:\/\/tv-wintersdorf.de\/index.php?rest_route=%2Fwp%2Fv2%2Fcomments&post=244"}],"version-history":[{"count":24,"href":"https:\/\/tv-wintersdorf.de\/index.php?rest_route=\/wp\/v2\/pages\/244\/revisions"}],"predecessor-version":[{"id":7292,"href":"https:\/\/tv-wintersdorf.de\/index.php?rest_route=\/wp\/v2\/pages\/244\/revisions\/7292"}],"wp:attachment":[{"href":"https:\/\/tv-wintersdorf.de\/index.php?rest_route=%2Fwp%2Fv2%2Fmedia&parent=244"}],"curies":[{"name":"wp","href":"https:\/\/api.w.org\/{rel}","templated":true}]}}