{"id":2524,"date":"2019-01-15T18:40:28","date_gmt":"2019-01-15T18:40:28","guid":{"rendered":"http:\/\/tv-wintersdorf.de\/?page_id=2524"},"modified":"2022-03-26T18:35:54","modified_gmt":"2022-03-26T18:35:54","slug":"home-8-3-2-21-2-2","status":"publish","type":"page","link":"https:\/\/tv-wintersdorf.de\/?page_id=2524","title":{"rendered":"Jahreshauptversammlung_Bericht_2019"},"content":{"rendered":"\t\t<div data-elementor-type=\"wp-post\" data-elementor-id=\"2524\" class=\"elementor elementor-2524\">\n\t\t\t\t\t\t<div class=\"elementor-inner\">\n\t\t\t\t<div class=\"elementor-section-wrap\">\n\t\t\t\t\t\t\t\t\t<section class=\"elementor-section elementor-top-section elementor-element elementor-element-25919ae elementor-section-boxed elementor-section-height-default elementor-section-height-default\" data-id=\"25919ae\" data-element_type=\"section\">\n\t\t\t\t\t\t<div class=\"elementor-container elementor-column-gap-default\">\n\t\t\t\t\t\t\t<div class=\"elementor-row\">\n\t\t\t\t\t<div class=\"elementor-column elementor-col-33 elementor-top-column elementor-element elementor-element-e324ff6\" data-id=\"e324ff6\" data-element_type=\"column\">\n\t\t\t<div class=\"elementor-column-wrap elementor-element-populated\">\n\t\t\t\t\t\t\t<div class=\"elementor-widget-wrap\">\n\t\t\t\t\t\t<div class=\"elementor-element elementor-element-df9d12c elementor-widget elementor-widget-image\" data-id=\"df9d12c\" data-element_type=\"widget\" data-widget_type=\"image.default\">\n\t\t\t\t<div class=\"elementor-widget-container\">\n\t\t\t\t\t\t\t\t<div class=\"elementor-image\">\n\t\t\t\t\t\t\t\t\t\t\t\t\t<a href=\"https:\/\/tv-wintersdorf.de\/\">\n\t\t\t\t\t\t\t<img decoding=\"async\" width=\"601\" height=\"355\" src=\"https:\/\/tv-wintersdorf.de\/wp-content\/uploads\/2020\/03\/Logo_Normal.jpg\" class=\"attachment-large size-large wp-image-4182\" alt=\"\" loading=\"lazy\" srcset=\"https:\/\/tv-wintersdorf.de\/wp-content\/uploads\/2020\/03\/Logo_Normal.jpg 601w, https:\/\/tv-wintersdorf.de\/wp-content\/uploads\/2020\/03\/Logo_Normal-300x177.jpg 300w, https:\/\/tv-wintersdorf.de\/wp-content\/uploads\/2020\/03\/elementor\/thumbs\/Logo_Normal-om9mlzpm3er39u5urhaj8otivup3vnofg27y7j704o.jpg 5w\" sizes=\"(max-width: 601px) 100vw, 601px\" \/>\t\t\t\t\t\t\t\t<\/a>\n\t\t\t\t\t\t\t\t\t\t\t\t\t\t<\/div>\n\t\t\t\t\t\t<\/div>\n\t\t\t\t<\/div>\n\t\t\t\t\t\t<\/div>\n\t\t\t\t\t<\/div>\n\t\t<\/div>\n\t\t\t\t<div class=\"elementor-column elementor-col-33 elementor-top-column elementor-element elementor-element-ff69041\" data-id=\"ff69041\" data-element_type=\"column\">\n\t\t\t<div class=\"elementor-column-wrap elementor-element-populated\">\n\t\t\t\t\t\t\t<div class=\"elementor-widget-wrap\">\n\t\t\t\t\t\t<div class=\"elementor-element elementor-element-9030452 elementor-widget elementor-widget-heading\" data-id=\"9030452\" data-element_type=\"widget\" data-widget_type=\"heading.default\">\n\t\t\t\t<div class=\"elementor-widget-container\">\n\t\t\t<h2 class=\"elementor-heading-title elementor-size-default\">Turnverein Wintersdorf 1919 e.V.<\/h2>\t\t<\/div>\n\t\t\t\t<\/div>\n\t\t\t\t\t\t<\/div>\n\t\t\t\t\t<\/div>\n\t\t<\/div>\n\t\t\t\t<div class=\"elementor-column elementor-col-33 elementor-top-column elementor-element elementor-element-d3fe1c0\" data-id=\"d3fe1c0\" data-element_type=\"column\">\n\t\t\t<div class=\"elementor-column-wrap elementor-element-populated\">\n\t\t\t\t\t\t\t<div class=\"elementor-widget-wrap\">\n\t\t\t\t\t\t<div class=\"elementor-element elementor-element-0accb46 elementor-widget elementor-widget-image\" data-id=\"0accb46\" data-element_type=\"widget\" data-widget_type=\"image.default\">\n\t\t\t\t<div class=\"elementor-widget-container\">\n\t\t\t\t\t\t\t\t<div class=\"elementor-image\">\n\t\t\t\t\t\t\t\t\t\t\t\t\t<a href=\"https:\/\/tv-wintersdorf.de\/\">\n\t\t\t\t\t\t\t<img decoding=\"async\" src=\"https:\/\/tv-wintersdorf.de\/wp-content\/uploads\/elementor\/thumbs\/logo2-o0ln8w9kk8lp92bz1q8gvw18xtxas6p0t7maay76fk.png\" title=\"logo2\" alt=\"logo2\" loading=\"lazy\" \/>\t\t\t\t\t\t\t\t<\/a>\n\t\t\t\t\t\t\t\t\t\t\t\t\t\t<\/div>\n\t\t\t\t\t\t<\/div>\n\t\t\t\t<\/div>\n\t\t\t\t\t\t<\/div>\n\t\t\t\t\t<\/div>\n\t\t<\/div>\n\t\t\t\t\t\t\t\t<\/div>\n\t\t\t\t\t<\/div>\n\t\t<\/section>\n\t\t\t\t<section class=\"elementor-section elementor-top-section elementor-element elementor-element-192fb37 elementor-section-boxed elementor-section-height-default elementor-section-height-default\" data-id=\"192fb37\" data-element_type=\"section\">\n\t\t\t\t\t\t<div class=\"elementor-container elementor-column-gap-default\">\n\t\t\t\t\t\t\t<div class=\"elementor-row\">\n\t\t\t\t\t<div class=\"elementor-column elementor-col-100 elementor-top-column elementor-element elementor-element-b7a404a\" data-id=\"b7a404a\" data-element_type=\"column\">\n\t\t\t<div class=\"elementor-column-wrap elementor-element-populated\">\n\t\t\t\t\t\t\t<div class=\"elementor-widget-wrap\">\n\t\t\t\t\t\t<div class=\"elementor-element elementor-element-131ecd8 elementor-widget elementor-widget-heading\" data-id=\"131ecd8\" data-element_type=\"widget\" data-widget_type=\"heading.default\">\n\t\t\t\t<div class=\"elementor-widget-container\">\n\t\t\t<h2 class=\"elementor-heading-title elementor-size-default\">Jahreshauptversammlung 2019\n<br><\/h2>\t\t<\/div>\n\t\t\t\t<\/div>\n\t\t\t\t<div class=\"elementor-element elementor-element-04e4e4e elementor-widget elementor-widget-text-editor\" data-id=\"04e4e4e\" data-element_type=\"widget\" data-widget_type=\"text-editor.default\">\n\t\t\t\t<div class=\"elementor-widget-container\">\n\t\t\t\t\t\t\t\t<div class=\"elementor-text-editor elementor-clearfix\">\n\t\t\t\t<span style=\"font-size: 12pt; font-family: Verdana;\">103 interessierte Mitglieder folgten der Einladung ins Gemeindezentrum zur Jahreshauptversammlung des Turnvereins Wintersdorf. Der 1. Vorsitzende Martin Hauns blickte in seinem Gesch\u00e4ftsbericht auf die Veranstaltungen im abgelaufenen Gesch\u00e4ftsjahr zur\u00fcck. So war der Turnverein wieder an der Narretei mit 5 Gruppen beteiligt, beim Landesturnfest in Weinheim durften wir nat\u00fcrlich auch nicht fehlen, das Dorffest wurde zum zweiten Mal alleine durchgef\u00fchrt, beim 11. Extrem-Cross-Lauf gestalteten wir den Parcour, stellten die Streckenposten sowie Zeitnehmer und sorgten mit Erfrischungen und Obst f\u00fcr das Wohlbefinden der L\u00e4ufer. Unsere Nikolausfeier setzte den Schlusspunkt unter ein verh\u00e4ltnism\u00e4\u00dfig \u201enormales\u201c Vereinsjahr, wie Martin Hauns in seinen Ausf\u00fchrungen erl\u00e4uterte.\n\n<p>\n\nKein Solches wird das bereits begonnene Jahr 2019, in dem wir unser 100-j\u00e4hriges Vereinsbestehen feiern. Im Vorfeld wurden hierf\u00fcr schon flei\u00dfig Arbeiten in 2 Klausurtagungen der Vorstandschaft und 22 Sitzungen in den eigens zusammengestellten 5 Projektgruppen geleistet. Dies forderte alle Verantwortlichen und Helfer in besonderer Weise. Dank eines gut aufgestellten und organisierten Vereins konnten die Herausforderungen jedoch gut bew\u00e4ltigt werden.\n\n<p>\n\nDer Turnverein umfasst aktuell 802 Mitglieder, die in den verschiedenen Gruppen aktiv sind oder passiv den Verein unterst\u00fctzen. Mittlerweile wird in 23 Gruppen, die von 24 \u00dcbungsleitern und ca. 15 Helfern betreut werden, ein breites Feld an sportlichen Aktivit\u00e4ten angeboten. Erweitert wurde diese Palette durch das Angebot Sport in der Krebsnachsorge.\nIm Bereich Aktives und Kinderturnen nahmen die 15 vorhandenen Gruppen an Wettk\u00e4mpfen, Festen sowie verschiedenen Lehrg\u00e4ngen teil.\nSo waren wir bei den Turnerjugendbestenwettk\u00e4mpfen und erzielten hier einen 1. und 3. Platz weiblich sowie einen 1. und 2. Platz bei den m\u00e4nnlichen Teilnehmern.\nEbenfalls gute Platzierungen wurden beim Gaukinderturnfest\nin Iffezheim erzielt.\nAuch bei den Jahrgangsbestenwettk\u00e4mpfen konnte ein 1. und 2. Platz erturnt werden.\nIn der Gauliga wurde unsere M\u00e4dchenriege sogar sensationell 1. Sieger von 9 Mannschaften, dies umso \u00fcberraschender, da wir nach\nJahren der Abstinenz zum ersten Mal wieder am Start waren.\nBei den m\u00e4nnlichen Turnern kam ebenfalls in der B-Klasse eine gute Leistung mit dem 2. Platz heraus, die sich sehen lassen kann.\nDie Eltern-Kind Gruppe besuchte das Kleinkinderturnfest in Gernsbach, das ganz im Zeichen des Themas Bauernhof stand. Die Kinder erlebten hier rundum bei bester Laune einen interessanten Tag.\nBei den internen Vereinsmeisterschaften am Dorffest konnten sich erneut Hannah Kreiser und Alexander Weber in die Vereinsgeschichte als Sieger eintragen.\n7 Turner durften 2 Tage an einem Trainingslager in Colmar teilnehmen und interessante Tipps mitnehmen und auch intensiv an den Ger\u00e4ten \u00fcben.\nIn Plittersdorf nahm eine Gruppe mit dem Auftritt \u201eTVW Mix \u2013 Akrobatik meets Turnen\u201c an der Veranstaltung des Turngaues Mittelbaden-Murgtal \u201eIt\u2019s Show Time\u201c teil und erntete dort viel Applaus.\nZus\u00e4tzlich beteiligten wir uns im Ort zus\u00e4tzlich an diversen Vereinsspielen.\nUm die Qualit\u00e4t der \u00dcbungsleiter hoch zu halten erm\u00f6glichen wir den Trainern den Besuch von Weiterbildungsma\u00dfnahmen. Patrick Schneider absolvierte erfolgreich den Trainerschein C und weitere 5 Teilnehmer d\u00fcrfen sich nun Minitrainer nennen.\n\n<p>\n\nJulia Fortmeier wurde einstimmig neu in den Turnrat f\u00fcr 1 Jahr aufgenommen, da Stephanie Streit nicht mehr zur Verf\u00fcgung steht.\n\n<p>\n\nEin schriftlicher Antrag an den Vorstand wurde eingereicht (die Walking-Gruppe betreffend) und vom 1. Vorsitzenden beantwortet.\n\n<p>\n\nSelbstverst\u00e4ndlich erfahren unsere treuen Mitglieder allj\u00e4hrlich eine besondere Wertsch\u00e4tzung.\n\n<p>\n\nF\u00fcr 25 Jahre Vereinszugeh\u00f6rigkeit wurden geehrt: Katharina H\u00e4nel, Ariane Gartner, Roswitha H\u00f6rth, Simone Weber, Kristina Schaaf, J\u00fcrgen Lampert, Thomas Diebold, Leander Klumpp, David Uhrig, Siegfried Jochintke, Matthias Hauns und Tobias Becker.\t\t\t\t\t<\/div>\n\t\t\t\t\t\t<\/div>\n\t\t\t\t<\/div>\n\t\t\t\t<div class=\"elementor-element elementor-element-1c9f6d6 elementor-widget elementor-widget-image\" data-id=\"1c9f6d6\" data-element_type=\"widget\" data-widget_type=\"image.default\">\n\t\t\t\t<div class=\"elementor-widget-container\">\n\t\t\t\t\t\t\t\t<div class=\"elementor-image\">\n\t\t\t\t\t\t\t\t\t\t\t\t<img decoding=\"async\" width=\"1024\" height=\"683\" src=\"https:\/\/tv-wintersdorf.de\/wp-content\/uploads\/2019\/01\/JHV_2019_25-Jahre-1024x683.jpg\" class=\"attachment-large size-large wp-image-2530\" alt=\"\" loading=\"lazy\" srcset=\"https:\/\/tv-wintersdorf.de\/wp-content\/uploads\/2019\/01\/JHV_2019_25-Jahre-1024x683.jpg 1024w, https:\/\/tv-wintersdorf.de\/wp-content\/uploads\/2019\/01\/JHV_2019_25-Jahre-300x200.jpg 300w, https:\/\/tv-wintersdorf.de\/wp-content\/uploads\/2019\/01\/JHV_2019_25-Jahre-768x512.jpg 768w\" sizes=\"(max-width: 1024px) 100vw, 1024px\" \/>\t\t\t\t\t\t\t\t\t\t\t\t\t\t<\/div>\n\t\t\t\t\t\t<\/div>\n\t\t\t\t<\/div>\n\t\t\t\t<div class=\"elementor-element elementor-element-e679033 elementor-widget elementor-widget-text-editor\" data-id=\"e679033\" data-element_type=\"widget\" data-widget_type=\"text-editor.default\">\n\t\t\t\t<div class=\"elementor-widget-container\">\n\t\t\t\t\t\t\t\t<div class=\"elementor-text-editor elementor-clearfix\">\n\t\t\t\t<span style=\"font-size: 12pt; font-family: Verdana;\">Bereits 40 Jahre sind Stefanie Dresel und Harald Kratzer im Turnverein. Als neue Ehrenmitglieder d\u00fcrfen wir k\u00fcnftig in unseren Reihen begr\u00fc\u00dfen: Otto Gre\u00df, Ruth Sprauer, Karin Ernst, Carola Pahl, Hedwig G\u00f6tz, Margarete Schaaf, Karolina Wurz, Heinrich Danner, Reinhold Rau, Helmut Gre\u00df und Herbert Gre\u00df.<\/span>\n\u200b\t\t\t\t\t<\/div>\n\t\t\t\t\t\t<\/div>\n\t\t\t\t<\/div>\n\t\t\t\t\t\t<\/div>\n\t\t\t\t\t<\/div>\n\t\t<\/div>\n\t\t\t\t\t\t\t\t<\/div>\n\t\t\t\t\t<\/div>\n\t\t<\/section>\n\t\t\t\t<section class=\"elementor-section elementor-top-section elementor-element elementor-element-78463a5 elementor-section-boxed elementor-section-height-default elementor-section-height-default\" data-id=\"78463a5\" data-element_type=\"section\">\n\t\t\t\t\t\t<div class=\"elementor-container elementor-column-gap-default\">\n\t\t\t\t\t\t\t<div class=\"elementor-row\">\n\t\t\t\t\t<div class=\"elementor-column elementor-col-100 elementor-top-column elementor-element elementor-element-d457cc9\" data-id=\"d457cc9\" data-element_type=\"column\">\n\t\t\t<div class=\"elementor-column-wrap elementor-element-populated\">\n\t\t\t\t\t\t\t<div class=\"elementor-widget-wrap\">\n\t\t\t\t\t\t<div class=\"elementor-element elementor-element-60fa25c elementor-widget elementor-widget-image\" data-id=\"60fa25c\" data-element_type=\"widget\" data-widget_type=\"image.default\">\n\t\t\t\t<div class=\"elementor-widget-container\">\n\t\t\t\t\t\t\t\t<div class=\"elementor-image\">\n\t\t\t\t\t\t\t\t\t\t\t\t<img decoding=\"async\" width=\"1024\" height=\"683\" src=\"https:\/\/tv-wintersdorf.de\/wp-content\/uploads\/2019\/01\/JHV_2019_Ehrenmitglieder_40_Jahre-1024x683.jpg\" class=\"attachment-large size-large wp-image-2531\" alt=\"\" loading=\"lazy\" srcset=\"https:\/\/tv-wintersdorf.de\/wp-content\/uploads\/2019\/01\/JHV_2019_Ehrenmitglieder_40_Jahre-1024x683.jpg 1024w, https:\/\/tv-wintersdorf.de\/wp-content\/uploads\/2019\/01\/JHV_2019_Ehrenmitglieder_40_Jahre-300x200.jpg 300w, https:\/\/tv-wintersdorf.de\/wp-content\/uploads\/2019\/01\/JHV_2019_Ehrenmitglieder_40_Jahre-768x512.jpg 768w\" sizes=\"(max-width: 1024px) 100vw, 1024px\" \/>\t\t\t\t\t\t\t\t\t\t\t\t\t\t<\/div>\n\t\t\t\t\t\t<\/div>\n\t\t\t\t<\/div>\n\t\t\t\t<div class=\"elementor-element elementor-element-f6f245f elementor-widget elementor-widget-text-editor\" data-id=\"f6f245f\" data-element_type=\"widget\" data-widget_type=\"text-editor.default\">\n\t\t\t\t<div class=\"elementor-widget-container\">\n\t\t\t\t\t\t\t\t<div class=\"elementor-text-editor elementor-clearfix\">\n\t\t\t\t<span style=\"font-size: 12pt; font-family: Verdana;\">\nBei der Verleihung des Sportabzeichens konnten wieder ca. 20 Teilnehmer eine Urkunde f\u00fcr sportliche Leistungen in Gold, Silber oder Bronze entgegen nehmen, teilweise f\u00fcr mehr als 20 Absolvierungen.\n\n\nIm Ausblick auf die Veranstaltungen liegt nart\u00fcrlich in diesem Jahr der Fokus auf dem 100 j\u00e4hrigen Vereinsjubil\u00e4um. Hier wird jeden Monat ein Event bzw. Beteiligung an einer Veranstaltung durchgef\u00fchrt. Sei es die Beteiligung und Bewirtung an der Narretei im Ried, die Vereinsehrungen, das Dorffest, die Jubil\u00e4umsgala, um nur einige zu nennen. Hierf\u00fcr w\u00fcnschte auch die Orstvorsteherin dem Turnverein alles Gute und dankte f\u00fcr die konstruktive Zusammenarbeit im abgelaufenen Jahr.<\/span>\t\t\t\t\t<\/div>\n\t\t\t\t\t\t<\/div>\n\t\t\t\t<\/div>\n\t\t\t\t\t\t<\/div>\n\t\t\t\t\t<\/div>\n\t\t<\/div>\n\t\t\t\t\t\t\t\t<\/div>\n\t\t\t\t\t<\/div>\n\t\t<\/section>\n\t\t\t\t\t\t\t\t\t<\/div>\n\t\t\t<\/div>\n\t\t\t\t\t<\/div>\n\t\t","protected":false},"excerpt":{"rendered":"<p>Turnverein Wintersdorf 1919 e.V. Jahreshauptversammlung 2019 103 interessierte Mitglieder folgten der Einladung ins Gemeindezentrum zur Jahreshauptversammlung des Turnvereins Wintersdorf. Der 1. Vorsitzende Martin Hauns blickte in seinem Gesch\u00e4ftsbericht auf die Veranstaltungen im abgelaufenen Gesch\u00e4ftsjahr zur\u00fcck. So war der Turnverein wieder an der Narretei mit 5 Gruppen beteiligt, beim Landesturnfest in Weinheim durften wir nat\u00fcrlich auch [&hellip;]<\/p>\n","protected":false},"author":3,"featured_media":0,"parent":0,"menu_order":0,"comment_status":"closed","ping_status":"closed","template":"","meta":[],"_links":{"self":[{"href":"https:\/\/tv-wintersdorf.de\/index.php?rest_route=\/wp\/v2\/pages\/2524"}],"collection":[{"href":"https:\/\/tv-wintersdorf.de\/index.php?rest_route=\/wp\/v2\/pages"}],"about":[{"href":"https:\/\/tv-wintersdorf.de\/index.php?rest_route=\/wp\/v2\/types\/page"}],"author":[{"embeddable":true,"href":"https:\/\/tv-wintersdorf.de\/index.php?rest_route=\/wp\/v2\/users\/3"}],"replies":[{"embeddable":true,"href":"https:\/\/tv-wintersdorf.de\/index.php?rest_route=%2Fwp%2Fv2%2Fcomments&post=2524"}],"version-history":[{"count":16,"href":"https:\/\/tv-wintersdorf.de\/index.php?rest_route=\/wp\/v2\/pages\/2524\/revisions"}],"predecessor-version":[{"id":5156,"href":"https:\/\/tv-wintersdorf.de\/index.php?rest_route=\/wp\/v2\/pages\/2524\/revisions\/5156"}],"wp:attachment":[{"href":"https:\/\/tv-wintersdorf.de\/index.php?rest_route=%2Fwp%2Fv2%2Fmedia&parent=2524"}],"curies":[{"name":"wp","href":"https:\/\/api.w.org\/{rel}","templated":true}]}}