{"id":268,"date":"2018-12-19T18:24:59","date_gmt":"2018-12-19T18:24:59","guid":{"rendered":"http:\/\/tv-wintersdorf.de\/?page_id=268"},"modified":"2026-04-15T08:20:01","modified_gmt":"2026-04-15T08:20:01","slug":"home-10-3","status":"publish","type":"page","link":"https:\/\/tv-wintersdorf.de\/?page_id=268","title":{"rendered":"FB_Infos (alt)"},"content":{"rendered":"\t\t<div data-elementor-type=\"wp-post\" data-elementor-id=\"268\" class=\"elementor elementor-268\">\n\t\t\t\t\t\t<div class=\"elementor-inner\">\n\t\t\t\t<div class=\"elementor-section-wrap\">\n\t\t\t\t\t\t\t\t\t<section class=\"elementor-section elementor-top-section elementor-element elementor-element-25919ae elementor-section-boxed elementor-section-height-default elementor-section-height-default\" data-id=\"25919ae\" data-element_type=\"section\">\n\t\t\t\t\t\t<div class=\"elementor-container elementor-column-gap-default\">\n\t\t\t\t\t\t\t<div class=\"elementor-row\">\n\t\t\t\t\t<div class=\"elementor-column elementor-col-33 elementor-top-column elementor-element elementor-element-e324ff6\" data-id=\"e324ff6\" data-element_type=\"column\">\n\t\t\t<div class=\"elementor-column-wrap elementor-element-populated\">\n\t\t\t\t\t\t\t<div class=\"elementor-widget-wrap\">\n\t\t\t\t\t\t<div class=\"elementor-element elementor-element-df9d12c elementor-widget elementor-widget-image\" data-id=\"df9d12c\" data-element_type=\"widget\" data-widget_type=\"image.default\">\n\t\t\t\t<div class=\"elementor-widget-container\">\n\t\t\t\t\t\t\t\t<div class=\"elementor-image\">\n\t\t\t\t\t\t\t\t\t\t\t\t\t<a href=\"https:\/\/tv-wintersdorf.de\/\">\n\t\t\t\t\t\t\t<img decoding=\"async\" width=\"601\" height=\"355\" src=\"https:\/\/tv-wintersdorf.de\/wp-content\/uploads\/2020\/03\/Logo_Normal.jpg\" class=\"attachment-large size-large wp-image-4182\" alt=\"\" loading=\"lazy\" srcset=\"https:\/\/tv-wintersdorf.de\/wp-content\/uploads\/2020\/03\/Logo_Normal.jpg 601w, https:\/\/tv-wintersdorf.de\/wp-content\/uploads\/2020\/03\/Logo_Normal-300x177.jpg 300w, https:\/\/tv-wintersdorf.de\/wp-content\/uploads\/2020\/03\/elementor\/thumbs\/Logo_Normal-om9mlzpm3er39u5urhaj8otivup3vnofg27y7j704o.jpg 5w\" sizes=\"(max-width: 601px) 100vw, 601px\" \/>\t\t\t\t\t\t\t\t<\/a>\n\t\t\t\t\t\t\t\t\t\t\t\t\t\t<\/div>\n\t\t\t\t\t\t<\/div>\n\t\t\t\t<\/div>\n\t\t\t\t\t\t<\/div>\n\t\t\t\t\t<\/div>\n\t\t<\/div>\n\t\t\t\t<div class=\"elementor-column elementor-col-33 elementor-top-column elementor-element elementor-element-ff69041\" data-id=\"ff69041\" data-element_type=\"column\">\n\t\t\t<div class=\"elementor-column-wrap elementor-element-populated\">\n\t\t\t\t\t\t\t<div class=\"elementor-widget-wrap\">\n\t\t\t\t\t\t<div class=\"elementor-element elementor-element-9030452 elementor-widget elementor-widget-heading\" data-id=\"9030452\" data-element_type=\"widget\" data-widget_type=\"heading.default\">\n\t\t\t\t<div class=\"elementor-widget-container\">\n\t\t\t<h2 class=\"elementor-heading-title elementor-size-default\">Turnverein Wintersdorf 1919 e.V.<\/h2>\t\t<\/div>\n\t\t\t\t<\/div>\n\t\t\t\t\t\t<\/div>\n\t\t\t\t\t<\/div>\n\t\t<\/div>\n\t\t\t\t<div class=\"elementor-column elementor-col-33 elementor-top-column elementor-element elementor-element-d3fe1c0\" data-id=\"d3fe1c0\" data-element_type=\"column\">\n\t\t\t<div class=\"elementor-column-wrap elementor-element-populated\">\n\t\t\t\t\t\t\t<div class=\"elementor-widget-wrap\">\n\t\t\t\t\t\t<div class=\"elementor-element elementor-element-0accb46 elementor-widget elementor-widget-image\" data-id=\"0accb46\" data-element_type=\"widget\" data-widget_type=\"image.default\">\n\t\t\t\t<div class=\"elementor-widget-container\">\n\t\t\t\t\t\t\t\t<div class=\"elementor-image\">\n\t\t\t\t\t\t\t\t\t\t\t\t\t<a href=\"https:\/\/tv-wintersdorf.de\/\">\n\t\t\t\t\t\t\t<img decoding=\"async\" src=\"https:\/\/tv-wintersdorf.de\/wp-content\/uploads\/elementor\/thumbs\/logo2-o0ln8w9kk8lp92bz1q8gvw18xtxas6p0t7maay76fk.png\" title=\"logo2\" alt=\"logo2\" loading=\"lazy\" \/>\t\t\t\t\t\t\t\t<\/a>\n\t\t\t\t\t\t\t\t\t\t\t\t\t\t<\/div>\n\t\t\t\t\t\t<\/div>\n\t\t\t\t<\/div>\n\t\t\t\t\t\t<\/div>\n\t\t\t\t\t<\/div>\n\t\t<\/div>\n\t\t\t\t\t\t\t\t<\/div>\n\t\t\t\t\t<\/div>\n\t\t<\/section>\n\t\t\t\t<section class=\"elementor-section elementor-top-section elementor-element elementor-element-93c9063 elementor-section-boxed elementor-section-height-default elementor-section-height-default\" data-id=\"93c9063\" data-element_type=\"section\">\n\t\t\t\t\t\t<div class=\"elementor-container elementor-column-gap-default\">\n\t\t\t\t\t\t\t<div class=\"elementor-row\">\n\t\t\t\t\t<div class=\"elementor-column elementor-col-100 elementor-top-column elementor-element elementor-element-e3456fb\" data-id=\"e3456fb\" data-element_type=\"column\">\n\t\t\t<div class=\"elementor-column-wrap elementor-element-populated\">\n\t\t\t\t\t\t\t<div class=\"elementor-widget-wrap\">\n\t\t\t\t\t\t<div class=\"elementor-element elementor-element-6e7d1c0 elementor-arrows-position-inside elementor-pagination-position-outside elementor-widget elementor-widget-image-carousel\" data-id=\"6e7d1c0\" data-element_type=\"widget\" data-settings=\"{&quot;slides_to_show&quot;:&quot;3&quot;,&quot;slides_to_scroll&quot;:&quot;3&quot;,&quot;navigation&quot;:&quot;both&quot;,&quot;autoplay&quot;:&quot;yes&quot;,&quot;pause_on_hover&quot;:&quot;yes&quot;,&quot;pause_on_interaction&quot;:&quot;yes&quot;,&quot;autoplay_speed&quot;:5000,&quot;infinite&quot;:&quot;yes&quot;,&quot;speed&quot;:500,&quot;image_spacing_custom&quot;:{&quot;unit&quot;:&quot;px&quot;,&quot;size&quot;:20,&quot;sizes&quot;:[]}}\" data-widget_type=\"image-carousel.default\">\n\t\t\t\t<div class=\"elementor-widget-container\">\n\t\t\t\t\t<div class=\"elementor-image-carousel-wrapper swiper-container\" dir=\"ltr\">\n\t\t\t<div class=\"elementor-image-carousel swiper-wrapper\">\n\t\t\t\t\t\t\t\t<div class=\"swiper-slide\"><a data-elementor-open-lightbox=\"yes\" data-elementor-lightbox-slideshow=\"6e7d1c0\" data-elementor-lightbox-title=\"[000034]\" e-action-hash=\"#elementor-action%3Aaction%3Dlightbox%26settings%3DeyJpZCI6MjcwLCJ1cmwiOiJodHRwczpcL1wvdHYtd2ludGVyc2RvcmYuZGVcL3dwLWNvbnRlbnRcL3VwbG9hZHNcLzIwMThcLzEyXC8wMDAwMzQuanBnIiwic2xpZGVzaG93IjoiNmU3ZDFjMCJ9\" href=\"https:\/\/tv-wintersdorf.de\/wp-content\/uploads\/2018\/12\/000034.jpg\"><figure class=\"swiper-slide-inner\"><img decoding=\"async\" class=\"swiper-slide-image\" src=\"https:\/\/tv-wintersdorf.de\/wp-content\/uploads\/2018\/12\/000034-300x200.jpg\" alt=\"[000034]\" \/><\/figure><\/a><\/div><div class=\"swiper-slide\"><a data-elementor-open-lightbox=\"yes\" data-elementor-lightbox-slideshow=\"6e7d1c0\" data-elementor-lightbox-title=\"IMG_0013\" e-action-hash=\"#elementor-action%3Aaction%3Dlightbox%26settings%3DeyJpZCI6MjcxLCJ1cmwiOiJodHRwczpcL1wvdHYtd2ludGVyc2RvcmYuZGVcL3dwLWNvbnRlbnRcL3VwbG9hZHNcLzIwMThcLzEyXC9JTUdfMDAxMy5qcGciLCJzbGlkZXNob3ciOiI2ZTdkMWMwIn0%3D\" href=\"https:\/\/tv-wintersdorf.de\/wp-content\/uploads\/2018\/12\/IMG_0013.jpg\"><figure class=\"swiper-slide-inner\"><img decoding=\"async\" class=\"swiper-slide-image\" src=\"https:\/\/tv-wintersdorf.de\/wp-content\/uploads\/2018\/12\/IMG_0013-300x200.jpg\" alt=\"IMG_0013\" \/><\/figure><\/a><\/div><div class=\"swiper-slide\"><a data-elementor-open-lightbox=\"yes\" data-elementor-lightbox-slideshow=\"6e7d1c0\" data-elementor-lightbox-title=\"IMG_0018\" e-action-hash=\"#elementor-action%3Aaction%3Dlightbox%26settings%3DeyJpZCI6MjcyLCJ1cmwiOiJodHRwczpcL1wvdHYtd2ludGVyc2RvcmYuZGVcL3dwLWNvbnRlbnRcL3VwbG9hZHNcLzIwMThcLzEyXC9JTUdfMDAxOC5qcGciLCJzbGlkZXNob3ciOiI2ZTdkMWMwIn0%3D\" href=\"https:\/\/tv-wintersdorf.de\/wp-content\/uploads\/2018\/12\/IMG_0018.jpg\"><figure class=\"swiper-slide-inner\"><img decoding=\"async\" class=\"swiper-slide-image\" src=\"https:\/\/tv-wintersdorf.de\/wp-content\/uploads\/2018\/12\/IMG_0018-300x200.jpg\" alt=\"IMG_0018\" \/><\/figure><\/a><\/div><div class=\"swiper-slide\"><a data-elementor-open-lightbox=\"yes\" data-elementor-lightbox-slideshow=\"6e7d1c0\" data-elementor-lightbox-title=\"IMG_0019\" e-action-hash=\"#elementor-action%3Aaction%3Dlightbox%26settings%3DeyJpZCI6MjczLCJ1cmwiOiJodHRwczpcL1wvdHYtd2ludGVyc2RvcmYuZGVcL3dwLWNvbnRlbnRcL3VwbG9hZHNcLzIwMThcLzEyXC9JTUdfMDAxOS0xLmpwZyIsInNsaWRlc2hvdyI6IjZlN2QxYzAifQ%3D%3D\" href=\"https:\/\/tv-wintersdorf.de\/wp-content\/uploads\/2018\/12\/IMG_0019-1.jpg\"><figure class=\"swiper-slide-inner\"><img decoding=\"async\" class=\"swiper-slide-image\" src=\"https:\/\/tv-wintersdorf.de\/wp-content\/uploads\/2018\/12\/IMG_0019-1-300x200.jpg\" alt=\"IMG_0019\" \/><\/figure><\/a><\/div><div class=\"swiper-slide\"><a data-elementor-open-lightbox=\"yes\" data-elementor-lightbox-slideshow=\"6e7d1c0\" data-elementor-lightbox-title=\"IMG_0035\" e-action-hash=\"#elementor-action%3Aaction%3Dlightbox%26settings%3DeyJpZCI6Mjc0LCJ1cmwiOiJodHRwczpcL1wvdHYtd2ludGVyc2RvcmYuZGVcL3dwLWNvbnRlbnRcL3VwbG9hZHNcLzIwMThcLzEyXC9JTUdfMDAzNS0xLmpwZyIsInNsaWRlc2hvdyI6IjZlN2QxYzAifQ%3D%3D\" href=\"https:\/\/tv-wintersdorf.de\/wp-content\/uploads\/2018\/12\/IMG_0035-1.jpg\"><figure class=\"swiper-slide-inner\"><img decoding=\"async\" class=\"swiper-slide-image\" src=\"https:\/\/tv-wintersdorf.de\/wp-content\/uploads\/2018\/12\/IMG_0035-1-300x200.jpg\" alt=\"IMG_0035\" \/><\/figure><\/a><\/div><div class=\"swiper-slide\"><a data-elementor-open-lightbox=\"yes\" data-elementor-lightbox-slideshow=\"6e7d1c0\" data-elementor-lightbox-title=\"IMG_2620\" e-action-hash=\"#elementor-action%3Aaction%3Dlightbox%26settings%3DeyJpZCI6Mjc1LCJ1cmwiOiJodHRwczpcL1wvdHYtd2ludGVyc2RvcmYuZGVcL3dwLWNvbnRlbnRcL3VwbG9hZHNcLzIwMThcLzEyXC9JTUdfMjYyMC5qcGciLCJzbGlkZXNob3ciOiI2ZTdkMWMwIn0%3D\" href=\"https:\/\/tv-wintersdorf.de\/wp-content\/uploads\/2018\/12\/IMG_2620.jpg\"><figure class=\"swiper-slide-inner\"><img decoding=\"async\" class=\"swiper-slide-image\" src=\"https:\/\/tv-wintersdorf.de\/wp-content\/uploads\/2018\/12\/IMG_2620-300x200.jpg\" alt=\"IMG_2620\" \/><\/figure><\/a><\/div>\t\t\t<\/div>\n\t\t\t\t\t\t\t\t\t\t\t\t<div class=\"swiper-pagination\"><\/div>\n\t\t\t\t\t\t\t\t\t\t\t\t\t<div class=\"elementor-swiper-button elementor-swiper-button-prev\">\n\t\t\t\t\t\t<i aria-hidden=\"true\" class=\"eicon-chevron-left\"><\/i>\t\t\t\t\t\t<span class=\"elementor-screen-only\">Zur\u00fcck<\/span>\n\t\t\t\t\t<\/div>\n\t\t\t\t\t<div class=\"elementor-swiper-button elementor-swiper-button-next\">\n\t\t\t\t\t\t<i aria-hidden=\"true\" class=\"eicon-chevron-right\"><\/i>\t\t\t\t\t\t<span class=\"elementor-screen-only\">Weiter<\/span>\n\t\t\t\t\t<\/div>\n\t\t\t\t\t\t\t\t\t<\/div>\n\t\t\t\t<\/div>\n\t\t\t\t<\/div>\n\t\t\t\t\t\t<\/div>\n\t\t\t\t\t<\/div>\n\t\t<\/div>\n\t\t\t\t\t\t\t\t<\/div>\n\t\t\t\t\t<\/div>\n\t\t<\/section>\n\t\t\t\t<section class=\"elementor-section elementor-top-section elementor-element elementor-element-8858d94 elementor-section-boxed elementor-section-height-default elementor-section-height-default\" data-id=\"8858d94\" data-element_type=\"section\">\n\t\t\t\t\t\t<div class=\"elementor-container elementor-column-gap-default\">\n\t\t\t\t\t\t\t<div class=\"elementor-row\">\n\t\t\t\t\t<div class=\"elementor-column elementor-col-100 elementor-top-column elementor-element elementor-element-a0d7d56\" data-id=\"a0d7d56\" data-element_type=\"column\">\n\t\t\t<div class=\"elementor-column-wrap elementor-element-populated\">\n\t\t\t\t\t\t\t<div class=\"elementor-widget-wrap\">\n\t\t\t\t\t\t<div class=\"elementor-element elementor-element-243c811 elementor-widget elementor-widget-heading\" data-id=\"243c811\" data-element_type=\"widget\" data-widget_type=\"heading.default\">\n\t\t\t\t<div class=\"elementor-widget-container\">\n\t\t\t<h2 class=\"elementor-heading-title elementor-size-default\">Freizeit- und Breitensport<\/h2>\t\t<\/div>\n\t\t\t\t<\/div>\n\t\t\t\t<div class=\"elementor-element elementor-element-47cac85 elementor-widget elementor-widget-text-editor\" data-id=\"47cac85\" data-element_type=\"widget\" data-widget_type=\"text-editor.default\">\n\t\t\t\t<div class=\"elementor-widget-container\">\n\t\t\t\t\t\t\t\t<div class=\"elementor-text-editor elementor-clearfix\">\n\t\t\t\t<p class=\"MsoNormal\" style=\"margin: 0cm 0cm 0.0001pt; font-size: 12pt; font-family: Verdana, sans-serif; caret-color: #000000; color: #000000; font-style: normal; font-variant-caps: normal;\">Dem Bereich Freizeit- und Breitensport sind ausschlie\u00dflich Erwachsenengruppen unterstellt. Bei diesen Gruppen soll die k\u00f6rperliche Fitness erhalten oder verbessert und Bewegungsmangel im Alltag ausgeglichen, werden.\nDiese Gruppen sind schon seit vielen Jahren im Turnverein sehr etabliert und fester Bestandteile im w\u00f6chentlichen Turnhallenkalender.\nDer Spa\u00df und die Gemeinschaft stehen im Vordergrund, deshalb ist es nicht das Ziel Wettk\u00e4mpfe zu bestreiten oder leistungsorientiertes Training zu verfolgen.\nDie Gruppen zeigen ihr K\u00f6nnen auch bei verschiedenen Veranstaltungen, wie z.B. die Gymnastikgruppe bei der Narretei im Ried oder die Rock\u2019n Roll Gruppe bei Deutschen- sowie Landesturnfesten.\nAuch die Geselligkeit au\u00dferhalb der Trainingsstunden darf nicht zu kurz kommen und so unternehmen diese Gruppen auch immer wieder Ausfl\u00fcge und gemeinsame Treffen.<\/p>\t\t\t\t\t<\/div>\n\t\t\t\t\t\t<\/div>\n\t\t\t\t<\/div>\n\t\t\t\t\t\t<\/div>\n\t\t\t\t\t<\/div>\n\t\t<\/div>\n\t\t\t\t\t\t\t\t<\/div>\n\t\t\t\t\t<\/div>\n\t\t<\/section>\n\t\t\t\t\t\t\t\t\t<\/div>\n\t\t\t<\/div>\n\t\t\t\t\t<\/div>\n\t\t","protected":false},"excerpt":{"rendered":"<p>Turnverein Wintersdorf 1919 e.V. Zur\u00fcck Weiter Freizeit- und Breitensport Dem Bereich Freizeit- und Breitensport sind ausschlie\u00dflich Erwachsenengruppen unterstellt. Bei diesen Gruppen soll die k\u00f6rperliche Fitness erhalten oder verbessert und Bewegungsmangel im Alltag ausgeglichen, werden. Diese Gruppen sind schon seit vielen Jahren im Turnverein sehr etabliert und fester Bestandteile im w\u00f6chentlichen Turnhallenkalender. Der Spa\u00df und die [&hellip;]<\/p>\n","protected":false},"author":1,"featured_media":0,"parent":0,"menu_order":0,"comment_status":"closed","ping_status":"closed","template":"","meta":[],"_links":{"self":[{"href":"https:\/\/tv-wintersdorf.de\/index.php?rest_route=\/wp\/v2\/pages\/268"}],"collection":[{"href":"https:\/\/tv-wintersdorf.de\/index.php?rest_route=\/wp\/v2\/pages"}],"about":[{"href":"https:\/\/tv-wintersdorf.de\/index.php?rest_route=\/wp\/v2\/types\/page"}],"author":[{"embeddable":true,"href":"https:\/\/tv-wintersdorf.de\/index.php?rest_route=\/wp\/v2\/users\/1"}],"replies":[{"embeddable":true,"href":"https:\/\/tv-wintersdorf.de\/index.php?rest_route=%2Fwp%2Fv2%2Fcomments&post=268"}],"version-history":[{"count":14,"href":"https:\/\/tv-wintersdorf.de\/index.php?rest_route=\/wp\/v2\/pages\/268\/revisions"}],"predecessor-version":[{"id":7302,"href":"https:\/\/tv-wintersdorf.de\/index.php?rest_route=\/wp\/v2\/pages\/268\/revisions\/7302"}],"wp:attachment":[{"href":"https:\/\/tv-wintersdorf.de\/index.php?rest_route=%2Fwp%2Fv2%2Fmedia&parent=268"}],"curies":[{"name":"wp","href":"https:\/\/api.w.org\/{rel}","templated":true}]}}