{"id":2919,"date":"2019-03-20T19:43:30","date_gmt":"2019-03-20T19:43:30","guid":{"rendered":"http:\/\/tv-wintersdorf.de\/?page_id=2919"},"modified":"2022-03-26T18:38:19","modified_gmt":"2022-03-26T18:38:19","slug":"home-8-3-2-21-2-2-2","status":"publish","type":"page","link":"https:\/\/tv-wintersdorf.de\/?page_id=2919","title":{"rendered":"Ehrungsevent_Bericht_2019"},"content":{"rendered":"\t\t<div data-elementor-type=\"wp-post\" data-elementor-id=\"2919\" class=\"elementor elementor-2919\">\n\t\t\t\t\t\t<div class=\"elementor-inner\">\n\t\t\t\t<div class=\"elementor-section-wrap\">\n\t\t\t\t\t\t\t\t\t<section class=\"elementor-section elementor-top-section elementor-element elementor-element-25919ae elementor-section-boxed elementor-section-height-default elementor-section-height-default\" data-id=\"25919ae\" data-element_type=\"section\">\n\t\t\t\t\t\t<div class=\"elementor-container elementor-column-gap-default\">\n\t\t\t\t\t\t\t<div class=\"elementor-row\">\n\t\t\t\t\t<div class=\"elementor-column elementor-col-33 elementor-top-column elementor-element elementor-element-e324ff6\" data-id=\"e324ff6\" data-element_type=\"column\">\n\t\t\t<div class=\"elementor-column-wrap elementor-element-populated\">\n\t\t\t\t\t\t\t<div class=\"elementor-widget-wrap\">\n\t\t\t\t\t\t<div class=\"elementor-element elementor-element-df9d12c elementor-widget elementor-widget-image\" data-id=\"df9d12c\" data-element_type=\"widget\" data-widget_type=\"image.default\">\n\t\t\t\t<div class=\"elementor-widget-container\">\n\t\t\t\t\t\t\t\t<div class=\"elementor-image\">\n\t\t\t\t\t\t\t\t\t\t\t\t\t<a href=\"https:\/\/tv-wintersdorf.de\/\">\n\t\t\t\t\t\t\t<img decoding=\"async\" width=\"601\" height=\"355\" src=\"https:\/\/tv-wintersdorf.de\/wp-content\/uploads\/2020\/03\/Logo_Normal.jpg\" class=\"attachment-large size-large wp-image-4182\" alt=\"\" loading=\"lazy\" srcset=\"https:\/\/tv-wintersdorf.de\/wp-content\/uploads\/2020\/03\/Logo_Normal.jpg 601w, https:\/\/tv-wintersdorf.de\/wp-content\/uploads\/2020\/03\/Logo_Normal-300x177.jpg 300w, https:\/\/tv-wintersdorf.de\/wp-content\/uploads\/2020\/03\/elementor\/thumbs\/Logo_Normal-om9mlzpm3er39u5urhaj8otivup3vnofg27y7j704o.jpg 5w\" sizes=\"(max-width: 601px) 100vw, 601px\" \/>\t\t\t\t\t\t\t\t<\/a>\n\t\t\t\t\t\t\t\t\t\t\t\t\t\t<\/div>\n\t\t\t\t\t\t<\/div>\n\t\t\t\t<\/div>\n\t\t\t\t\t\t<\/div>\n\t\t\t\t\t<\/div>\n\t\t<\/div>\n\t\t\t\t<div class=\"elementor-column elementor-col-33 elementor-top-column elementor-element elementor-element-ff69041\" data-id=\"ff69041\" data-element_type=\"column\">\n\t\t\t<div class=\"elementor-column-wrap elementor-element-populated\">\n\t\t\t\t\t\t\t<div class=\"elementor-widget-wrap\">\n\t\t\t\t\t\t<div class=\"elementor-element elementor-element-9030452 elementor-widget elementor-widget-heading\" data-id=\"9030452\" data-element_type=\"widget\" data-widget_type=\"heading.default\">\n\t\t\t\t<div class=\"elementor-widget-container\">\n\t\t\t<h2 class=\"elementor-heading-title elementor-size-default\">Turnverein Wintersdorf 1919 e.V.<\/h2>\t\t<\/div>\n\t\t\t\t<\/div>\n\t\t\t\t\t\t<\/div>\n\t\t\t\t\t<\/div>\n\t\t<\/div>\n\t\t\t\t<div class=\"elementor-column elementor-col-33 elementor-top-column elementor-element elementor-element-d3fe1c0\" data-id=\"d3fe1c0\" data-element_type=\"column\">\n\t\t\t<div class=\"elementor-column-wrap elementor-element-populated\">\n\t\t\t\t\t\t\t<div class=\"elementor-widget-wrap\">\n\t\t\t\t\t\t<div class=\"elementor-element elementor-element-0accb46 elementor-widget elementor-widget-image\" data-id=\"0accb46\" data-element_type=\"widget\" data-widget_type=\"image.default\">\n\t\t\t\t<div class=\"elementor-widget-container\">\n\t\t\t\t\t\t\t\t<div class=\"elementor-image\">\n\t\t\t\t\t\t\t\t\t\t\t\t\t<a href=\"https:\/\/tv-wintersdorf.de\/\">\n\t\t\t\t\t\t\t<img decoding=\"async\" src=\"https:\/\/tv-wintersdorf.de\/wp-content\/uploads\/elementor\/thumbs\/logo2-o0ln8w9kk8lp92bz1q8gvw18xtxas6p0t7maay76fk.png\" title=\"logo2\" alt=\"logo2\" loading=\"lazy\" \/>\t\t\t\t\t\t\t\t<\/a>\n\t\t\t\t\t\t\t\t\t\t\t\t\t\t<\/div>\n\t\t\t\t\t\t<\/div>\n\t\t\t\t<\/div>\n\t\t\t\t\t\t<\/div>\n\t\t\t\t\t<\/div>\n\t\t<\/div>\n\t\t\t\t\t\t\t\t<\/div>\n\t\t\t\t\t<\/div>\n\t\t<\/section>\n\t\t\t\t<section class=\"elementor-section elementor-top-section elementor-element elementor-element-192fb37 elementor-section-boxed elementor-section-height-default elementor-section-height-default\" data-id=\"192fb37\" data-element_type=\"section\">\n\t\t\t\t\t\t<div class=\"elementor-container elementor-column-gap-default\">\n\t\t\t\t\t\t\t<div class=\"elementor-row\">\n\t\t\t\t\t<div class=\"elementor-column elementor-col-100 elementor-top-column elementor-element elementor-element-b7a404a\" data-id=\"b7a404a\" data-element_type=\"column\">\n\t\t\t<div class=\"elementor-column-wrap elementor-element-populated\">\n\t\t\t\t\t\t\t<div class=\"elementor-widget-wrap\">\n\t\t\t\t\t\t<div class=\"elementor-element elementor-element-131ecd8 elementor-widget elementor-widget-heading\" data-id=\"131ecd8\" data-element_type=\"widget\" data-widget_type=\"heading.default\">\n\t\t\t\t<div class=\"elementor-widget-container\">\n\t\t\t<h2 class=\"elementor-heading-title elementor-size-default\">Ehrungsevent 2019\n<br><\/h2>\t\t<\/div>\n\t\t\t\t<\/div>\n\t\t\t\t<div class=\"elementor-element elementor-element-04e4e4e elementor-widget elementor-widget-text-editor\" data-id=\"04e4e4e\" data-element_type=\"widget\" data-widget_type=\"text-editor.default\">\n\t\t\t\t<div class=\"elementor-widget-container\">\n\t\t\t\t\t\t\t\t<div class=\"elementor-text-editor elementor-clearfix\">\n\t\t\t\t\t\t\t\t\t<\/div>\n\t\t\t\t\t\t<\/div>\n\t\t\t\t<\/div>\n\t\t\t\t\t\t<\/div>\n\t\t\t\t\t<\/div>\n\t\t<\/div>\n\t\t\t\t\t\t\t\t<\/div>\n\t\t\t\t\t<\/div>\n\t\t<\/section>\n\t\t\t\t<section class=\"elementor-section elementor-top-section elementor-element elementor-element-78463a5 elementor-section-boxed elementor-section-height-default elementor-section-height-default\" data-id=\"78463a5\" data-element_type=\"section\">\n\t\t\t\t\t\t<div class=\"elementor-container elementor-column-gap-default\">\n\t\t\t\t\t\t\t<div class=\"elementor-row\">\n\t\t\t\t\t<div class=\"elementor-column elementor-col-100 elementor-top-column elementor-element elementor-element-d457cc9\" data-id=\"d457cc9\" data-element_type=\"column\">\n\t\t\t<div class=\"elementor-column-wrap elementor-element-populated\">\n\t\t\t\t\t\t\t<div class=\"elementor-widget-wrap\">\n\t\t\t\t\t\t<div class=\"elementor-element elementor-element-d5bfd9d elementor-widget elementor-widget-text-editor\" data-id=\"d5bfd9d\" data-element_type=\"widget\" data-widget_type=\"text-editor.default\">\n\t\t\t\t<div class=\"elementor-widget-container\">\n\t\t\t\t\t\t\t\t<div class=\"elementor-text-editor elementor-clearfix\">\n\t\t\t\t<p>In der gut besuchten und festlich geschm\u00fcckten Turnhalle, die zun\u00e4chst \u00fcber einen roten Teppich in die R\u00e4umlichkeiten f\u00fchrte, wurde vergangenen Sonntag das Ehrungsevent des Turnvereins anl\u00e4sslich des 100-j\u00e4hrigen Jubil\u00e4ums veranstaltet.<\/p><p>Im Mittelpunkt standen die vielen langj\u00e4hrigen, engagierten Vereinsmitglieder, ohne die unser Verein nicht lebensf\u00e4hig w\u00e4re. Dies betonte auch Vorsitzender Martin Hauns in seiner Er\u00f6ffnungsansprache. Anschlie\u00dfend \u00fcbernahm Roman Melcher das Mikrofon und moderierte souver\u00e4n und gekonnt leger das rund zweieinhalbst\u00fcndige Rahmenprogramm. Helmut Weiland blickte dann in seiner Festrede auf die spannende Geschichte unseres 1 Jahrhundert \u201ejungen\u201c Vereins. Schnell wurde hier deutlich, dass es die eine oder andere schwierige Zeit zu \u00fcberstehen galt , gerade \u00fcber die Kriegsjahre des zweiten Weltkrieges sogar der \u00dcbungsbetrieb komplett eingestellt werden musste. Erst durch die Zwangsehe mit den Fu\u00dfballern im Mai 1948 erhielt man von den franz\u00f6sischen Besatzungsm\u00e4chten eine Genehmigung zur Betreibung eines gemeinsamen Sportvereins. Wie so oft bei Zwangsehen ging auch diese Verbindung nicht gut und so trennten sich die beiden Abteilungen 1967 wieder in eigenst\u00e4ndige Vereine. Seit dieser Zeit hat sich vieles bis zum heutigen Tage ver\u00e4ndert und weiterentwickelt und so darf man heute auf mehr als 50 Gruppen, vom Kleinkinderturnen bis zum Seniorensport, blicken. Erweitert wird dieses Angebot sogar noch durch zus\u00e4tzliche Kursprogramme, die sich immer gr\u00f6\u00dferer Beliebtheit erfreuen. Auch im Dorfleben ist der Turnverein mit seinen rund 800 Mitgliedern sicherlich nicht mehr weg zu denken, wie auch sp\u00e4ter B\u00fcrgermeister Arne Pfirrmann betonte, der die Wichtigkeit des Turnvereins ebenfalls unterstrich und die Sportplakette des Bundespr\u00e4sidenten \u00fcberreichte. Der Ortsvorsteherin Daniela Schneider fiel in ihren Gru\u00dfworten auf, dass der Turnverein sowohl 10 Farben f\u00fcr die verschiedenen Gruppen verwendet als auch das Wort \u201eTurnverein\u201c 10 Buchstaben beinhaltet und konnte auch jedem einzelnen eine den Jubilar pr\u00e4genden Charaktereigenschaft zuordnen. Otto Wetzel gratulierte von den \u00f6rtlichen Vereinen und Annerose Schmidhuber ergriff f\u00fcr die befreundeten Turnvereine in der Umgebung das Wort zum Gl\u00fcckwunsch.<\/p><p>Andreas Stahlberger, Vorsitzender des Turngaues Mittelbaden-Murgtal, bescheinigte dem Turnverein ebenfalls gro\u00dfes Engagement auch im Turngau, so ist man z.B. immer mit einer starken Mannschaft bei den Turnfesten vertreten und kann sich auf unsere Unterst\u00fctzung stets verlassen. Er verlieh f\u00fcr langj\u00e4hriges ehrenamtliches Engagement die Turngauehrennadel in Silber an: Isabelle Hauns, Diana Hauns, Michael G\u00f6tz, Daniel Kratzer, Timo Haak, J\u00fcrgen Lampert und Harald Kratzer. Mit Gold geehrt wurden: Gabriele H\u00e4nel, Monique H\u00fcbner, Rolf Kreiser, Dr. Michael G\u00f6tz, Joachim Hauns, Michael Hauns, Franz Wetzel und Thomas Diebold.<\/p><p>Die Vizepr\u00e4sidentin des Badischen Turnerbundes, Magdalena Heer, \u00fcbergab dem Turnverein das goldene Fahnenband, das gut zur neu restaurierten Vereinsfahne passt. Zudem zeichnete sie stellvertretend f\u00fcr den Deutschen Turnerbund Beatrice Kreiser, Tanja Melcher, Karin Hauns, Monika Wetzel, Loni Kindel, Alexander Diebold, J\u00fcrgen Heitz, Martin Hauns, Hans-Peter Schmidt und Erich Lauther mit der Ehrennadel aus. Eine ganz besondere Auszeichnung erhielt Helmut Weiland mit der goldenen Verdienstplakette des Badischen Turnerbundes f\u00fcr die mehr als 40-j\u00e4hrige ehrenamtliche T\u00e4tigkeit im Verein. Ein wahrlich bemerkenswertes Engagement das sich u.a. durch die Leitung der Gruppe \u201eFit ab 55\u201c seit 2005, die Abnahme des Sportabzeichens und vor allem die von 1985 bis 2002 ausge\u00fcbte T\u00e4tigkeit als 1. Vorstand ausdr\u00fcckt. B\u00fcrgermeister Arne Pfirrmann zeichnete drei Vorstandsmitglieder, die sich im Ehrenamt besondere Verdienste erworben haben mit der Stadtehrennadel aus. In silbernem Glanz d\u00fcrfen k\u00fcnftig\u00a0 Beatrice Kreiser und Hans-Peter Schmidt diese W\u00fcrdigung ihr eigen nennen, golden sogar gl\u00e4nzt diese Nadel bei J\u00fcrgen Heitz. Viel geopferte Freizeit zum Wohle des Turnvereins \u00fcber Jahrzehnte hinweg sind f\u00fcr eine solche Ehrung erforderlich. Allen Geehrten einen herzlichen Gl\u00fcckwunsch.<\/p><p>Abgerundet wurde das Programm des Ehrungsevents durch drei Showeinlagen, an denen sich viele Gruppen beteiligten. Neben einer Darbietung an Boden und Trampolin wurde eine Stepp-Vorf\u00fchrung auf das Lied \u201eStand up for the Champions\u201c gezeigt. Beim abschlie\u00dfenden Flashmob hielt es die G\u00e4ste nicht mehr auf den Sitzen und es gab stehende Ovationen f\u00fcr die Vorf\u00fchrung.<\/p><p>Anschlie\u00dfend wurden die Besucher noch mit Getr\u00e4nken und H\u00e4ppchen versorgt und die Veranstaltung fand einen gelungenen Ausklang.<\/p>\t\t\t\t\t<\/div>\n\t\t\t\t\t\t<\/div>\n\t\t\t\t<\/div>\n\t\t\t\t<div class=\"elementor-element elementor-element-9fe7660 elementor-widget elementor-widget-image\" data-id=\"9fe7660\" data-element_type=\"widget\" data-widget_type=\"image.default\">\n\t\t\t\t<div class=\"elementor-widget-container\">\n\t\t\t\t\t\t\t\t<div class=\"elementor-image\">\n\t\t\t\t\t\t\t\t\t\t\t\t<img decoding=\"async\" width=\"1024\" height=\"683\" src=\"https:\/\/tv-wintersdorf.de\/wp-content\/uploads\/2019\/03\/Ehrungsevent_2019_0076-1024x683.jpg\" class=\"attachment-large size-large wp-image-2902\" alt=\"\" loading=\"lazy\" srcset=\"https:\/\/tv-wintersdorf.de\/wp-content\/uploads\/2019\/03\/Ehrungsevent_2019_0076-1024x683.jpg 1024w, https:\/\/tv-wintersdorf.de\/wp-content\/uploads\/2019\/03\/Ehrungsevent_2019_0076-300x200.jpg 300w, https:\/\/tv-wintersdorf.de\/wp-content\/uploads\/2019\/03\/Ehrungsevent_2019_0076-768x512.jpg 768w, https:\/\/tv-wintersdorf.de\/wp-content\/uploads\/2019\/03\/Ehrungsevent_2019_0076-1320x880.jpg 1320w\" sizes=\"(max-width: 1024px) 100vw, 1024px\" \/>\t\t\t\t\t\t\t\t\t\t\t\t\t\t<\/div>\n\t\t\t\t\t\t<\/div>\n\t\t\t\t<\/div>\n\t\t\t\t<div class=\"elementor-element elementor-element-3cdf312 elementor-widget elementor-widget-image\" data-id=\"3cdf312\" data-element_type=\"widget\" data-widget_type=\"image.default\">\n\t\t\t\t<div class=\"elementor-widget-container\">\n\t\t\t\t\t\t\t\t<div class=\"elementor-image\">\n\t\t\t\t\t\t\t\t\t\t\t\t<img decoding=\"async\" width=\"1024\" height=\"683\" src=\"https:\/\/tv-wintersdorf.de\/wp-content\/uploads\/2019\/03\/Ehrungsevent_2019_0074-1024x683.jpg\" class=\"attachment-large size-large wp-image-2900\" alt=\"\" loading=\"lazy\" srcset=\"https:\/\/tv-wintersdorf.de\/wp-content\/uploads\/2019\/03\/Ehrungsevent_2019_0074-1024x683.jpg 1024w, https:\/\/tv-wintersdorf.de\/wp-content\/uploads\/2019\/03\/Ehrungsevent_2019_0074-300x200.jpg 300w, https:\/\/tv-wintersdorf.de\/wp-content\/uploads\/2019\/03\/Ehrungsevent_2019_0074-768x512.jpg 768w, https:\/\/tv-wintersdorf.de\/wp-content\/uploads\/2019\/03\/Ehrungsevent_2019_0074-1320x880.jpg 1320w\" sizes=\"(max-width: 1024px) 100vw, 1024px\" \/>\t\t\t\t\t\t\t\t\t\t\t\t\t\t<\/div>\n\t\t\t\t\t\t<\/div>\n\t\t\t\t<\/div>\n\t\t\t\t<div class=\"elementor-element elementor-element-90fd434 elementor-widget elementor-widget-text-editor\" data-id=\"90fd434\" data-element_type=\"widget\" data-widget_type=\"text-editor.default\">\n\t\t\t\t<div class=\"elementor-widget-container\">\n\t\t\t\t\t\t\t\t<div class=\"elementor-text-editor elementor-clearfix\">\n\t\t\t\t<p>Mehr Bilder gibts in der Bildergalerie<\/p>\t\t\t\t\t<\/div>\n\t\t\t\t\t\t<\/div>\n\t\t\t\t<\/div>\n\t\t\t\t\t\t<\/div>\n\t\t\t\t\t<\/div>\n\t\t<\/div>\n\t\t\t\t\t\t\t\t<\/div>\n\t\t\t\t\t<\/div>\n\t\t<\/section>\n\t\t\t\t\t\t\t\t\t<\/div>\n\t\t\t<\/div>\n\t\t\t\t\t<\/div>\n\t\t","protected":false},"excerpt":{"rendered":"<p>Turnverein Wintersdorf 1919 e.V. Ehrungsevent 2019 In der gut besuchten und festlich geschm\u00fcckten Turnhalle, die zun\u00e4chst \u00fcber einen roten Teppich in die R\u00e4umlichkeiten f\u00fchrte, wurde vergangenen Sonntag das Ehrungsevent des Turnvereins anl\u00e4sslich des 100-j\u00e4hrigen Jubil\u00e4ums veranstaltet. Im Mittelpunkt standen die vielen langj\u00e4hrigen, engagierten Vereinsmitglieder, ohne die unser Verein nicht lebensf\u00e4hig w\u00e4re. Dies betonte auch Vorsitzender [&hellip;]<\/p>\n","protected":false},"author":3,"featured_media":0,"parent":0,"menu_order":0,"comment_status":"closed","ping_status":"closed","template":"","meta":[],"_links":{"self":[{"href":"https:\/\/tv-wintersdorf.de\/index.php?rest_route=\/wp\/v2\/pages\/2919"}],"collection":[{"href":"https:\/\/tv-wintersdorf.de\/index.php?rest_route=\/wp\/v2\/pages"}],"about":[{"href":"https:\/\/tv-wintersdorf.de\/index.php?rest_route=\/wp\/v2\/types\/page"}],"author":[{"embeddable":true,"href":"https:\/\/tv-wintersdorf.de\/index.php?rest_route=\/wp\/v2\/users\/3"}],"replies":[{"embeddable":true,"href":"https:\/\/tv-wintersdorf.de\/index.php?rest_route=%2Fwp%2Fv2%2Fcomments&post=2919"}],"version-history":[{"count":7,"href":"https:\/\/tv-wintersdorf.de\/index.php?rest_route=\/wp\/v2\/pages\/2919\/revisions"}],"predecessor-version":[{"id":5171,"href":"https:\/\/tv-wintersdorf.de\/index.php?rest_route=\/wp\/v2\/pages\/2919\/revisions\/5171"}],"wp:attachment":[{"href":"https:\/\/tv-wintersdorf.de\/index.php?rest_route=%2Fwp%2Fv2%2Fmedia&parent=2919"}],"curies":[{"name":"wp","href":"https:\/\/api.w.org\/{rel}","templated":true}]}}