{"id":3096,"date":"2019-05-08T05:50:45","date_gmt":"2019-05-08T05:50:45","guid":{"rendered":"http:\/\/tv-wintersdorf.de\/?page_id=3096"},"modified":"2022-03-26T18:39:45","modified_gmt":"2022-03-26T18:39:45","slug":"home-8-3-2-21-2-2-2-2","status":"publish","type":"page","link":"https:\/\/tv-wintersdorf.de\/?page_id=3096","title":{"rendered":"Maiwanderung_Bericht_2019"},"content":{"rendered":"\t\t<div data-elementor-type=\"wp-post\" data-elementor-id=\"3096\" class=\"elementor elementor-3096\">\n\t\t\t\t\t\t<div class=\"elementor-inner\">\n\t\t\t\t<div class=\"elementor-section-wrap\">\n\t\t\t\t\t\t\t\t\t<section class=\"elementor-section elementor-top-section elementor-element elementor-element-25919ae elementor-section-boxed elementor-section-height-default elementor-section-height-default\" data-id=\"25919ae\" data-element_type=\"section\">\n\t\t\t\t\t\t<div class=\"elementor-container elementor-column-gap-default\">\n\t\t\t\t\t\t\t<div class=\"elementor-row\">\n\t\t\t\t\t<div class=\"elementor-column elementor-col-33 elementor-top-column elementor-element elementor-element-e324ff6\" data-id=\"e324ff6\" data-element_type=\"column\">\n\t\t\t<div class=\"elementor-column-wrap elementor-element-populated\">\n\t\t\t\t\t\t\t<div class=\"elementor-widget-wrap\">\n\t\t\t\t\t\t<div class=\"elementor-element elementor-element-df9d12c elementor-widget elementor-widget-image\" data-id=\"df9d12c\" data-element_type=\"widget\" data-widget_type=\"image.default\">\n\t\t\t\t<div class=\"elementor-widget-container\">\n\t\t\t\t\t\t\t\t<div class=\"elementor-image\">\n\t\t\t\t\t\t\t\t\t\t\t\t\t<a href=\"https:\/\/tv-wintersdorf.de\/\">\n\t\t\t\t\t\t\t<img decoding=\"async\" width=\"601\" height=\"355\" src=\"https:\/\/tv-wintersdorf.de\/wp-content\/uploads\/2020\/03\/Logo_Normal.jpg\" class=\"attachment-large size-large wp-image-4182\" alt=\"\" loading=\"lazy\" srcset=\"https:\/\/tv-wintersdorf.de\/wp-content\/uploads\/2020\/03\/Logo_Normal.jpg 601w, https:\/\/tv-wintersdorf.de\/wp-content\/uploads\/2020\/03\/Logo_Normal-300x177.jpg 300w, https:\/\/tv-wintersdorf.de\/wp-content\/uploads\/2020\/03\/elementor\/thumbs\/Logo_Normal-om9mlzpm3er39u5urhaj8otivup3vnofg27y7j704o.jpg 5w\" sizes=\"(max-width: 601px) 100vw, 601px\" \/>\t\t\t\t\t\t\t\t<\/a>\n\t\t\t\t\t\t\t\t\t\t\t\t\t\t<\/div>\n\t\t\t\t\t\t<\/div>\n\t\t\t\t<\/div>\n\t\t\t\t\t\t<\/div>\n\t\t\t\t\t<\/div>\n\t\t<\/div>\n\t\t\t\t<div class=\"elementor-column elementor-col-33 elementor-top-column elementor-element elementor-element-ff69041\" data-id=\"ff69041\" data-element_type=\"column\">\n\t\t\t<div class=\"elementor-column-wrap elementor-element-populated\">\n\t\t\t\t\t\t\t<div class=\"elementor-widget-wrap\">\n\t\t\t\t\t\t<div class=\"elementor-element elementor-element-9030452 elementor-widget elementor-widget-heading\" data-id=\"9030452\" data-element_type=\"widget\" data-widget_type=\"heading.default\">\n\t\t\t\t<div class=\"elementor-widget-container\">\n\t\t\t<h2 class=\"elementor-heading-title elementor-size-default\">Turnverein Wintersdorf 1919 e.V.<\/h2>\t\t<\/div>\n\t\t\t\t<\/div>\n\t\t\t\t\t\t<\/div>\n\t\t\t\t\t<\/div>\n\t\t<\/div>\n\t\t\t\t<div class=\"elementor-column elementor-col-33 elementor-top-column elementor-element elementor-element-d3fe1c0\" data-id=\"d3fe1c0\" data-element_type=\"column\">\n\t\t\t<div class=\"elementor-column-wrap elementor-element-populated\">\n\t\t\t\t\t\t\t<div class=\"elementor-widget-wrap\">\n\t\t\t\t\t\t<div class=\"elementor-element elementor-element-0accb46 elementor-widget elementor-widget-image\" data-id=\"0accb46\" data-element_type=\"widget\" data-widget_type=\"image.default\">\n\t\t\t\t<div class=\"elementor-widget-container\">\n\t\t\t\t\t\t\t\t<div class=\"elementor-image\">\n\t\t\t\t\t\t\t\t\t\t\t\t\t<a href=\"https:\/\/tv-wintersdorf.de\/\">\n\t\t\t\t\t\t\t<img decoding=\"async\" src=\"https:\/\/tv-wintersdorf.de\/wp-content\/uploads\/elementor\/thumbs\/logo2-o0ln8w9kk8lp92bz1q8gvw18xtxas6p0t7maay76fk.png\" title=\"logo2\" alt=\"logo2\" loading=\"lazy\" \/>\t\t\t\t\t\t\t\t<\/a>\n\t\t\t\t\t\t\t\t\t\t\t\t\t\t<\/div>\n\t\t\t\t\t\t<\/div>\n\t\t\t\t<\/div>\n\t\t\t\t\t\t<\/div>\n\t\t\t\t\t<\/div>\n\t\t<\/div>\n\t\t\t\t\t\t\t\t<\/div>\n\t\t\t\t\t<\/div>\n\t\t<\/section>\n\t\t\t\t<section class=\"elementor-section elementor-top-section elementor-element elementor-element-192fb37 elementor-section-boxed elementor-section-height-default elementor-section-height-default\" data-id=\"192fb37\" data-element_type=\"section\">\n\t\t\t\t\t\t<div class=\"elementor-container elementor-column-gap-default\">\n\t\t\t\t\t\t\t<div class=\"elementor-row\">\n\t\t\t\t\t<div class=\"elementor-column elementor-col-100 elementor-top-column elementor-element elementor-element-b7a404a\" data-id=\"b7a404a\" data-element_type=\"column\">\n\t\t\t<div class=\"elementor-column-wrap elementor-element-populated\">\n\t\t\t\t\t\t\t<div class=\"elementor-widget-wrap\">\n\t\t\t\t\t\t<div class=\"elementor-element elementor-element-131ecd8 elementor-widget elementor-widget-heading\" data-id=\"131ecd8\" data-element_type=\"widget\" data-widget_type=\"heading.default\">\n\t\t\t\t<div class=\"elementor-widget-container\">\n\t\t\t<h2 class=\"elementor-heading-title elementor-size-default\">Maiwanderung 2019\n<br><\/h2>\t\t<\/div>\n\t\t\t\t<\/div>\n\t\t\t\t<div class=\"elementor-element elementor-element-04e4e4e elementor-widget elementor-widget-text-editor\" data-id=\"04e4e4e\" data-element_type=\"widget\" data-widget_type=\"text-editor.default\">\n\t\t\t\t<div class=\"elementor-widget-container\">\n\t\t\t\t\t\t\t\t<div class=\"elementor-text-editor elementor-clearfix\">\n\t\t\t\t\t\t\t\t\t<\/div>\n\t\t\t\t\t\t<\/div>\n\t\t\t\t<\/div>\n\t\t\t\t\t\t<\/div>\n\t\t\t\t\t<\/div>\n\t\t<\/div>\n\t\t\t\t\t\t\t\t<\/div>\n\t\t\t\t\t<\/div>\n\t\t<\/section>\n\t\t\t\t<section class=\"elementor-section elementor-top-section elementor-element elementor-element-78463a5 elementor-section-boxed elementor-section-height-default elementor-section-height-default\" data-id=\"78463a5\" data-element_type=\"section\">\n\t\t\t\t\t\t<div class=\"elementor-container elementor-column-gap-default\">\n\t\t\t\t\t\t\t<div class=\"elementor-row\">\n\t\t\t\t\t<div class=\"elementor-column elementor-col-100 elementor-top-column elementor-element elementor-element-d457cc9\" data-id=\"d457cc9\" data-element_type=\"column\">\n\t\t\t<div class=\"elementor-column-wrap elementor-element-populated\">\n\t\t\t\t\t\t\t<div class=\"elementor-widget-wrap\">\n\t\t\t\t\t\t<div class=\"elementor-element elementor-element-d5bfd9d elementor-widget elementor-widget-text-editor\" data-id=\"d5bfd9d\" data-element_type=\"widget\" data-widget_type=\"text-editor.default\">\n\t\t\t\t<div class=\"elementor-widget-container\">\n\t\t\t\t\t\t\t\t<div class=\"elementor-text-editor elementor-clearfix\">\n\t\t\t\t<p>\u00a0<\/p><p><span style=\"font-size: 12.0pt; font-family: 'Arial',sans-serif; mso-fareast-font-family: 'Times New Roman'; mso-ansi-language: DE; mso-fareast-language: DE; mso-bidi-language: AR-SA;\">Nachdem sich am 1. Mai bei herrlichem Wetter, das van Gogh nicht sch\u00f6ner h\u00e4tte malen k\u00f6nnen, mehr als 100 Wanderfreunde eingefunden hatten, wurde der Maibaum von den Kindern mit Papierrosen geschm\u00fcckt und hinter dem Turnerheim aufgestellt. Danach galt es 2 Bierhumpen vom Inhalt zu befreien bevor es dann auf die ausgesuchte Strecke zum Spielschiff bei der Plittersdorfer F\u00e4hre ging. Dort wurde Rast gemacht und Verpflegung f\u00fcr die Teilnehmer als willkommene St\u00e4rkung bereit gestellt. Anschlie\u00dfend ging es wieder \u00fcber den Rheindamm zur\u00fcck ans Turnerheim wo schon die n\u00e4chsten Leckereien mit Kuchen, <span style=\"mso-spacerun: yes;\">\u00a0<\/span>Bratw\u00fcrsten und Pommes auf ihren Verzehr warteten. So lie\u00df man es sich gut gehen und jeder genoss die Sonne pur. Nach dem Abbau konnten alle auf einen gut organisieren und angenehmen Tag im Kreise des Turnvereins zur\u00fcck blicken. Anregungen dies im n\u00e4chsten Jahr zu wiederholen wurden bereits ge\u00e4u\u00dfert.<\/span><\/p><p>\u00a0<\/p>\t\t\t\t\t<\/div>\n\t\t\t\t\t\t<\/div>\n\t\t\t\t<\/div>\n\t\t\t\t<div class=\"elementor-element elementor-element-9fe7660 elementor-widget elementor-widget-image\" data-id=\"9fe7660\" data-element_type=\"widget\" data-widget_type=\"image.default\">\n\t\t\t\t<div class=\"elementor-widget-container\">\n\t\t\t\t\t\t\t\t<div class=\"elementor-image\">\n\t\t\t\t\t\t\t\t\t\t\t\t<img decoding=\"async\" width=\"768\" height=\"511\" src=\"https:\/\/tv-wintersdorf.de\/wp-content\/uploads\/2019\/05\/Mai_Wanderung_2019_0114-768x511.jpg\" class=\"attachment-medium_large size-medium_large wp-image-3062\" alt=\"\" loading=\"lazy\" srcset=\"https:\/\/tv-wintersdorf.de\/wp-content\/uploads\/2019\/05\/Mai_Wanderung_2019_0114-768x511.jpg 768w, https:\/\/tv-wintersdorf.de\/wp-content\/uploads\/2019\/05\/Mai_Wanderung_2019_0114-300x200.jpg 300w, https:\/\/tv-wintersdorf.de\/wp-content\/uploads\/2019\/05\/Mai_Wanderung_2019_0114-1024x682.jpg 1024w, https:\/\/tv-wintersdorf.de\/wp-content\/uploads\/2019\/05\/Mai_Wanderung_2019_0114-1320x879.jpg 1320w\" sizes=\"(max-width: 768px) 100vw, 768px\" \/>\t\t\t\t\t\t\t\t\t\t\t\t\t\t<\/div>\n\t\t\t\t\t\t<\/div>\n\t\t\t\t<\/div>\n\t\t\t\t<div class=\"elementor-element elementor-element-90fd434 elementor-widget elementor-widget-text-editor\" data-id=\"90fd434\" data-element_type=\"widget\" data-widget_type=\"text-editor.default\">\n\t\t\t\t<div class=\"elementor-widget-container\">\n\t\t\t\t\t\t\t\t<div class=\"elementor-text-editor elementor-clearfix\">\n\t\t\t\t<p>Mehr Bilder gibts in der <a href=\"https:\/\/tv-wintersdorf.de\/?page_id=2946\">Bildergalerie<\/a><\/p>\t\t\t\t\t<\/div>\n\t\t\t\t\t\t<\/div>\n\t\t\t\t<\/div>\n\t\t\t\t\t\t<\/div>\n\t\t\t\t\t<\/div>\n\t\t<\/div>\n\t\t\t\t\t\t\t\t<\/div>\n\t\t\t\t\t<\/div>\n\t\t<\/section>\n\t\t\t\t\t\t\t\t\t<\/div>\n\t\t\t<\/div>\n\t\t\t\t\t<\/div>\n\t\t","protected":false},"excerpt":{"rendered":"<p>Turnverein Wintersdorf 1919 e.V. Maiwanderung 2019 \u00a0 Nachdem sich am 1. Mai bei herrlichem Wetter, das van Gogh nicht sch\u00f6ner h\u00e4tte malen k\u00f6nnen, mehr als 100 Wanderfreunde eingefunden hatten, wurde der Maibaum von den Kindern mit Papierrosen geschm\u00fcckt und hinter dem Turnerheim aufgestellt. Danach galt es 2 Bierhumpen vom Inhalt zu befreien bevor es dann [&hellip;]<\/p>\n","protected":false},"author":3,"featured_media":0,"parent":0,"menu_order":0,"comment_status":"closed","ping_status":"closed","template":"","meta":[],"_links":{"self":[{"href":"https:\/\/tv-wintersdorf.de\/index.php?rest_route=\/wp\/v2\/pages\/3096"}],"collection":[{"href":"https:\/\/tv-wintersdorf.de\/index.php?rest_route=\/wp\/v2\/pages"}],"about":[{"href":"https:\/\/tv-wintersdorf.de\/index.php?rest_route=\/wp\/v2\/types\/page"}],"author":[{"embeddable":true,"href":"https:\/\/tv-wintersdorf.de\/index.php?rest_route=\/wp\/v2\/users\/3"}],"replies":[{"embeddable":true,"href":"https:\/\/tv-wintersdorf.de\/index.php?rest_route=%2Fwp%2Fv2%2Fcomments&post=3096"}],"version-history":[{"count":6,"href":"https:\/\/tv-wintersdorf.de\/index.php?rest_route=\/wp\/v2\/pages\/3096\/revisions"}],"predecessor-version":[{"id":5177,"href":"https:\/\/tv-wintersdorf.de\/index.php?rest_route=\/wp\/v2\/pages\/3096\/revisions\/5177"}],"wp:attachment":[{"href":"https:\/\/tv-wintersdorf.de\/index.php?rest_route=%2Fwp%2Fv2%2Fmedia&parent=3096"}],"curies":[{"name":"wp","href":"https:\/\/api.w.org\/{rel}","templated":true}]}}