{"id":3173,"date":"2019-07-01T19:22:06","date_gmt":"2019-07-01T19:22:06","guid":{"rendered":"http:\/\/tv-wintersdorf.de\/?page_id=3173"},"modified":"2022-03-26T18:40:51","modified_gmt":"2022-03-26T18:40:51","slug":"home-8-3-2-21-2-2-2-3","status":"publish","type":"page","link":"https:\/\/tv-wintersdorf.de\/?page_id=3173","title":{"rendered":"TJBW_Buehl_Bericht_2019"},"content":{"rendered":"\t\t<div data-elementor-type=\"wp-post\" data-elementor-id=\"3173\" class=\"elementor elementor-3173\">\n\t\t\t\t\t\t<div class=\"elementor-inner\">\n\t\t\t\t<div class=\"elementor-section-wrap\">\n\t\t\t\t\t\t\t\t\t<section class=\"elementor-section elementor-top-section elementor-element elementor-element-25919ae elementor-section-boxed elementor-section-height-default elementor-section-height-default\" data-id=\"25919ae\" data-element_type=\"section\">\n\t\t\t\t\t\t<div class=\"elementor-container elementor-column-gap-default\">\n\t\t\t\t\t\t\t<div class=\"elementor-row\">\n\t\t\t\t\t<div class=\"elementor-column elementor-col-33 elementor-top-column elementor-element elementor-element-e324ff6\" data-id=\"e324ff6\" data-element_type=\"column\">\n\t\t\t<div class=\"elementor-column-wrap elementor-element-populated\">\n\t\t\t\t\t\t\t<div class=\"elementor-widget-wrap\">\n\t\t\t\t\t\t<div class=\"elementor-element elementor-element-df9d12c elementor-widget elementor-widget-image\" data-id=\"df9d12c\" data-element_type=\"widget\" data-widget_type=\"image.default\">\n\t\t\t\t<div class=\"elementor-widget-container\">\n\t\t\t\t\t\t\t\t<div class=\"elementor-image\">\n\t\t\t\t\t\t\t\t\t\t\t\t\t<a href=\"https:\/\/tv-wintersdorf.de\/\">\n\t\t\t\t\t\t\t<img decoding=\"async\" width=\"601\" height=\"355\" src=\"https:\/\/tv-wintersdorf.de\/wp-content\/uploads\/2020\/03\/Logo_Normal.jpg\" class=\"attachment-large size-large wp-image-4182\" alt=\"\" loading=\"lazy\" srcset=\"https:\/\/tv-wintersdorf.de\/wp-content\/uploads\/2020\/03\/Logo_Normal.jpg 601w, https:\/\/tv-wintersdorf.de\/wp-content\/uploads\/2020\/03\/Logo_Normal-300x177.jpg 300w, https:\/\/tv-wintersdorf.de\/wp-content\/uploads\/2020\/03\/elementor\/thumbs\/Logo_Normal-om9mlzpm3er39u5urhaj8otivup3vnofg27y7j704o.jpg 5w\" sizes=\"(max-width: 601px) 100vw, 601px\" \/>\t\t\t\t\t\t\t\t<\/a>\n\t\t\t\t\t\t\t\t\t\t\t\t\t\t<\/div>\n\t\t\t\t\t\t<\/div>\n\t\t\t\t<\/div>\n\t\t\t\t\t\t<\/div>\n\t\t\t\t\t<\/div>\n\t\t<\/div>\n\t\t\t\t<div class=\"elementor-column elementor-col-33 elementor-top-column elementor-element elementor-element-ff69041\" data-id=\"ff69041\" data-element_type=\"column\">\n\t\t\t<div class=\"elementor-column-wrap elementor-element-populated\">\n\t\t\t\t\t\t\t<div class=\"elementor-widget-wrap\">\n\t\t\t\t\t\t<div class=\"elementor-element elementor-element-9030452 elementor-widget elementor-widget-heading\" data-id=\"9030452\" data-element_type=\"widget\" data-widget_type=\"heading.default\">\n\t\t\t\t<div class=\"elementor-widget-container\">\n\t\t\t<h2 class=\"elementor-heading-title elementor-size-default\">Turnverein Wintersdorf 1919 e.V.<\/h2>\t\t<\/div>\n\t\t\t\t<\/div>\n\t\t\t\t\t\t<\/div>\n\t\t\t\t\t<\/div>\n\t\t<\/div>\n\t\t\t\t<div class=\"elementor-column elementor-col-33 elementor-top-column elementor-element elementor-element-d3fe1c0\" data-id=\"d3fe1c0\" data-element_type=\"column\">\n\t\t\t<div class=\"elementor-column-wrap elementor-element-populated\">\n\t\t\t\t\t\t\t<div class=\"elementor-widget-wrap\">\n\t\t\t\t\t\t<div class=\"elementor-element elementor-element-0accb46 elementor-widget elementor-widget-image\" data-id=\"0accb46\" data-element_type=\"widget\" data-widget_type=\"image.default\">\n\t\t\t\t<div class=\"elementor-widget-container\">\n\t\t\t\t\t\t\t\t<div class=\"elementor-image\">\n\t\t\t\t\t\t\t\t\t\t\t\t\t<a href=\"https:\/\/tv-wintersdorf.de\/\">\n\t\t\t\t\t\t\t<img decoding=\"async\" src=\"https:\/\/tv-wintersdorf.de\/wp-content\/uploads\/elementor\/thumbs\/logo2-o0ln8w9kk8lp92bz1q8gvw18xtxas6p0t7maay76fk.png\" title=\"logo2\" alt=\"logo2\" loading=\"lazy\" \/>\t\t\t\t\t\t\t\t<\/a>\n\t\t\t\t\t\t\t\t\t\t\t\t\t\t<\/div>\n\t\t\t\t\t\t<\/div>\n\t\t\t\t<\/div>\n\t\t\t\t\t\t<\/div>\n\t\t\t\t\t<\/div>\n\t\t<\/div>\n\t\t\t\t\t\t\t\t<\/div>\n\t\t\t\t\t<\/div>\n\t\t<\/section>\n\t\t\t\t<section class=\"elementor-section elementor-top-section elementor-element elementor-element-192fb37 elementor-section-boxed elementor-section-height-default elementor-section-height-default\" data-id=\"192fb37\" data-element_type=\"section\">\n\t\t\t\t\t\t<div class=\"elementor-container elementor-column-gap-default\">\n\t\t\t\t\t\t\t<div class=\"elementor-row\">\n\t\t\t\t\t<div class=\"elementor-column elementor-col-100 elementor-top-column elementor-element elementor-element-b7a404a\" data-id=\"b7a404a\" data-element_type=\"column\">\n\t\t\t<div class=\"elementor-column-wrap elementor-element-populated\">\n\t\t\t\t\t\t\t<div class=\"elementor-widget-wrap\">\n\t\t\t\t\t\t<div class=\"elementor-element elementor-element-131ecd8 elementor-widget elementor-widget-heading\" data-id=\"131ecd8\" data-element_type=\"widget\" data-widget_type=\"heading.default\">\n\t\t\t\t<div class=\"elementor-widget-container\">\n\t\t\t<h2 class=\"elementor-heading-title elementor-size-default\">Turnerjugendbestenwettk\u00e4mpfe in B\u00fchl 2019\n<\/h2>\t\t<\/div>\n\t\t\t\t<\/div>\n\t\t\t\t<div class=\"elementor-element elementor-element-04e4e4e elementor-widget elementor-widget-text-editor\" data-id=\"04e4e4e\" data-element_type=\"widget\" data-widget_type=\"text-editor.default\">\n\t\t\t\t<div class=\"elementor-widget-container\">\n\t\t\t\t\t\t\t\t<div class=\"elementor-text-editor elementor-clearfix\">\n\t\t\t\t\t\t\t\t\t<\/div>\n\t\t\t\t\t\t<\/div>\n\t\t\t\t<\/div>\n\t\t\t\t\t\t<\/div>\n\t\t\t\t\t<\/div>\n\t\t<\/div>\n\t\t\t\t\t\t\t\t<\/div>\n\t\t\t\t\t<\/div>\n\t\t<\/section>\n\t\t\t\t<section class=\"elementor-section elementor-top-section elementor-element elementor-element-78463a5 elementor-section-boxed elementor-section-height-default elementor-section-height-default\" data-id=\"78463a5\" data-element_type=\"section\">\n\t\t\t\t\t\t<div class=\"elementor-container elementor-column-gap-default\">\n\t\t\t\t\t\t\t<div class=\"elementor-row\">\n\t\t\t\t\t<div class=\"elementor-column elementor-col-100 elementor-top-column elementor-element elementor-element-d457cc9\" data-id=\"d457cc9\" data-element_type=\"column\">\n\t\t\t<div class=\"elementor-column-wrap elementor-element-populated\">\n\t\t\t\t\t\t\t<div class=\"elementor-widget-wrap\">\n\t\t\t\t\t\t<div class=\"elementor-element elementor-element-d5bfd9d elementor-widget elementor-widget-text-editor\" data-id=\"d5bfd9d\" data-element_type=\"widget\" data-widget_type=\"text-editor.default\">\n\t\t\t\t<div class=\"elementor-widget-container\">\n\t\t\t\t\t\t\t\t<div class=\"elementor-text-editor elementor-clearfix\">\n\t\t\t\t<p>Am letzten Wochenende fanden die Turnerbestenk\u00e4mpfe in B\u00fchl statt, bei der der TV Wintersdorf mit f\u00fcnf Mannschaften vertreten war. Im ersten Durchgang starteten in der Gauklasse 8\/9 gleich zwei Mannschaften. Obwohl unsere Turnerinnen wenig oder noch keine Erfahrungen hatten und zudem zu den J\u00fcngsten ihrer Altersklasse geh\u00f6rten, absolvierten sie ihre \u00dcbungen am Reck, Balken, Boden und Sprung meist souver\u00e4n und lie\u00dfen sich nur durch die \u00e4u\u00dferen Gegebenheiten ein wenig aus dem Konzept.<\/p><p>F\u00fcr den TV Wintersdorf I starteten in dieser Altersklasse Charlotte Benz, Sophia K\u00f6lmel, Paulina S\u00f6hngen, Letizia Testa und Lena Volz, die den 8. Platz erreichten, f\u00fcr die zweite Mannschaft starteten Marlene Jacobs, Emilia M\u00fcller, Anika Moser, Mathilda Reinhard und Annabelle Schwab, die den 15. Platz erreichten.<\/p><p>Auch in der Gauklasse 11\/12 waren wir mit einem jungen Team vertreten, die recht souver\u00e4n ihre \u00dcbungen zeigten und nur durch kleine Unstimmigkeiten am Boden verunsichert wurden. Jedoch lie\u00dfen sich unsere Turnerinnen davon nicht weiter beeinflussen und erturnten sich einen respektablen 11. Platz in einem starken Teilnehmerfeld. F\u00fcr den Turnverein waren Salome Gro\u00df, Kayla Ludwig, Pia Michels, Selin Seiberling und Selma Seiberling am Start.<\/p><p>Im zweiten Durchgang hatten wir eine Mannschaft in der Bezirksklasse 10\/11 gemeldet, die durchweg einen guten Wettkampf mit sch\u00f6nen \u00dcbungen, besonders am Sprung und Boden zeigten und somit auch hohe Wertungen erzielten. Einzig am Balken hatten die Turnerinnen mit kleinen Unsicherheiten zu k\u00e4mpfen. So erreichten Emily Mundt, Marie Hundert, Stella Siegel und Saskia Schnurr in e8nem hart umk\u00e4mpften Teilnehmerfeld, in dem die Mannschaftswertungen nur wenige Zehntel auseinanderlagen einen tollen zweiten Platz und qualifizierten sich f\u00fcr den Bezirksentscheid am 13.4.in Kehl, um sich dort gegen die Mannschaften aus dem Breisgauer und Ortenauer Turngau zu messen.<\/p><p>Im dritten Durchgang starteten Sephora Gro\u00df, Emma G\u00f6tz, Selina Melcher, Antonia Rosenhahn und Lara Schwab in der Gauklasse 14\/15. An ihrem ersten Wettkampfger\u00e4t Boden waren die Turnerinnen noch sehr aufgeregt und es unterliefen ihnen kleinere Patzer, sie steigerten sich dann immer weiter und erzielten am Barren verdient die H\u00f6chstwertungen. Am Sprung und Balken zeigten sie sch\u00f6ne \u00dcbungen und konnten ihre guten Leistungen mit dem Erreichen des zweiten Platzes belohnen, mit gro\u00dfem Abstand zu den nachfolgenden Mannschaften.<\/p><p>Alle Turnerinnen k\u00f6nnen auf ihre erbrachten Leistungen stolz sein und somit fuhren die M\u00e4dchen zufrieden und stolz nach Wintersdorf zur\u00fcck.<\/p>\t\t\t\t\t<\/div>\n\t\t\t\t\t\t<\/div>\n\t\t\t\t<\/div>\n\t\t\t\t<div class=\"elementor-element elementor-element-9fe7660 elementor-widget elementor-widget-image\" data-id=\"9fe7660\" data-element_type=\"widget\" data-widget_type=\"image.default\">\n\t\t\t\t<div class=\"elementor-widget-container\">\n\t\t\t\t\t\t\t\t<div class=\"elementor-image\">\n\t\t\t\t\t\t\t\t\t\t\t\t<img decoding=\"async\" width=\"741\" height=\"489\" src=\"https:\/\/tv-wintersdorf.de\/wp-content\/uploads\/2019\/07\/IMG_6192-1.jpg\" class=\"attachment-large size-large wp-image-3178\" alt=\"\" loading=\"lazy\" srcset=\"https:\/\/tv-wintersdorf.de\/wp-content\/uploads\/2019\/07\/IMG_6192-1.jpg 741w, https:\/\/tv-wintersdorf.de\/wp-content\/uploads\/2019\/07\/IMG_6192-1-300x198.jpg 300w\" sizes=\"(max-width: 741px) 100vw, 741px\" \/>\t\t\t\t\t\t\t\t\t\t\t\t\t\t<\/div>\n\t\t\t\t\t\t<\/div>\n\t\t\t\t<\/div>\n\t\t\t\t<div class=\"elementor-element elementor-element-3cdf312 elementor-widget elementor-widget-image\" data-id=\"3cdf312\" data-element_type=\"widget\" data-widget_type=\"image.default\">\n\t\t\t\t<div class=\"elementor-widget-container\">\n\t\t\t\t\t\t\t\t<div class=\"elementor-image\">\n\t\t\t\t\t\t\t\t\t\t\t\t<img decoding=\"async\" width=\"1024\" height=\"497\" src=\"https:\/\/tv-wintersdorf.de\/wp-content\/uploads\/2019\/07\/M\u00e4dchen1-1024x497.jpg\" class=\"attachment-large size-large wp-image-3182\" alt=\"\" loading=\"lazy\" srcset=\"https:\/\/tv-wintersdorf.de\/wp-content\/uploads\/2019\/07\/M\u00e4dchen1-1024x497.jpg 1024w, https:\/\/tv-wintersdorf.de\/wp-content\/uploads\/2019\/07\/M\u00e4dchen1-300x146.jpg 300w, https:\/\/tv-wintersdorf.de\/wp-content\/uploads\/2019\/07\/M\u00e4dchen1-768x373.jpg 768w, https:\/\/tv-wintersdorf.de\/wp-content\/uploads\/2019\/07\/M\u00e4dchen1-1320x641.jpg 1320w, https:\/\/tv-wintersdorf.de\/wp-content\/uploads\/2019\/07\/M\u00e4dchen1.jpg 1600w\" sizes=\"(max-width: 1024px) 100vw, 1024px\" \/>\t\t\t\t\t\t\t\t\t\t\t\t\t\t<\/div>\n\t\t\t\t\t\t<\/div>\n\t\t\t\t<\/div>\n\t\t\t\t<div class=\"elementor-element elementor-element-8f6cc30 elementor-widget elementor-widget-image\" data-id=\"8f6cc30\" data-element_type=\"widget\" data-widget_type=\"image.default\">\n\t\t\t\t<div class=\"elementor-widget-container\">\n\t\t\t\t\t\t\t\t<div class=\"elementor-image\">\n\t\t\t\t\t\t\t\t\t\t\t\t<img decoding=\"async\" width=\"750\" height=\"492\" src=\"https:\/\/tv-wintersdorf.de\/wp-content\/uploads\/2019\/07\/IMG_6195.jpg\" class=\"attachment-large size-large wp-image-3181\" alt=\"\" loading=\"lazy\" srcset=\"https:\/\/tv-wintersdorf.de\/wp-content\/uploads\/2019\/07\/IMG_6195.jpg 750w, https:\/\/tv-wintersdorf.de\/wp-content\/uploads\/2019\/07\/IMG_6195-300x197.jpg 300w\" sizes=\"(max-width: 750px) 100vw, 750px\" \/>\t\t\t\t\t\t\t\t\t\t\t\t\t\t<\/div>\n\t\t\t\t\t\t<\/div>\n\t\t\t\t<\/div>\n\t\t\t\t<div class=\"elementor-element elementor-element-8ac60aa elementor-widget elementor-widget-image\" data-id=\"8ac60aa\" data-element_type=\"widget\" data-widget_type=\"image.default\">\n\t\t\t\t<div class=\"elementor-widget-container\">\n\t\t\t\t\t\t\t\t<div class=\"elementor-image\">\n\t\t\t\t\t\t\t\t\t\t\t\t<img decoding=\"async\" width=\"745\" height=\"496\" src=\"https:\/\/tv-wintersdorf.de\/wp-content\/uploads\/2019\/07\/IMG_6194.jpg\" class=\"attachment-large size-large wp-image-3180\" alt=\"\" loading=\"lazy\" srcset=\"https:\/\/tv-wintersdorf.de\/wp-content\/uploads\/2019\/07\/IMG_6194.jpg 745w, https:\/\/tv-wintersdorf.de\/wp-content\/uploads\/2019\/07\/IMG_6194-300x200.jpg 300w\" sizes=\"(max-width: 745px) 100vw, 745px\" \/>\t\t\t\t\t\t\t\t\t\t\t\t\t\t<\/div>\n\t\t\t\t\t\t<\/div>\n\t\t\t\t<\/div>\n\t\t\t\t<div class=\"elementor-element elementor-element-17f295e elementor-widget elementor-widget-image\" data-id=\"17f295e\" data-element_type=\"widget\" data-widget_type=\"image.default\">\n\t\t\t\t<div class=\"elementor-widget-container\">\n\t\t\t\t\t\t\t\t<div class=\"elementor-image\">\n\t\t\t\t\t\t\t\t\t\t\t\t<img decoding=\"async\" width=\"743\" height=\"496\" src=\"https:\/\/tv-wintersdorf.de\/wp-content\/uploads\/2019\/07\/IMG_6193.jpg\" class=\"attachment-large size-large wp-image-3179\" alt=\"\" loading=\"lazy\" srcset=\"https:\/\/tv-wintersdorf.de\/wp-content\/uploads\/2019\/07\/IMG_6193.jpg 743w, https:\/\/tv-wintersdorf.de\/wp-content\/uploads\/2019\/07\/IMG_6193-300x200.jpg 300w\" sizes=\"(max-width: 743px) 100vw, 743px\" \/>\t\t\t\t\t\t\t\t\t\t\t\t\t\t<\/div>\n\t\t\t\t\t\t<\/div>\n\t\t\t\t<\/div>\n\t\t\t\t<div class=\"elementor-element elementor-element-90fd434 elementor-widget elementor-widget-text-editor\" data-id=\"90fd434\" data-element_type=\"widget\" data-widget_type=\"text-editor.default\">\n\t\t\t\t<div class=\"elementor-widget-container\">\n\t\t\t\t\t\t\t\t<div class=\"elementor-text-editor elementor-clearfix\">\n\t\t\t\t\t\t\t\t\t<\/div>\n\t\t\t\t\t\t<\/div>\n\t\t\t\t<\/div>\n\t\t\t\t\t\t<\/div>\n\t\t\t\t\t<\/div>\n\t\t<\/div>\n\t\t\t\t\t\t\t\t<\/div>\n\t\t\t\t\t<\/div>\n\t\t<\/section>\n\t\t\t\t\t\t\t\t\t<\/div>\n\t\t\t<\/div>\n\t\t\t\t\t<\/div>\n\t\t","protected":false},"excerpt":{"rendered":"<p>Turnverein Wintersdorf 1919 e.V. Turnerjugendbestenwettk\u00e4mpfe in B\u00fchl 2019 Am letzten Wochenende fanden die Turnerbestenk\u00e4mpfe in B\u00fchl statt, bei der der TV Wintersdorf mit f\u00fcnf Mannschaften vertreten war. Im ersten Durchgang starteten in der Gauklasse 8\/9 gleich zwei Mannschaften. Obwohl unsere Turnerinnen wenig oder noch keine Erfahrungen hatten und zudem zu den J\u00fcngsten ihrer Altersklasse geh\u00f6rten, [&hellip;]<\/p>\n","protected":false},"author":3,"featured_media":0,"parent":0,"menu_order":0,"comment_status":"closed","ping_status":"closed","template":"","meta":[],"_links":{"self":[{"href":"https:\/\/tv-wintersdorf.de\/index.php?rest_route=\/wp\/v2\/pages\/3173"}],"collection":[{"href":"https:\/\/tv-wintersdorf.de\/index.php?rest_route=\/wp\/v2\/pages"}],"about":[{"href":"https:\/\/tv-wintersdorf.de\/index.php?rest_route=\/wp\/v2\/types\/page"}],"author":[{"embeddable":true,"href":"https:\/\/tv-wintersdorf.de\/index.php?rest_route=\/wp\/v2\/users\/3"}],"replies":[{"embeddable":true,"href":"https:\/\/tv-wintersdorf.de\/index.php?rest_route=%2Fwp%2Fv2%2Fcomments&post=3173"}],"version-history":[{"count":7,"href":"https:\/\/tv-wintersdorf.de\/index.php?rest_route=\/wp\/v2\/pages\/3173\/revisions"}],"predecessor-version":[{"id":5183,"href":"https:\/\/tv-wintersdorf.de\/index.php?rest_route=\/wp\/v2\/pages\/3173\/revisions\/5183"}],"wp:attachment":[{"href":"https:\/\/tv-wintersdorf.de\/index.php?rest_route=%2Fwp%2Fv2%2Fmedia&parent=3173"}],"curies":[{"name":"wp","href":"https:\/\/api.w.org\/{rel}","templated":true}]}}