{"id":3258,"date":"2019-07-01T20:11:30","date_gmt":"2019-07-01T20:11:30","guid":{"rendered":"http:\/\/tv-wintersdorf.de\/?page_id=3258"},"modified":"2022-03-26T18:42:35","modified_gmt":"2022-03-26T18:42:35","slug":"home-8-3-2-21-2-2-2-3-2-2","status":"publish","type":"page","link":"https:\/\/tv-wintersdorf.de\/?page_id=3258","title":{"rendered":"Landeskinderturnfest_Bericht_2019"},"content":{"rendered":"\t\t<div data-elementor-type=\"wp-post\" data-elementor-id=\"3258\" class=\"elementor elementor-3258\">\n\t\t\t\t\t\t<div class=\"elementor-inner\">\n\t\t\t\t<div class=\"elementor-section-wrap\">\n\t\t\t\t\t\t\t\t\t<section class=\"elementor-section elementor-top-section elementor-element elementor-element-25919ae elementor-section-boxed elementor-section-height-default elementor-section-height-default\" data-id=\"25919ae\" data-element_type=\"section\">\n\t\t\t\t\t\t<div class=\"elementor-container elementor-column-gap-default\">\n\t\t\t\t\t\t\t<div class=\"elementor-row\">\n\t\t\t\t\t<div class=\"elementor-column elementor-col-33 elementor-top-column elementor-element elementor-element-e324ff6\" data-id=\"e324ff6\" data-element_type=\"column\">\n\t\t\t<div class=\"elementor-column-wrap elementor-element-populated\">\n\t\t\t\t\t\t\t<div class=\"elementor-widget-wrap\">\n\t\t\t\t\t\t<div class=\"elementor-element elementor-element-df9d12c elementor-widget elementor-widget-image\" data-id=\"df9d12c\" data-element_type=\"widget\" data-widget_type=\"image.default\">\n\t\t\t\t<div class=\"elementor-widget-container\">\n\t\t\t\t\t\t\t\t<div class=\"elementor-image\">\n\t\t\t\t\t\t\t\t\t\t\t\t\t<a href=\"https:\/\/tv-wintersdorf.de\/\">\n\t\t\t\t\t\t\t<img decoding=\"async\" width=\"601\" height=\"355\" src=\"https:\/\/tv-wintersdorf.de\/wp-content\/uploads\/2020\/03\/Logo_Normal.jpg\" class=\"attachment-large size-large wp-image-4182\" alt=\"\" loading=\"lazy\" srcset=\"https:\/\/tv-wintersdorf.de\/wp-content\/uploads\/2020\/03\/Logo_Normal.jpg 601w, https:\/\/tv-wintersdorf.de\/wp-content\/uploads\/2020\/03\/Logo_Normal-300x177.jpg 300w, https:\/\/tv-wintersdorf.de\/wp-content\/uploads\/2020\/03\/elementor\/thumbs\/Logo_Normal-om9mlzpm3er39u5urhaj8otivup3vnofg27y7j704o.jpg 5w\" sizes=\"(max-width: 601px) 100vw, 601px\" \/>\t\t\t\t\t\t\t\t<\/a>\n\t\t\t\t\t\t\t\t\t\t\t\t\t\t<\/div>\n\t\t\t\t\t\t<\/div>\n\t\t\t\t<\/div>\n\t\t\t\t\t\t<\/div>\n\t\t\t\t\t<\/div>\n\t\t<\/div>\n\t\t\t\t<div class=\"elementor-column elementor-col-33 elementor-top-column elementor-element elementor-element-ff69041\" data-id=\"ff69041\" data-element_type=\"column\">\n\t\t\t<div class=\"elementor-column-wrap elementor-element-populated\">\n\t\t\t\t\t\t\t<div class=\"elementor-widget-wrap\">\n\t\t\t\t\t\t<div class=\"elementor-element elementor-element-9030452 elementor-widget elementor-widget-heading\" data-id=\"9030452\" data-element_type=\"widget\" data-widget_type=\"heading.default\">\n\t\t\t\t<div class=\"elementor-widget-container\">\n\t\t\t<h2 class=\"elementor-heading-title elementor-size-default\">Turnverein Wintersdorf 1919 e.V.<\/h2>\t\t<\/div>\n\t\t\t\t<\/div>\n\t\t\t\t\t\t<\/div>\n\t\t\t\t\t<\/div>\n\t\t<\/div>\n\t\t\t\t<div class=\"elementor-column elementor-col-33 elementor-top-column elementor-element elementor-element-d3fe1c0\" data-id=\"d3fe1c0\" data-element_type=\"column\">\n\t\t\t<div class=\"elementor-column-wrap elementor-element-populated\">\n\t\t\t\t\t\t\t<div class=\"elementor-widget-wrap\">\n\t\t\t\t\t\t<div class=\"elementor-element elementor-element-0accb46 elementor-widget elementor-widget-image\" data-id=\"0accb46\" data-element_type=\"widget\" data-widget_type=\"image.default\">\n\t\t\t\t<div class=\"elementor-widget-container\">\n\t\t\t\t\t\t\t\t<div class=\"elementor-image\">\n\t\t\t\t\t\t\t\t\t\t\t\t\t<a href=\"https:\/\/tv-wintersdorf.de\/\">\n\t\t\t\t\t\t\t<img decoding=\"async\" src=\"https:\/\/tv-wintersdorf.de\/wp-content\/uploads\/elementor\/thumbs\/logo2-o0ln8w9kk8lp92bz1q8gvw18xtxas6p0t7maay76fk.png\" title=\"logo2\" alt=\"logo2\" loading=\"lazy\" \/>\t\t\t\t\t\t\t\t<\/a>\n\t\t\t\t\t\t\t\t\t\t\t\t\t\t<\/div>\n\t\t\t\t\t\t<\/div>\n\t\t\t\t<\/div>\n\t\t\t\t\t\t<\/div>\n\t\t\t\t\t<\/div>\n\t\t<\/div>\n\t\t\t\t\t\t\t\t<\/div>\n\t\t\t\t\t<\/div>\n\t\t<\/section>\n\t\t\t\t<section class=\"elementor-section elementor-top-section elementor-element elementor-element-192fb37 elementor-section-boxed elementor-section-height-default elementor-section-height-default\" data-id=\"192fb37\" data-element_type=\"section\">\n\t\t\t\t\t\t<div class=\"elementor-container elementor-column-gap-default\">\n\t\t\t\t\t\t\t<div class=\"elementor-row\">\n\t\t\t\t\t<div class=\"elementor-column elementor-col-100 elementor-top-column elementor-element elementor-element-b7a404a\" data-id=\"b7a404a\" data-element_type=\"column\">\n\t\t\t<div class=\"elementor-column-wrap elementor-element-populated\">\n\t\t\t\t\t\t\t<div class=\"elementor-widget-wrap\">\n\t\t\t\t\t\t<div class=\"elementor-element elementor-element-131ecd8 elementor-widget elementor-widget-heading\" data-id=\"131ecd8\" data-element_type=\"widget\" data-widget_type=\"heading.default\">\n\t\t\t\t<div class=\"elementor-widget-container\">\n\t\t\t<h2 class=\"elementor-heading-title elementor-size-default\">Landeskinderturnfest in Bruchsal 2019\n<\/h2>\t\t<\/div>\n\t\t\t\t<\/div>\n\t\t\t\t<div class=\"elementor-element elementor-element-04e4e4e elementor-widget elementor-widget-text-editor\" data-id=\"04e4e4e\" data-element_type=\"widget\" data-widget_type=\"text-editor.default\">\n\t\t\t\t<div class=\"elementor-widget-container\">\n\t\t\t\t\t\t\t\t<div class=\"elementor-text-editor elementor-clearfix\">\n\t\t\t\t<p>Vom 31.5 bis 02.06. war es mal wieder soweit, dass die Badische Turnerjugend zum Landeskinderturnfest nach Bretten einlud. 30 Kinder und 10 Betreuer Liesen sich das nicht nehmen und folgten der Einladung.<\/p><p>Los ging es am Freitagnachmittag mit der Bahn und Autos. Vor uns lagen drei Tage mit Wettk\u00e4mpfen, H\u00fcpfburg, Air-Track, Mitmachangeboten, Party am Abend und jede Menge Spa\u00df.<\/p><p>In Bruchsal angekommen wurde gleich das Klassenzimmer bezogen und die Isomatten und Schlafs\u00e4cke ausgerollt. Nach einer St\u00e4rkung machten wir uns auf den Weg zur Er\u00f6ffnungsfeier. Mit der Verleihung des KiTu-Stars und der Kinder-Disco starteten wir in unser Turnfest.Am Samstagmorgen machten wir uns zuerst auf den Weg zum Turnfest Gel\u00e4nde um dort die vielen Mitmachangeboten auszukundschaften. Ob Air-Trak, Kletterturm, H\u00fcpfburg, DM-Stand mit Haarflechten, Buttons sowie Taschengestallten, Schminken oder Tattoo, ENBW-Wasserrutsche und vieles mehr wurde alles von uns ausprobiert.<\/p><p>Dann gings es mit unserem KinderWahlWettkampf los. Immer als vierer oder dreier Mannschaft, hatten wir uns die Disziplinen Boden, Trampolin, Zielwerfen und eine Zusatzaufgabe ausgesucht. Alle Kinder zeigten tolle \u00dcbungen und erhielten eine Urkunde und eine Turnfestmedaille. Die Freude war gro\u00df, dass gleich zwei Mannschaften den Titel des Turnfestsieger mit nach Hause nehmen durften. In der gemischten Mannschaft turnten Salome Gro\u00df, Saskia Schnurr, Kayla Ludwig und Enrico Papia und in der erfolgreichen Buben Mannschaft waren Jonas St\u00fcber, Mikas Juschus, Jordano Heitz und Noel Jaggi.<\/p><p>Am Abend r\u00fcsteten sich alle wieder f\u00fcr die BTJ-Kinder-Disco bei der zu cooler Musik nochmal getanzt werden durfte.<\/p><p>Am Sonntag stand der Muck und Minchen-Test noch auf dem Programm, bevor die Mitmachangebote nochmal unsicher gemacht wurden. Dann ging es gegen Nachmittag m\u00fcde aber gl\u00fccklich mit der Bahn wieder nach Hause.<\/p><p>Wir hatten ein tolles Wochenende und alle Kinder sowie auch die Betreuer waren sich einig in zwei Jahren bei n\u00e4chsten Landeskinderturnfest sind wir wieder mit dabei.<\/p>\t\t\t\t\t<\/div>\n\t\t\t\t\t\t<\/div>\n\t\t\t\t<\/div>\n\t\t\t\t<div class=\"elementor-element elementor-element-49f263e elementor-widget elementor-widget-image\" data-id=\"49f263e\" data-element_type=\"widget\" data-widget_type=\"image.default\">\n\t\t\t\t<div class=\"elementor-widget-container\">\n\t\t\t\t\t\t\t\t<div class=\"elementor-image\">\n\t\t\t\t\t\t\t\t\t\t\t\t<img decoding=\"async\" width=\"1024\" height=\"768\" src=\"https:\/\/tv-wintersdorf.de\/wp-content\/uploads\/2019\/07\/LKTF_Gruppenbild-1024x768.jpg\" class=\"attachment-large size-large wp-image-3255\" alt=\"\" loading=\"lazy\" srcset=\"https:\/\/tv-wintersdorf.de\/wp-content\/uploads\/2019\/07\/LKTF_Gruppenbild-1024x768.jpg 1024w, https:\/\/tv-wintersdorf.de\/wp-content\/uploads\/2019\/07\/LKTF_Gruppenbild-300x225.jpg 300w, https:\/\/tv-wintersdorf.de\/wp-content\/uploads\/2019\/07\/LKTF_Gruppenbild-768x576.jpg 768w, https:\/\/tv-wintersdorf.de\/wp-content\/uploads\/2019\/07\/LKTF_Gruppenbild-1320x990.jpg 1320w\" sizes=\"(max-width: 1024px) 100vw, 1024px\" \/>\t\t\t\t\t\t\t\t\t\t\t\t\t\t<\/div>\n\t\t\t\t\t\t<\/div>\n\t\t\t\t<\/div>\n\t\t\t\t\t\t<\/div>\n\t\t\t\t\t<\/div>\n\t\t<\/div>\n\t\t\t\t\t\t\t\t<\/div>\n\t\t\t\t\t<\/div>\n\t\t<\/section>\n\t\t\t\t\t\t\t\t\t<\/div>\n\t\t\t<\/div>\n\t\t\t\t\t<\/div>\n\t\t","protected":false},"excerpt":{"rendered":"<p>Turnverein Wintersdorf 1919 e.V. Landeskinderturnfest in Bruchsal 2019 Vom 31.5 bis 02.06. war es mal wieder soweit, dass die Badische Turnerjugend zum Landeskinderturnfest nach Bretten einlud. 30 Kinder und 10 Betreuer Liesen sich das nicht nehmen und folgten der Einladung. Los ging es am Freitagnachmittag mit der Bahn und Autos. Vor uns lagen drei Tage [&hellip;]<\/p>\n","protected":false},"author":3,"featured_media":0,"parent":0,"menu_order":0,"comment_status":"closed","ping_status":"closed","template":"","meta":[],"_links":{"self":[{"href":"https:\/\/tv-wintersdorf.de\/index.php?rest_route=\/wp\/v2\/pages\/3258"}],"collection":[{"href":"https:\/\/tv-wintersdorf.de\/index.php?rest_route=\/wp\/v2\/pages"}],"about":[{"href":"https:\/\/tv-wintersdorf.de\/index.php?rest_route=\/wp\/v2\/types\/page"}],"author":[{"embeddable":true,"href":"https:\/\/tv-wintersdorf.de\/index.php?rest_route=\/wp\/v2\/users\/3"}],"replies":[{"embeddable":true,"href":"https:\/\/tv-wintersdorf.de\/index.php?rest_route=%2Fwp%2Fv2%2Fcomments&post=3258"}],"version-history":[{"count":6,"href":"https:\/\/tv-wintersdorf.de\/index.php?rest_route=\/wp\/v2\/pages\/3258\/revisions"}],"predecessor-version":[{"id":5189,"href":"https:\/\/tv-wintersdorf.de\/index.php?rest_route=\/wp\/v2\/pages\/3258\/revisions\/5189"}],"wp:attachment":[{"href":"https:\/\/tv-wintersdorf.de\/index.php?rest_route=%2Fwp%2Fv2%2Fmedia&parent=3258"}],"curies":[{"name":"wp","href":"https:\/\/api.w.org\/{rel}","templated":true}]}}