{"id":3281,"date":"2019-07-14T18:05:23","date_gmt":"2019-07-14T18:05:23","guid":{"rendered":"http:\/\/tv-wintersdorf.de\/?page_id=3281"},"modified":"2022-03-26T18:43:57","modified_gmt":"2022-03-26T18:43:57","slug":"home-8-3-2-21-2-2-2-3-2-2-2-2","status":"publish","type":"page","link":"https:\/\/tv-wintersdorf.de\/?page_id=3281","title":{"rendered":"Kleinkinderturnfest_Bericht_2019"},"content":{"rendered":"\t\t<div data-elementor-type=\"wp-post\" data-elementor-id=\"3281\" class=\"elementor elementor-3281\">\n\t\t\t\t\t\t<div class=\"elementor-inner\">\n\t\t\t\t<div class=\"elementor-section-wrap\">\n\t\t\t\t\t\t\t\t\t<section class=\"elementor-section elementor-top-section elementor-element elementor-element-25919ae elementor-section-boxed elementor-section-height-default elementor-section-height-default\" data-id=\"25919ae\" data-element_type=\"section\">\n\t\t\t\t\t\t<div class=\"elementor-container elementor-column-gap-default\">\n\t\t\t\t\t\t\t<div class=\"elementor-row\">\n\t\t\t\t\t<div class=\"elementor-column elementor-col-33 elementor-top-column elementor-element elementor-element-e324ff6\" data-id=\"e324ff6\" data-element_type=\"column\">\n\t\t\t<div class=\"elementor-column-wrap elementor-element-populated\">\n\t\t\t\t\t\t\t<div class=\"elementor-widget-wrap\">\n\t\t\t\t\t\t<div class=\"elementor-element elementor-element-df9d12c elementor-widget elementor-widget-image\" data-id=\"df9d12c\" data-element_type=\"widget\" data-widget_type=\"image.default\">\n\t\t\t\t<div class=\"elementor-widget-container\">\n\t\t\t\t\t\t\t\t<div class=\"elementor-image\">\n\t\t\t\t\t\t\t\t\t\t\t\t\t<a href=\"https:\/\/tv-wintersdorf.de\/\">\n\t\t\t\t\t\t\t<img decoding=\"async\" width=\"601\" height=\"355\" src=\"https:\/\/tv-wintersdorf.de\/wp-content\/uploads\/2020\/03\/Logo_Normal.jpg\" class=\"attachment-large size-large wp-image-4182\" alt=\"\" loading=\"lazy\" srcset=\"https:\/\/tv-wintersdorf.de\/wp-content\/uploads\/2020\/03\/Logo_Normal.jpg 601w, https:\/\/tv-wintersdorf.de\/wp-content\/uploads\/2020\/03\/Logo_Normal-300x177.jpg 300w, https:\/\/tv-wintersdorf.de\/wp-content\/uploads\/2020\/03\/elementor\/thumbs\/Logo_Normal-om9mlzpm3er39u5urhaj8otivup3vnofg27y7j704o.jpg 5w\" sizes=\"(max-width: 601px) 100vw, 601px\" \/>\t\t\t\t\t\t\t\t<\/a>\n\t\t\t\t\t\t\t\t\t\t\t\t\t\t<\/div>\n\t\t\t\t\t\t<\/div>\n\t\t\t\t<\/div>\n\t\t\t\t\t\t<\/div>\n\t\t\t\t\t<\/div>\n\t\t<\/div>\n\t\t\t\t<div class=\"elementor-column elementor-col-33 elementor-top-column elementor-element elementor-element-ff69041\" data-id=\"ff69041\" data-element_type=\"column\">\n\t\t\t<div class=\"elementor-column-wrap elementor-element-populated\">\n\t\t\t\t\t\t\t<div class=\"elementor-widget-wrap\">\n\t\t\t\t\t\t<div class=\"elementor-element elementor-element-9030452 elementor-widget elementor-widget-heading\" data-id=\"9030452\" data-element_type=\"widget\" data-widget_type=\"heading.default\">\n\t\t\t\t<div class=\"elementor-widget-container\">\n\t\t\t<h2 class=\"elementor-heading-title elementor-size-default\">Turnverein Wintersdorf 1919 e.V.<\/h2>\t\t<\/div>\n\t\t\t\t<\/div>\n\t\t\t\t\t\t<\/div>\n\t\t\t\t\t<\/div>\n\t\t<\/div>\n\t\t\t\t<div class=\"elementor-column elementor-col-33 elementor-top-column elementor-element elementor-element-d3fe1c0\" data-id=\"d3fe1c0\" data-element_type=\"column\">\n\t\t\t<div class=\"elementor-column-wrap elementor-element-populated\">\n\t\t\t\t\t\t\t<div class=\"elementor-widget-wrap\">\n\t\t\t\t\t\t<div class=\"elementor-element elementor-element-0accb46 elementor-widget elementor-widget-image\" data-id=\"0accb46\" data-element_type=\"widget\" data-widget_type=\"image.default\">\n\t\t\t\t<div class=\"elementor-widget-container\">\n\t\t\t\t\t\t\t\t<div class=\"elementor-image\">\n\t\t\t\t\t\t\t\t\t\t\t\t\t<a href=\"https:\/\/tv-wintersdorf.de\/\">\n\t\t\t\t\t\t\t<img decoding=\"async\" src=\"https:\/\/tv-wintersdorf.de\/wp-content\/uploads\/elementor\/thumbs\/logo2-o0ln8w9kk8lp92bz1q8gvw18xtxas6p0t7maay76fk.png\" title=\"logo2\" alt=\"logo2\" loading=\"lazy\" \/>\t\t\t\t\t\t\t\t<\/a>\n\t\t\t\t\t\t\t\t\t\t\t\t\t\t<\/div>\n\t\t\t\t\t\t<\/div>\n\t\t\t\t<\/div>\n\t\t\t\t\t\t<\/div>\n\t\t\t\t\t<\/div>\n\t\t<\/div>\n\t\t\t\t\t\t\t\t<\/div>\n\t\t\t\t\t<\/div>\n\t\t<\/section>\n\t\t\t\t<section class=\"elementor-section elementor-top-section elementor-element elementor-element-192fb37 elementor-section-boxed elementor-section-height-default elementor-section-height-default\" data-id=\"192fb37\" data-element_type=\"section\">\n\t\t\t\t\t\t<div class=\"elementor-container elementor-column-gap-default\">\n\t\t\t\t\t\t\t<div class=\"elementor-row\">\n\t\t\t\t\t<div class=\"elementor-column elementor-col-100 elementor-top-column elementor-element elementor-element-b7a404a\" data-id=\"b7a404a\" data-element_type=\"column\">\n\t\t\t<div class=\"elementor-column-wrap elementor-element-populated\">\n\t\t\t\t\t\t\t<div class=\"elementor-widget-wrap\">\n\t\t\t\t\t\t<div class=\"elementor-element elementor-element-131ecd8 elementor-widget elementor-widget-heading\" data-id=\"131ecd8\" data-element_type=\"widget\" data-widget_type=\"heading.default\">\n\t\t\t\t<div class=\"elementor-widget-container\">\n\t\t\t<h2 class=\"elementor-heading-title elementor-size-default\">Eltern-Kind und Kleinkinderturnfest in Bischweier\n<\/h2>\t\t<\/div>\n\t\t\t\t<\/div>\n\t\t\t\t<div class=\"elementor-element elementor-element-04e4e4e elementor-widget elementor-widget-text-editor\" data-id=\"04e4e4e\" data-element_type=\"widget\" data-widget_type=\"text-editor.default\">\n\t\t\t\t<div class=\"elementor-widget-container\">\n\t\t\t\t\t\t\t\t<div class=\"elementor-text-editor elementor-clearfix\">\n\t\t\t\t<p>Am vergangenen Samstag fand das Eltern-Kind und Kleinkinderturnfest in Bischweier statt. 6 Kinder mit ihren Mamas der ElternKindGruppe und 11 Kleinkinder mit ihren \u00dcbungsleitern waren von uns beim Wettkampf mit dabei. Unter dem Motto \u201eWir erkunden das Universum\u201c hatte die Turngaujugend eingeladen.<\/p><p>Nach dem Begr\u00fc\u00dfungslied \u201eDie Maus auf Weltraumreise\u201c starteten wir mit dem Ger\u00e4teparcours. \u00dcber den H\u00fcpfplaneten, zum Wackelplanet, zum Rutschplant und auch der Hindernisplanet waren acht Stationen zu turnen.<\/p><p>Nachdem alle Planeten \u00fcberwunden worden waren, wurde ganz stolz von den Kindern die Medaille und die Urkunde f\u00fcr die tolle Leistung entgegengenommen.<\/p><p>Mit einem Fingerspiel verabschiedete man sich, und freute sich auf ein Wiedersehen. Es war ein gelungener Wettkampf, die kleinen Turnerinnen und Turner hatten viel Spa\u00df dabei und gingen m\u00fcde aber gl\u00fccklich nach Hause.<\/p>\t\t\t\t\t<\/div>\n\t\t\t\t\t\t<\/div>\n\t\t\t\t<\/div>\n\t\t\t\t\t\t<\/div>\n\t\t\t\t\t<\/div>\n\t\t<\/div>\n\t\t\t\t\t\t\t\t<\/div>\n\t\t\t\t\t<\/div>\n\t\t<\/section>\n\t\t\t\t<section class=\"elementor-section elementor-top-section elementor-element elementor-element-4f8af99 elementor-section-boxed elementor-section-height-default elementor-section-height-default\" data-id=\"4f8af99\" data-element_type=\"section\">\n\t\t\t\t\t\t<div class=\"elementor-container elementor-column-gap-default\">\n\t\t\t\t\t\t\t<div class=\"elementor-row\">\n\t\t\t\t\t<div class=\"elementor-column elementor-col-100 elementor-top-column elementor-element elementor-element-9318a4a\" data-id=\"9318a4a\" data-element_type=\"column\">\n\t\t\t<div class=\"elementor-column-wrap elementor-element-populated\">\n\t\t\t\t\t\t\t<div class=\"elementor-widget-wrap\">\n\t\t\t\t\t\t<div class=\"elementor-element elementor-element-7c7cb9f elementor-widget elementor-widget-image-gallery\" data-id=\"7c7cb9f\" data-element_type=\"widget\" data-widget_type=\"image-gallery.default\">\n\t\t\t\t<div class=\"elementor-widget-container\">\n\t\t\t\t\t<div class=\"elementor-image-gallery\">\n\t\t\t<div id='gallery-1' class='gallery galleryid-3281 gallery-columns-4 gallery-size-medium'><figure class='gallery-item'>\n\t\t\t<div class='gallery-icon landscape'>\n\t\t\t\t<a data-elementor-open-lightbox=\"yes\" data-elementor-lightbox-slideshow=\"7c7cb9f\" data-elementor-lightbox-title=\"Turnfest_2\" e-action-hash=\"#elementor-action%3Aaction%3Dlightbox%26settings%3DeyJpZCI6MzI5MiwidXJsIjoiaHR0cHM6XC9cL3R2LXdpbnRlcnNkb3JmLmRlXC93cC1jb250ZW50XC91cGxvYWRzXC8yMDE5XC8wN1wvVHVybmZlc3RfMi5qcGciLCJzbGlkZXNob3ciOiI3YzdjYjlmIn0%3D\" href='https:\/\/tv-wintersdorf.de\/wp-content\/uploads\/2019\/07\/Turnfest_2.jpg'><img width=\"300\" height=\"225\" src=\"https:\/\/tv-wintersdorf.de\/wp-content\/uploads\/2019\/07\/Turnfest_2-300x225.jpg\" class=\"attachment-medium size-medium\" alt=\"\" decoding=\"async\" loading=\"lazy\" srcset=\"https:\/\/tv-wintersdorf.de\/wp-content\/uploads\/2019\/07\/Turnfest_2-300x225.jpg 300w, https:\/\/tv-wintersdorf.de\/wp-content\/uploads\/2019\/07\/Turnfest_2-768x576.jpg 768w, https:\/\/tv-wintersdorf.de\/wp-content\/uploads\/2019\/07\/Turnfest_2-1024x768.jpg 1024w, https:\/\/tv-wintersdorf.de\/wp-content\/uploads\/2019\/07\/Turnfest_2-1320x990.jpg 1320w, https:\/\/tv-wintersdorf.de\/wp-content\/uploads\/2019\/07\/Turnfest_2.jpg 1600w\" sizes=\"(max-width: 300px) 100vw, 300px\" \/><\/a>\n\t\t\t<\/div><\/figure><figure class='gallery-item'>\n\t\t\t<div class='gallery-icon landscape'>\n\t\t\t\t<a data-elementor-open-lightbox=\"yes\" data-elementor-lightbox-slideshow=\"7c7cb9f\" data-elementor-lightbox-title=\"IMG-20190709-WA0012\" e-action-hash=\"#elementor-action%3Aaction%3Dlightbox%26settings%3DeyJpZCI6MzI5MSwidXJsIjoiaHR0cHM6XC9cL3R2LXdpbnRlcnNkb3JmLmRlXC93cC1jb250ZW50XC91cGxvYWRzXC8yMDE5XC8wN1wvSU1HLTIwMTkwNzA5LVdBMDAxMi5qcGciLCJzbGlkZXNob3ciOiI3YzdjYjlmIn0%3D\" href='https:\/\/tv-wintersdorf.de\/wp-content\/uploads\/2019\/07\/IMG-20190709-WA0012.jpg'><img width=\"300\" height=\"225\" src=\"https:\/\/tv-wintersdorf.de\/wp-content\/uploads\/2019\/07\/IMG-20190709-WA0012-300x225.jpg\" class=\"attachment-medium size-medium\" alt=\"\" decoding=\"async\" loading=\"lazy\" srcset=\"https:\/\/tv-wintersdorf.de\/wp-content\/uploads\/2019\/07\/IMG-20190709-WA0012-300x225.jpg 300w, https:\/\/tv-wintersdorf.de\/wp-content\/uploads\/2019\/07\/IMG-20190709-WA0012-768x576.jpg 768w, https:\/\/tv-wintersdorf.de\/wp-content\/uploads\/2019\/07\/IMG-20190709-WA0012-1024x768.jpg 1024w, https:\/\/tv-wintersdorf.de\/wp-content\/uploads\/2019\/07\/IMG-20190709-WA0012-1320x990.jpg 1320w, https:\/\/tv-wintersdorf.de\/wp-content\/uploads\/2019\/07\/IMG-20190709-WA0012.jpg 1600w\" sizes=\"(max-width: 300px) 100vw, 300px\" \/><\/a>\n\t\t\t<\/div><\/figure><figure class='gallery-item'>\n\t\t\t<div class='gallery-icon landscape'>\n\t\t\t\t<a data-elementor-open-lightbox=\"yes\" data-elementor-lightbox-slideshow=\"7c7cb9f\" data-elementor-lightbox-title=\"IMG-20190709-WA0011\" e-action-hash=\"#elementor-action%3Aaction%3Dlightbox%26settings%3DeyJpZCI6MzI5MCwidXJsIjoiaHR0cHM6XC9cL3R2LXdpbnRlcnNkb3JmLmRlXC93cC1jb250ZW50XC91cGxvYWRzXC8yMDE5XC8wN1wvSU1HLTIwMTkwNzA5LVdBMDAxMS5qcGciLCJzbGlkZXNob3ciOiI3YzdjYjlmIn0%3D\" href='https:\/\/tv-wintersdorf.de\/wp-content\/uploads\/2019\/07\/IMG-20190709-WA0011.jpg'><img width=\"300\" height=\"225\" src=\"https:\/\/tv-wintersdorf.de\/wp-content\/uploads\/2019\/07\/IMG-20190709-WA0011-300x225.jpg\" class=\"attachment-medium size-medium\" alt=\"\" decoding=\"async\" loading=\"lazy\" srcset=\"https:\/\/tv-wintersdorf.de\/wp-content\/uploads\/2019\/07\/IMG-20190709-WA0011-300x225.jpg 300w, https:\/\/tv-wintersdorf.de\/wp-content\/uploads\/2019\/07\/IMG-20190709-WA0011-768x576.jpg 768w, https:\/\/tv-wintersdorf.de\/wp-content\/uploads\/2019\/07\/IMG-20190709-WA0011-1024x768.jpg 1024w, https:\/\/tv-wintersdorf.de\/wp-content\/uploads\/2019\/07\/IMG-20190709-WA0011-1320x990.jpg 1320w, https:\/\/tv-wintersdorf.de\/wp-content\/uploads\/2019\/07\/IMG-20190709-WA0011.jpg 1600w\" sizes=\"(max-width: 300px) 100vw, 300px\" \/><\/a>\n\t\t\t<\/div><\/figure><figure class='gallery-item'>\n\t\t\t<div class='gallery-icon landscape'>\n\t\t\t\t<a data-elementor-open-lightbox=\"yes\" data-elementor-lightbox-slideshow=\"7c7cb9f\" data-elementor-lightbox-title=\"IMG-20190709-WA0010\" e-action-hash=\"#elementor-action%3Aaction%3Dlightbox%26settings%3DeyJpZCI6MzI4OSwidXJsIjoiaHR0cHM6XC9cL3R2LXdpbnRlcnNkb3JmLmRlXC93cC1jb250ZW50XC91cGxvYWRzXC8yMDE5XC8wN1wvSU1HLTIwMTkwNzA5LVdBMDAxMC5qcGciLCJzbGlkZXNob3ciOiI3YzdjYjlmIn0%3D\" href='https:\/\/tv-wintersdorf.de\/wp-content\/uploads\/2019\/07\/IMG-20190709-WA0010.jpg'><img width=\"300\" height=\"225\" src=\"https:\/\/tv-wintersdorf.de\/wp-content\/uploads\/2019\/07\/IMG-20190709-WA0010-300x225.jpg\" class=\"attachment-medium size-medium\" alt=\"\" decoding=\"async\" loading=\"lazy\" srcset=\"https:\/\/tv-wintersdorf.de\/wp-content\/uploads\/2019\/07\/IMG-20190709-WA0010-300x225.jpg 300w, https:\/\/tv-wintersdorf.de\/wp-content\/uploads\/2019\/07\/IMG-20190709-WA0010-768x576.jpg 768w, https:\/\/tv-wintersdorf.de\/wp-content\/uploads\/2019\/07\/IMG-20190709-WA0010-1024x768.jpg 1024w, https:\/\/tv-wintersdorf.de\/wp-content\/uploads\/2019\/07\/IMG-20190709-WA0010-1320x990.jpg 1320w, https:\/\/tv-wintersdorf.de\/wp-content\/uploads\/2019\/07\/IMG-20190709-WA0010.jpg 1600w\" sizes=\"(max-width: 300px) 100vw, 300px\" \/><\/a>\n\t\t\t<\/div><\/figure><figure class='gallery-item'>\n\t\t\t<div class='gallery-icon landscape'>\n\t\t\t\t<a data-elementor-open-lightbox=\"yes\" data-elementor-lightbox-slideshow=\"7c7cb9f\" data-elementor-lightbox-title=\"IMG-20190709-WA0009\" e-action-hash=\"#elementor-action%3Aaction%3Dlightbox%26settings%3DeyJpZCI6MzI4OCwidXJsIjoiaHR0cHM6XC9cL3R2LXdpbnRlcnNkb3JmLmRlXC93cC1jb250ZW50XC91cGxvYWRzXC8yMDE5XC8wN1wvSU1HLTIwMTkwNzA5LVdBMDAwOS5qcGciLCJzbGlkZXNob3ciOiI3YzdjYjlmIn0%3D\" href='https:\/\/tv-wintersdorf.de\/wp-content\/uploads\/2019\/07\/IMG-20190709-WA0009.jpg'><img width=\"300\" height=\"225\" src=\"https:\/\/tv-wintersdorf.de\/wp-content\/uploads\/2019\/07\/IMG-20190709-WA0009-300x225.jpg\" class=\"attachment-medium size-medium\" alt=\"\" decoding=\"async\" loading=\"lazy\" srcset=\"https:\/\/tv-wintersdorf.de\/wp-content\/uploads\/2019\/07\/IMG-20190709-WA0009-300x225.jpg 300w, https:\/\/tv-wintersdorf.de\/wp-content\/uploads\/2019\/07\/IMG-20190709-WA0009-768x576.jpg 768w, https:\/\/tv-wintersdorf.de\/wp-content\/uploads\/2019\/07\/IMG-20190709-WA0009-1024x768.jpg 1024w, https:\/\/tv-wintersdorf.de\/wp-content\/uploads\/2019\/07\/IMG-20190709-WA0009-1320x990.jpg 1320w, https:\/\/tv-wintersdorf.de\/wp-content\/uploads\/2019\/07\/IMG-20190709-WA0009.jpg 1600w\" sizes=\"(max-width: 300px) 100vw, 300px\" \/><\/a>\n\t\t\t<\/div><\/figure><figure class='gallery-item'>\n\t\t\t<div class='gallery-icon landscape'>\n\t\t\t\t<a data-elementor-open-lightbox=\"yes\" data-elementor-lightbox-slideshow=\"7c7cb9f\" data-elementor-lightbox-title=\"IMG-20190709-WA0008\" e-action-hash=\"#elementor-action%3Aaction%3Dlightbox%26settings%3DeyJpZCI6MzI4NywidXJsIjoiaHR0cHM6XC9cL3R2LXdpbnRlcnNkb3JmLmRlXC93cC1jb250ZW50XC91cGxvYWRzXC8yMDE5XC8wN1wvSU1HLTIwMTkwNzA5LVdBMDAwOC0xLmpwZyIsInNsaWRlc2hvdyI6IjdjN2NiOWYifQ%3D%3D\" href='https:\/\/tv-wintersdorf.de\/wp-content\/uploads\/2019\/07\/IMG-20190709-WA0008-1.jpg'><img width=\"300\" height=\"225\" src=\"https:\/\/tv-wintersdorf.de\/wp-content\/uploads\/2019\/07\/IMG-20190709-WA0008-1-300x225.jpg\" class=\"attachment-medium size-medium\" alt=\"\" decoding=\"async\" loading=\"lazy\" srcset=\"https:\/\/tv-wintersdorf.de\/wp-content\/uploads\/2019\/07\/IMG-20190709-WA0008-1-300x225.jpg 300w, https:\/\/tv-wintersdorf.de\/wp-content\/uploads\/2019\/07\/IMG-20190709-WA0008-1-768x576.jpg 768w, https:\/\/tv-wintersdorf.de\/wp-content\/uploads\/2019\/07\/IMG-20190709-WA0008-1-1024x768.jpg 1024w, https:\/\/tv-wintersdorf.de\/wp-content\/uploads\/2019\/07\/IMG-20190709-WA0008-1-1320x990.jpg 1320w, https:\/\/tv-wintersdorf.de\/wp-content\/uploads\/2019\/07\/IMG-20190709-WA0008-1.jpg 1600w\" sizes=\"(max-width: 300px) 100vw, 300px\" \/><\/a>\n\t\t\t<\/div><\/figure><figure class='gallery-item'>\n\t\t\t<div class='gallery-icon landscape'>\n\t\t\t\t<a data-elementor-open-lightbox=\"yes\" data-elementor-lightbox-slideshow=\"7c7cb9f\" data-elementor-lightbox-title=\"IMG-20190707-WA0002\" e-action-hash=\"#elementor-action%3Aaction%3Dlightbox%26settings%3DeyJpZCI6MzI4NiwidXJsIjoiaHR0cHM6XC9cL3R2LXdpbnRlcnNkb3JmLmRlXC93cC1jb250ZW50XC91cGxvYWRzXC8yMDE5XC8wN1wvSU1HLTIwMTkwNzA3LVdBMDAwMi5qcGciLCJzbGlkZXNob3ciOiI3YzdjYjlmIn0%3D\" href='https:\/\/tv-wintersdorf.de\/wp-content\/uploads\/2019\/07\/IMG-20190707-WA0002.jpg'><img width=\"300\" height=\"225\" src=\"https:\/\/tv-wintersdorf.de\/wp-content\/uploads\/2019\/07\/IMG-20190707-WA0002-300x225.jpg\" class=\"attachment-medium size-medium\" alt=\"\" decoding=\"async\" loading=\"lazy\" srcset=\"https:\/\/tv-wintersdorf.de\/wp-content\/uploads\/2019\/07\/IMG-20190707-WA0002-300x225.jpg 300w, https:\/\/tv-wintersdorf.de\/wp-content\/uploads\/2019\/07\/IMG-20190707-WA0002-768x576.jpg 768w, https:\/\/tv-wintersdorf.de\/wp-content\/uploads\/2019\/07\/IMG-20190707-WA0002-1024x768.jpg 1024w, https:\/\/tv-wintersdorf.de\/wp-content\/uploads\/2019\/07\/IMG-20190707-WA0002-1320x990.jpg 1320w, https:\/\/tv-wintersdorf.de\/wp-content\/uploads\/2019\/07\/IMG-20190707-WA0002.jpg 1600w\" sizes=\"(max-width: 300px) 100vw, 300px\" \/><\/a>\n\t\t\t<\/div><\/figure><figure class='gallery-item'>\n\t\t\t<div class='gallery-icon landscape'>\n\t\t\t\t<a data-elementor-open-lightbox=\"yes\" data-elementor-lightbox-slideshow=\"7c7cb9f\" data-elementor-lightbox-title=\"IMG-20190709-WA0008\" e-action-hash=\"#elementor-action%3Aaction%3Dlightbox%26settings%3DeyJpZCI6MzI4NCwidXJsIjoiaHR0cHM6XC9cL3R2LXdpbnRlcnNkb3JmLmRlXC93cC1jb250ZW50XC91cGxvYWRzXC8yMDE5XC8wN1wvSU1HLTIwMTkwNzA5LVdBMDAwOC5qcGciLCJzbGlkZXNob3ciOiI3YzdjYjlmIn0%3D\" href='https:\/\/tv-wintersdorf.de\/wp-content\/uploads\/2019\/07\/IMG-20190709-WA0008.jpg'><img width=\"300\" height=\"225\" src=\"https:\/\/tv-wintersdorf.de\/wp-content\/uploads\/2019\/07\/IMG-20190709-WA0008-300x225.jpg\" class=\"attachment-medium size-medium\" alt=\"\" decoding=\"async\" loading=\"lazy\" srcset=\"https:\/\/tv-wintersdorf.de\/wp-content\/uploads\/2019\/07\/IMG-20190709-WA0008-300x225.jpg 300w, https:\/\/tv-wintersdorf.de\/wp-content\/uploads\/2019\/07\/IMG-20190709-WA0008-768x576.jpg 768w, https:\/\/tv-wintersdorf.de\/wp-content\/uploads\/2019\/07\/IMG-20190709-WA0008-1024x768.jpg 1024w, https:\/\/tv-wintersdorf.de\/wp-content\/uploads\/2019\/07\/IMG-20190709-WA0008-1320x990.jpg 1320w, https:\/\/tv-wintersdorf.de\/wp-content\/uploads\/2019\/07\/IMG-20190709-WA0008.jpg 1600w\" sizes=\"(max-width: 300px) 100vw, 300px\" \/><\/a>\n\t\t\t<\/div><\/figure>\n\t\t<\/div>\n\t\t<\/div>\n\t\t\t\t<\/div>\n\t\t\t\t<\/div>\n\t\t\t\t\t\t<\/div>\n\t\t\t\t\t<\/div>\n\t\t<\/div>\n\t\t\t\t\t\t\t\t<\/div>\n\t\t\t\t\t<\/div>\n\t\t<\/section>\n\t\t\t\t\t\t\t\t\t<\/div>\n\t\t\t<\/div>\n\t\t\t\t\t<\/div>\n\t\t","protected":false},"excerpt":{"rendered":"<p>Turnverein Wintersdorf 1919 e.V. Eltern-Kind und Kleinkinderturnfest in Bischweier Am vergangenen Samstag fand das Eltern-Kind und Kleinkinderturnfest in Bischweier statt. 6 Kinder mit ihren Mamas der ElternKindGruppe und 11 Kleinkinder mit ihren \u00dcbungsleitern waren von uns beim Wettkampf mit dabei. Unter dem Motto \u201eWir erkunden das Universum\u201c hatte die Turngaujugend eingeladen. Nach dem Begr\u00fc\u00dfungslied \u201eDie [&hellip;]<\/p>\n","protected":false},"author":3,"featured_media":0,"parent":0,"menu_order":0,"comment_status":"closed","ping_status":"closed","template":"","meta":[],"_links":{"self":[{"href":"https:\/\/tv-wintersdorf.de\/index.php?rest_route=\/wp\/v2\/pages\/3281"}],"collection":[{"href":"https:\/\/tv-wintersdorf.de\/index.php?rest_route=\/wp\/v2\/pages"}],"about":[{"href":"https:\/\/tv-wintersdorf.de\/index.php?rest_route=\/wp\/v2\/types\/page"}],"author":[{"embeddable":true,"href":"https:\/\/tv-wintersdorf.de\/index.php?rest_route=\/wp\/v2\/users\/3"}],"replies":[{"embeddable":true,"href":"https:\/\/tv-wintersdorf.de\/index.php?rest_route=%2Fwp%2Fv2%2Fcomments&post=3281"}],"version-history":[{"count":5,"href":"https:\/\/tv-wintersdorf.de\/index.php?rest_route=\/wp\/v2\/pages\/3281\/revisions"}],"predecessor-version":[{"id":5198,"href":"https:\/\/tv-wintersdorf.de\/index.php?rest_route=\/wp\/v2\/pages\/3281\/revisions\/5198"}],"wp:attachment":[{"href":"https:\/\/tv-wintersdorf.de\/index.php?rest_route=%2Fwp%2Fv2%2Fmedia&parent=3281"}],"curies":[{"name":"wp","href":"https:\/\/api.w.org\/{rel}","templated":true}]}}