{"id":3392,"date":"2019-07-21T19:14:46","date_gmt":"2019-07-21T19:14:46","guid":{"rendered":"http:\/\/tv-wintersdorf.de\/?page_id=3392"},"modified":"2022-03-26T18:44:54","modified_gmt":"2022-03-26T18:44:54","slug":"home-8-3-2-21-2-2-2-3-2-2-2-3","status":"publish","type":"page","link":"https:\/\/tv-wintersdorf.de\/?page_id=3392","title":{"rendered":"Vereinsmeisterschaften_Bericht_2019"},"content":{"rendered":"\t\t<div data-elementor-type=\"wp-post\" data-elementor-id=\"3392\" class=\"elementor elementor-3392\">\n\t\t\t\t\t\t<div class=\"elementor-inner\">\n\t\t\t\t<div class=\"elementor-section-wrap\">\n\t\t\t\t\t\t\t\t\t<section class=\"elementor-section elementor-top-section elementor-element elementor-element-25919ae elementor-section-boxed elementor-section-height-default elementor-section-height-default\" data-id=\"25919ae\" data-element_type=\"section\">\n\t\t\t\t\t\t<div class=\"elementor-container elementor-column-gap-default\">\n\t\t\t\t\t\t\t<div class=\"elementor-row\">\n\t\t\t\t\t<div class=\"elementor-column elementor-col-33 elementor-top-column elementor-element elementor-element-e324ff6\" data-id=\"e324ff6\" data-element_type=\"column\">\n\t\t\t<div class=\"elementor-column-wrap elementor-element-populated\">\n\t\t\t\t\t\t\t<div class=\"elementor-widget-wrap\">\n\t\t\t\t\t\t<div class=\"elementor-element elementor-element-df9d12c elementor-widget elementor-widget-image\" data-id=\"df9d12c\" data-element_type=\"widget\" data-widget_type=\"image.default\">\n\t\t\t\t<div class=\"elementor-widget-container\">\n\t\t\t\t\t\t\t\t<div class=\"elementor-image\">\n\t\t\t\t\t\t\t\t\t\t\t\t\t<a href=\"https:\/\/tv-wintersdorf.de\/\">\n\t\t\t\t\t\t\t<img decoding=\"async\" width=\"601\" height=\"355\" src=\"https:\/\/tv-wintersdorf.de\/wp-content\/uploads\/2020\/03\/Logo_Normal.jpg\" class=\"attachment-large size-large wp-image-4182\" alt=\"\" loading=\"lazy\" srcset=\"https:\/\/tv-wintersdorf.de\/wp-content\/uploads\/2020\/03\/Logo_Normal.jpg 601w, https:\/\/tv-wintersdorf.de\/wp-content\/uploads\/2020\/03\/Logo_Normal-300x177.jpg 300w, https:\/\/tv-wintersdorf.de\/wp-content\/uploads\/2020\/03\/elementor\/thumbs\/Logo_Normal-om9mlzpm3er39u5urhaj8otivup3vnofg27y7j704o.jpg 5w\" sizes=\"(max-width: 601px) 100vw, 601px\" \/>\t\t\t\t\t\t\t\t<\/a>\n\t\t\t\t\t\t\t\t\t\t\t\t\t\t<\/div>\n\t\t\t\t\t\t<\/div>\n\t\t\t\t<\/div>\n\t\t\t\t\t\t<\/div>\n\t\t\t\t\t<\/div>\n\t\t<\/div>\n\t\t\t\t<div class=\"elementor-column elementor-col-33 elementor-top-column elementor-element elementor-element-ff69041\" data-id=\"ff69041\" data-element_type=\"column\">\n\t\t\t<div class=\"elementor-column-wrap elementor-element-populated\">\n\t\t\t\t\t\t\t<div class=\"elementor-widget-wrap\">\n\t\t\t\t\t\t<div class=\"elementor-element elementor-element-9030452 elementor-widget elementor-widget-heading\" data-id=\"9030452\" data-element_type=\"widget\" data-widget_type=\"heading.default\">\n\t\t\t\t<div class=\"elementor-widget-container\">\n\t\t\t<h2 class=\"elementor-heading-title elementor-size-default\">Turnverein Wintersdorf 1919 e.V.<\/h2>\t\t<\/div>\n\t\t\t\t<\/div>\n\t\t\t\t\t\t<\/div>\n\t\t\t\t\t<\/div>\n\t\t<\/div>\n\t\t\t\t<div class=\"elementor-column elementor-col-33 elementor-top-column elementor-element elementor-element-d3fe1c0\" data-id=\"d3fe1c0\" data-element_type=\"column\">\n\t\t\t<div class=\"elementor-column-wrap elementor-element-populated\">\n\t\t\t\t\t\t\t<div class=\"elementor-widget-wrap\">\n\t\t\t\t\t\t<div class=\"elementor-element elementor-element-0accb46 elementor-widget elementor-widget-image\" data-id=\"0accb46\" data-element_type=\"widget\" data-widget_type=\"image.default\">\n\t\t\t\t<div class=\"elementor-widget-container\">\n\t\t\t\t\t\t\t\t<div class=\"elementor-image\">\n\t\t\t\t\t\t\t\t\t\t\t\t\t<a href=\"https:\/\/tv-wintersdorf.de\/\">\n\t\t\t\t\t\t\t<img decoding=\"async\" src=\"https:\/\/tv-wintersdorf.de\/wp-content\/uploads\/elementor\/thumbs\/logo2-o0ln8w9kk8lp92bz1q8gvw18xtxas6p0t7maay76fk.png\" title=\"logo2\" alt=\"logo2\" loading=\"lazy\" \/>\t\t\t\t\t\t\t\t<\/a>\n\t\t\t\t\t\t\t\t\t\t\t\t\t\t<\/div>\n\t\t\t\t\t\t<\/div>\n\t\t\t\t<\/div>\n\t\t\t\t\t\t<\/div>\n\t\t\t\t\t<\/div>\n\t\t<\/div>\n\t\t\t\t\t\t\t\t<\/div>\n\t\t\t\t\t<\/div>\n\t\t<\/section>\n\t\t\t\t<section class=\"elementor-section elementor-top-section elementor-element elementor-element-192fb37 elementor-section-boxed elementor-section-height-default elementor-section-height-default\" data-id=\"192fb37\" data-element_type=\"section\">\n\t\t\t\t\t\t<div class=\"elementor-container elementor-column-gap-default\">\n\t\t\t\t\t\t\t<div class=\"elementor-row\">\n\t\t\t\t\t<div class=\"elementor-column elementor-col-100 elementor-top-column elementor-element elementor-element-b7a404a\" data-id=\"b7a404a\" data-element_type=\"column\">\n\t\t\t<div class=\"elementor-column-wrap elementor-element-populated\">\n\t\t\t\t\t\t\t<div class=\"elementor-widget-wrap\">\n\t\t\t\t\t\t<div class=\"elementor-element elementor-element-131ecd8 elementor-widget elementor-widget-heading\" data-id=\"131ecd8\" data-element_type=\"widget\" data-widget_type=\"heading.default\">\n\t\t\t\t<div class=\"elementor-widget-container\">\n\t\t\t<h2 class=\"elementor-heading-title elementor-size-default\">Vereinsmeisterschaften\n<\/h2>\t\t<\/div>\n\t\t\t\t<\/div>\n\t\t\t\t<div class=\"elementor-element elementor-element-04e4e4e elementor-widget elementor-widget-text-editor\" data-id=\"04e4e4e\" data-element_type=\"widget\" data-widget_type=\"text-editor.default\">\n\t\t\t\t<div class=\"elementor-widget-container\">\n\t\t\t\t\t\t\t\t<div class=\"elementor-text-editor elementor-clearfix\">\n\t\t\t\t<p>Am 13.07.2019 f\u00fchrten wir im Rahmen des Dorffestes parallel die Vereinsmeisterschaften in der Turnhalle durch. In 14 verschiedene Altersklassen wurden die Wettk\u00e4mpfe eingeteilt. Insgesamt nahmen 77 Turner\/innen teil, wobei 45 weiblich und 32 m\u00e4nnlich waren. Es wurden von den kleinen und gr\u00f6\u00dferen Sportler\/innen die trainierten \u00dcbungen aus den Turnstunden gezeigt und von den Kampfrichtern bewertet. Folgende Resultate wurden von den Aktiven im einzelnen erzielt:<\/p><p>\u00a0<\/p><p>F-Klasse weiblich<\/p><ol><li>Platz Astrid Hilevski \u00a0\u00a0\u00a0\u00a0\u00a0\u00a0\u00a0\u00a0\u00a0\u00a0\u00a0 46,80 Punkte<\/li><li>Platz Anika Moser \u00a0\u00a0\u00a0\u00a0\u00a0\u00a0\u00a0\u00a0\u00a0\u00a0\u00a0 45,25 Punkte<\/li><li>Platz Emilia M\u00fcller \u00a0\u00a0\u00a0\u00a0\u00a0\u00a0\u00a0\u00a0\u00a0\u00a0\u00a0 44,15 Punkte<\/li><\/ol><p>E-Klasse weiblich<\/p><ol><li>Platz Enrica Lott \u00a0\u00a0\u00a0\u00a0\u00a0\u00a0\u00a0\u00a0\u00a0\u00a0\u00a0 50,95 Punkte<\/li><li>Platz Mia Huber \u00a0\u00a0\u00a0\u00a0\u00a0\u00a0\u00a0\u00a0\u00a0\u00a0\u00a0 48,70 Punkte<\/li><li>Platz Dina Ahmed \u00a0\u00a0\u00a0\u00a0\u00a0\u00a0\u00a0\u00a0\u00a0\u00a0\u00a0 48,35 Punkte<\/li><\/ol><p>D-Klasse weiblich<\/p><ol><li>Platz Anna Lehmann \u00a0\u00a0\u00a0\u00a0\u00a0\u00a0\u00a0\u00a0\u00a0\u00a0\u00a0 52,50 Punkte<\/li><li>Platz Amelie Kistner 52,25 Punkte<\/li><li>Platz Ina Haak 50,70 Punkte<\/li><\/ol><p>C-Klasse weiblich<\/p><ol><li>Platz Marie Weiland 50,70 Punkte<\/li><li>Platz Lena Bleich 48,60 Punkte<\/li><li>Platz Selina Falk 47,90 Punkte<\/li><\/ol><p>L4-Klasse weiblich<\/p><ol><li>Platz Charlotte Benz 53,95 Punkte<\/li><li>Platz Fiona Michels 50,60 Punkte<\/li><li>Platz Sophia K\u00f6lmel 50,15 Punkte<\/li><\/ol><p>L3-Klasse weiblich<\/p><ol><li>Platz Selma Seiberling 56,00 Punkte<\/li><li>Platz Kayla Ludwig 55,25 Punkte<\/li><li>Platz Pia Michels 55,15 Punkte<\/li><\/ol><p>L2-Klasse weiblich K\u00fcr LK4<\/p><ol><li>Platz Antonia Rosenhahn 51,30 Punkte (Leistungsklassenpokal)<\/li><li>Platz Marie Hundert 48,30 Punkte<\/li><li>Platz Sophie Melcher 48,20 Punkte<\/li><\/ol><p>L1-Klasse weiblich K\u00fcrwettkampf LK1<\/p><ol><li>Platz Hannah Kreiser 51,50 Punkte (Vereinsmeisterin)<\/li><\/ol><p>F-Klasse m\u00e4nnlich<\/p><ol><li>Platz Mikas Juschus 42,80 Punkte<\/li><li>Platz Fynn Neumann 41,90 Punkte<\/li><li>Platz Nico Haak 41,10 Punkte<\/li><\/ol><p>E-Klasse m\u00e4nnlich<\/p><ol><li>Platz Paul Dennig 45,40 Punkte<\/li><li>Platz Jonas St\u00fcber 45,40 Punkte<\/li><li>Platz Jordano Heitz 45,20 Punkte<\/li><\/ol><p>C-Klasse m\u00e4nnlich<\/p><ol><li>Platz Silas Bereit 56,50 Punkte<\/li><li>Platz Timo Rauscher 53,80 Punkte<\/li><\/ol><p>L3-Klasse m\u00e4nnlich<\/p><ol><li>Platz Jonas Kn\u00e4bel 74,30 Punkte<\/li><li>Platz Finley Ludwig 72,50 Punkte<\/li><li>Platz Enrico Papia 70,30 Punkte<\/li><\/ol><p>L2-Klasse m\u00e4nnlich<\/p><ol><li>Platz Niklas Kreiser 98,40 Punkte (Leistungsklassenpokal)<\/li><li>Platz Tim Pollmann 89,10 Punkte<\/li><li>Platz Fabian H\u00f6rner 87,30 Punkte<\/li><\/ol><p>L1-Klasse m\u00e4nnlich<\/p><ol><li>Platz Alexander Weber 66,60 Punkte (Vereinsmeister)<\/li><li>Platz Dominik Schneider 64,10 Punkte<\/li><li>Platz Patrick Schneider 64,00 Punkte<\/li><\/ol><p>Die Siegerehrung wurde im w\u00fcrdigen Rahmen beim Dorffest am Sonntag Mittag w\u00e4hrend des Turnprogramms durchgef\u00fchrt.<\/p><p>Wie aus den Ergebnislisten ersichtlich ist sind auch dieses Jahr wieder Hannah Kreiser und Alexander Weber Vereinsmeister bei den Wettk\u00e4mpfen geworden.<\/p><p>Den Leistungsklassenpokal erhielten Antonia Rosenhahn und Niklas Kreiser.<\/p><p>Herzlichen Gl\u00fcckwunsch an die Akteure ! An alle, die an den Meisterschaften teilgenommen haben geht ein Danke sch\u00f6n, \u00fcbt flei\u00dfig weiter und vielleicht seid ihr dann n\u00e4chstes Jahr in den Siegerlisten vertreten (falls es dieses Jahr noch nicht geklappt hat). Ausdr\u00fccklich erw\u00e4hnen wollen wir auch die vielen \u00dcbungsleiter, Trainer und Helfer, die Woche f\u00fcr Woche einen Teil ihrer Freizeit\u00a0 den Kindern und Jugendlichen widmen, um ihnen spielen, turnen und vieles mehr beizubringen. Vielen Dank hierf\u00fcr.<\/p>\t\t\t\t\t<\/div>\n\t\t\t\t\t\t<\/div>\n\t\t\t\t<\/div>\n\t\t\t\t\t\t<\/div>\n\t\t\t\t\t<\/div>\n\t\t<\/div>\n\t\t\t\t\t\t\t\t<\/div>\n\t\t\t\t\t<\/div>\n\t\t<\/section>\n\t\t\t\t\t\t\t\t\t<\/div>\n\t\t\t<\/div>\n\t\t\t\t\t<\/div>\n\t\t","protected":false},"excerpt":{"rendered":"<p>Turnverein Wintersdorf 1919 e.V. Vereinsmeisterschaften Am 13.07.2019 f\u00fchrten wir im Rahmen des Dorffestes parallel die Vereinsmeisterschaften in der Turnhalle durch. In 14 verschiedene Altersklassen wurden die Wettk\u00e4mpfe eingeteilt. Insgesamt nahmen 77 Turner\/innen teil, wobei 45 weiblich und 32 m\u00e4nnlich waren. Es wurden von den kleinen und gr\u00f6\u00dferen Sportler\/innen die trainierten \u00dcbungen aus den Turnstunden gezeigt [&hellip;]<\/p>\n","protected":false},"author":3,"featured_media":0,"parent":0,"menu_order":0,"comment_status":"closed","ping_status":"closed","template":"","meta":[],"_links":{"self":[{"href":"https:\/\/tv-wintersdorf.de\/index.php?rest_route=\/wp\/v2\/pages\/3392"}],"collection":[{"href":"https:\/\/tv-wintersdorf.de\/index.php?rest_route=\/wp\/v2\/pages"}],"about":[{"href":"https:\/\/tv-wintersdorf.de\/index.php?rest_route=\/wp\/v2\/types\/page"}],"author":[{"embeddable":true,"href":"https:\/\/tv-wintersdorf.de\/index.php?rest_route=\/wp\/v2\/users\/3"}],"replies":[{"embeddable":true,"href":"https:\/\/tv-wintersdorf.de\/index.php?rest_route=%2Fwp%2Fv2%2Fcomments&post=3392"}],"version-history":[{"count":7,"href":"https:\/\/tv-wintersdorf.de\/index.php?rest_route=\/wp\/v2\/pages\/3392\/revisions"}],"predecessor-version":[{"id":5204,"href":"https:\/\/tv-wintersdorf.de\/index.php?rest_route=\/wp\/v2\/pages\/3392\/revisions\/5204"}],"wp:attachment":[{"href":"https:\/\/tv-wintersdorf.de\/index.php?rest_route=%2Fwp%2Fv2%2Fmedia&parent=3392"}],"curies":[{"name":"wp","href":"https:\/\/api.w.org\/{rel}","templated":true}]}}