{"id":3403,"date":"2019-07-21T19:20:39","date_gmt":"2019-07-21T19:20:39","guid":{"rendered":"http:\/\/tv-wintersdorf.de\/?page_id=3403"},"modified":"2022-03-26T18:45:22","modified_gmt":"2022-03-26T18:45:22","slug":"home-8-3-2-21-2-2-2-3-2-2-2-4","status":"publish","type":"page","link":"https:\/\/tv-wintersdorf.de\/?page_id=3403","title":{"rendered":"Dorffest_Bericht_2019"},"content":{"rendered":"\t\t<div data-elementor-type=\"wp-post\" data-elementor-id=\"3403\" class=\"elementor elementor-3403\">\n\t\t\t\t\t\t<div class=\"elementor-inner\">\n\t\t\t\t<div class=\"elementor-section-wrap\">\n\t\t\t\t\t\t\t\t\t<section class=\"elementor-section elementor-top-section elementor-element elementor-element-25919ae elementor-section-boxed elementor-section-height-default elementor-section-height-default\" data-id=\"25919ae\" data-element_type=\"section\">\n\t\t\t\t\t\t<div class=\"elementor-container elementor-column-gap-default\">\n\t\t\t\t\t\t\t<div class=\"elementor-row\">\n\t\t\t\t\t<div class=\"elementor-column elementor-col-33 elementor-top-column elementor-element elementor-element-e324ff6\" data-id=\"e324ff6\" data-element_type=\"column\">\n\t\t\t<div class=\"elementor-column-wrap elementor-element-populated\">\n\t\t\t\t\t\t\t<div class=\"elementor-widget-wrap\">\n\t\t\t\t\t\t<div class=\"elementor-element elementor-element-df9d12c elementor-widget elementor-widget-image\" data-id=\"df9d12c\" data-element_type=\"widget\" data-widget_type=\"image.default\">\n\t\t\t\t<div class=\"elementor-widget-container\">\n\t\t\t\t\t\t\t\t<div class=\"elementor-image\">\n\t\t\t\t\t\t\t\t\t\t\t\t\t<a href=\"https:\/\/tv-wintersdorf.de\/\">\n\t\t\t\t\t\t\t<img decoding=\"async\" width=\"601\" height=\"355\" src=\"https:\/\/tv-wintersdorf.de\/wp-content\/uploads\/2020\/03\/Logo_Normal.jpg\" class=\"attachment-large size-large wp-image-4182\" alt=\"\" loading=\"lazy\" srcset=\"https:\/\/tv-wintersdorf.de\/wp-content\/uploads\/2020\/03\/Logo_Normal.jpg 601w, https:\/\/tv-wintersdorf.de\/wp-content\/uploads\/2020\/03\/Logo_Normal-300x177.jpg 300w, https:\/\/tv-wintersdorf.de\/wp-content\/uploads\/2020\/03\/elementor\/thumbs\/Logo_Normal-om9mlzpm3er39u5urhaj8otivup3vnofg27y7j704o.jpg 5w\" sizes=\"(max-width: 601px) 100vw, 601px\" \/>\t\t\t\t\t\t\t\t<\/a>\n\t\t\t\t\t\t\t\t\t\t\t\t\t\t<\/div>\n\t\t\t\t\t\t<\/div>\n\t\t\t\t<\/div>\n\t\t\t\t\t\t<\/div>\n\t\t\t\t\t<\/div>\n\t\t<\/div>\n\t\t\t\t<div class=\"elementor-column elementor-col-33 elementor-top-column elementor-element elementor-element-ff69041\" data-id=\"ff69041\" data-element_type=\"column\">\n\t\t\t<div class=\"elementor-column-wrap elementor-element-populated\">\n\t\t\t\t\t\t\t<div class=\"elementor-widget-wrap\">\n\t\t\t\t\t\t<div class=\"elementor-element elementor-element-9030452 elementor-widget elementor-widget-heading\" data-id=\"9030452\" data-element_type=\"widget\" data-widget_type=\"heading.default\">\n\t\t\t\t<div class=\"elementor-widget-container\">\n\t\t\t<h2 class=\"elementor-heading-title elementor-size-default\">Turnverein Wintersdorf 1919 e.V.<\/h2>\t\t<\/div>\n\t\t\t\t<\/div>\n\t\t\t\t\t\t<\/div>\n\t\t\t\t\t<\/div>\n\t\t<\/div>\n\t\t\t\t<div class=\"elementor-column elementor-col-33 elementor-top-column elementor-element elementor-element-d3fe1c0\" data-id=\"d3fe1c0\" data-element_type=\"column\">\n\t\t\t<div class=\"elementor-column-wrap elementor-element-populated\">\n\t\t\t\t\t\t\t<div class=\"elementor-widget-wrap\">\n\t\t\t\t\t\t<div class=\"elementor-element elementor-element-0accb46 elementor-widget elementor-widget-image\" data-id=\"0accb46\" data-element_type=\"widget\" data-widget_type=\"image.default\">\n\t\t\t\t<div class=\"elementor-widget-container\">\n\t\t\t\t\t\t\t\t<div class=\"elementor-image\">\n\t\t\t\t\t\t\t\t\t\t\t\t\t<a href=\"https:\/\/tv-wintersdorf.de\/\">\n\t\t\t\t\t\t\t<img decoding=\"async\" src=\"https:\/\/tv-wintersdorf.de\/wp-content\/uploads\/elementor\/thumbs\/logo2-o0ln8w9kk8lp92bz1q8gvw18xtxas6p0t7maay76fk.png\" title=\"logo2\" alt=\"logo2\" loading=\"lazy\" \/>\t\t\t\t\t\t\t\t<\/a>\n\t\t\t\t\t\t\t\t\t\t\t\t\t\t<\/div>\n\t\t\t\t\t\t<\/div>\n\t\t\t\t<\/div>\n\t\t\t\t\t\t<\/div>\n\t\t\t\t\t<\/div>\n\t\t<\/div>\n\t\t\t\t\t\t\t\t<\/div>\n\t\t\t\t\t<\/div>\n\t\t<\/section>\n\t\t\t\t<section class=\"elementor-section elementor-top-section elementor-element elementor-element-192fb37 elementor-section-boxed elementor-section-height-default elementor-section-height-default\" data-id=\"192fb37\" data-element_type=\"section\">\n\t\t\t\t\t\t<div class=\"elementor-container elementor-column-gap-default\">\n\t\t\t\t\t\t\t<div class=\"elementor-row\">\n\t\t\t\t\t<div class=\"elementor-column elementor-col-100 elementor-top-column elementor-element elementor-element-b7a404a\" data-id=\"b7a404a\" data-element_type=\"column\">\n\t\t\t<div class=\"elementor-column-wrap elementor-element-populated\">\n\t\t\t\t\t\t\t<div class=\"elementor-widget-wrap\">\n\t\t\t\t\t\t<div class=\"elementor-element elementor-element-131ecd8 elementor-widget elementor-widget-heading\" data-id=\"131ecd8\" data-element_type=\"widget\" data-widget_type=\"heading.default\">\n\t\t\t\t<div class=\"elementor-widget-container\">\n\t\t\t<h2 class=\"elementor-heading-title elementor-size-default\">Dorffest im Seegarten 13. - 15.07.2019\n<\/h2>\t\t<\/div>\n\t\t\t\t<\/div>\n\t\t\t\t<div class=\"elementor-element elementor-element-04e4e4e elementor-widget elementor-widget-text-editor\" data-id=\"04e4e4e\" data-element_type=\"widget\" data-widget_type=\"text-editor.default\">\n\t\t\t\t<div class=\"elementor-widget-container\">\n\t\t\t\t\t\t\t\t<div class=\"elementor-text-editor elementor-clearfix\">\n\t\t\t\t<p>Am vergangenen Wochenende veranstaltete der Turnverein das 67. Dorffest im Seegarten. Unter den Kl\u00e4ngen der Iffezheimer Dorfmusikanten wurde um 18.00 Uhr mit dem Fassanstich die Veranstaltung offiziell er\u00f6ffnet. Um 20.30 Uhr leitete die Liveband &#8222;Radioman&#8220; den Abend ein. Mit Schlagern, Hits, Rock und Evergreens bildeten sie eine breite Palette der Musikwelt ab und so war f\u00fcr jeden Geschmack etwas dabei. Dementsprechend begeistert zeigte sich dann auch das Publikum. Gerne angenommen wurde an diesem Abend ebenfalls die eingerichtete Cocktailbar mit allerhand leckeren Getr\u00e4nken.Der Sonntag begann mit einem \u00f6kumenischen Gottesdienst der mit unserer Fanfare und der dazugeh\u00f6rigen Turneinlage gestaltet wurde. Der anschlie\u00dfende Ehrenmitgliederstammtisch wurde \u00fcber die Mittagszeit bei Sauerbraten, Nudeln und Salat zahlreich wahrgenommen. Musikalisch umrahmt wurde das Ganze von den Plittersdorfer Altrheinmusikanten, bevor dann das Turnprogramm mit 11 Gruppen unseres Vereins begann. Hier wurde auch die Siegerehrung der Vereinsmeisterschaften integriert (ausf\u00fchrlicher Bericht folgt in der n\u00e4chsten Ausgabe). Ab 18.00 Uhr stand der Turngau Mittelbaden-Murgtal unter dem Motto &#8222;It&#8217;s showtime&#8220; im Mittelpunkt des Geschehens. Mit 19 Programmpunkten stellten sich viele Gruppen des Turngaues mit T\u00e4nzen, Akrobatik und turnerischen Darbietungen dem interessierten Publikum vor. Begonnen wurde das Event mit einem einstudierten Flashmob unseres Vereins, der auch den Abschluss dieser vorabendlichen Show darstellte. Am Montag kamen unsere\u00a0 kleinen G\u00e4ste beim AWO-Spielmobil und der H\u00fcpfburg der Sparkasse voll auf ihre Kosten. Zuvor gab es noch traditionell einen z\u00fcnftigen Mittagstisch mit Sch\u00e4lrippchen, Sauerkraut und Bauernbrot. Der Abend stand dann ganz im Zeichen der Unterhaltung.<\/p><p>Unter Moderation von Andreas Kuhn, unterst\u00fctzt durch seine Ehefrau, ma\u00dfen sich der Ortschaftsrat mit den Vereinsvorst\u00e4nden bei Quizfragen und Geschicklichkeitsspielen, wobei die Politik am Schluss die Nase vorne hatte.<\/p><p>In zwei Durchg\u00e4ngen wurden zwischendurch die gl\u00fccklichen Gewinner der Tombola ermittelt. Musikalisch umrahmt wurde der ganze Abend vom Musikverein Wintersdorf unter der bew\u00e4hrten F\u00fchrung von Dirigent Stefan Hirn. So klang ein gelungenes Dorffest im Rahmen unseres 100-j\u00e4hrigen Jubil\u00e4ums dann nach 3 Festtagen in gem\u00fctlicher Atmosph\u00e4re im Seegarten wieder aus. Vielen Dank an alle die unsere G\u00e4ste waren und vielleicht auf ein Wiedersehen am 26. Oktober zur Jubil\u00e4umsgala in unserer Festhalle. Ein Dank geht selbstverst\u00e4ndlich auch an die vielen flei\u00dfigen Helfer, die uns \u00fcber die Veranstaltung in vielf\u00e4ltiger Weise tatkr\u00e4ftig unterst\u00fctzt haben.<\/p>\t\t\t\t\t<\/div>\n\t\t\t\t\t\t<\/div>\n\t\t\t\t<\/div>\n\t\t\t\t\t\t<\/div>\n\t\t\t\t\t<\/div>\n\t\t<\/div>\n\t\t\t\t\t\t\t\t<\/div>\n\t\t\t\t\t<\/div>\n\t\t<\/section>\n\t\t\t\t\t\t\t\t\t<\/div>\n\t\t\t<\/div>\n\t\t\t\t\t<\/div>\n\t\t","protected":false},"excerpt":{"rendered":"<p>Turnverein Wintersdorf 1919 e.V. Dorffest im Seegarten 13. &#8211; 15.07.2019 Am vergangenen Wochenende veranstaltete der Turnverein das 67. Dorffest im Seegarten. Unter den Kl\u00e4ngen der Iffezheimer Dorfmusikanten wurde um 18.00 Uhr mit dem Fassanstich die Veranstaltung offiziell er\u00f6ffnet. Um 20.30 Uhr leitete die Liveband &#8222;Radioman&#8220; den Abend ein. Mit Schlagern, Hits, Rock und Evergreens bildeten [&hellip;]<\/p>\n","protected":false},"author":3,"featured_media":0,"parent":0,"menu_order":0,"comment_status":"closed","ping_status":"closed","template":"","meta":[],"_links":{"self":[{"href":"https:\/\/tv-wintersdorf.de\/index.php?rest_route=\/wp\/v2\/pages\/3403"}],"collection":[{"href":"https:\/\/tv-wintersdorf.de\/index.php?rest_route=\/wp\/v2\/pages"}],"about":[{"href":"https:\/\/tv-wintersdorf.de\/index.php?rest_route=\/wp\/v2\/types\/page"}],"author":[{"embeddable":true,"href":"https:\/\/tv-wintersdorf.de\/index.php?rest_route=\/wp\/v2\/users\/3"}],"replies":[{"embeddable":true,"href":"https:\/\/tv-wintersdorf.de\/index.php?rest_route=%2Fwp%2Fv2%2Fcomments&post=3403"}],"version-history":[{"count":6,"href":"https:\/\/tv-wintersdorf.de\/index.php?rest_route=\/wp\/v2\/pages\/3403\/revisions"}],"predecessor-version":[{"id":5207,"href":"https:\/\/tv-wintersdorf.de\/index.php?rest_route=\/wp\/v2\/pages\/3403\/revisions\/5207"}],"wp:attachment":[{"href":"https:\/\/tv-wintersdorf.de\/index.php?rest_route=%2Fwp%2Fv2%2Fmedia&parent=3403"}],"curies":[{"name":"wp","href":"https:\/\/api.w.org\/{rel}","templated":true}]}}