{"id":3706,"date":"2019-08-18T14:33:51","date_gmt":"2019-08-18T14:33:51","guid":{"rendered":"http:\/\/tv-wintersdorf.de\/?page_id=3706"},"modified":"2022-03-26T18:50:23","modified_gmt":"2022-03-26T18:50:23","slug":"home-8-3-2-21-2-2-2-3-2-2-2-4-2","status":"publish","type":"page","link":"https:\/\/tv-wintersdorf.de\/?page_id=3706","title":{"rendered":"Extrem_Cross_Bericht_2019"},"content":{"rendered":"\t\t<div data-elementor-type=\"wp-post\" data-elementor-id=\"3706\" class=\"elementor elementor-3706\">\n\t\t\t\t\t\t<div class=\"elementor-inner\">\n\t\t\t\t<div class=\"elementor-section-wrap\">\n\t\t\t\t\t\t\t\t\t<section class=\"elementor-section elementor-top-section elementor-element elementor-element-25919ae elementor-section-boxed elementor-section-height-default elementor-section-height-default\" data-id=\"25919ae\" data-element_type=\"section\">\n\t\t\t\t\t\t<div class=\"elementor-container elementor-column-gap-default\">\n\t\t\t\t\t\t\t<div class=\"elementor-row\">\n\t\t\t\t\t<div class=\"elementor-column elementor-col-33 elementor-top-column elementor-element elementor-element-e324ff6\" data-id=\"e324ff6\" data-element_type=\"column\">\n\t\t\t<div class=\"elementor-column-wrap elementor-element-populated\">\n\t\t\t\t\t\t\t<div class=\"elementor-widget-wrap\">\n\t\t\t\t\t\t<div class=\"elementor-element elementor-element-df9d12c elementor-widget elementor-widget-image\" data-id=\"df9d12c\" data-element_type=\"widget\" data-widget_type=\"image.default\">\n\t\t\t\t<div class=\"elementor-widget-container\">\n\t\t\t\t\t\t\t\t<div class=\"elementor-image\">\n\t\t\t\t\t\t\t\t\t\t\t\t\t<a href=\"https:\/\/tv-wintersdorf.de\/\">\n\t\t\t\t\t\t\t<img decoding=\"async\" width=\"601\" height=\"355\" src=\"https:\/\/tv-wintersdorf.de\/wp-content\/uploads\/2020\/03\/Logo_Normal.jpg\" class=\"attachment-large size-large wp-image-4182\" alt=\"\" loading=\"lazy\" srcset=\"https:\/\/tv-wintersdorf.de\/wp-content\/uploads\/2020\/03\/Logo_Normal.jpg 601w, https:\/\/tv-wintersdorf.de\/wp-content\/uploads\/2020\/03\/Logo_Normal-300x177.jpg 300w, https:\/\/tv-wintersdorf.de\/wp-content\/uploads\/2020\/03\/elementor\/thumbs\/Logo_Normal-om9mlzpm3er39u5urhaj8otivup3vnofg27y7j704o.jpg 5w\" sizes=\"(max-width: 601px) 100vw, 601px\" \/>\t\t\t\t\t\t\t\t<\/a>\n\t\t\t\t\t\t\t\t\t\t\t\t\t\t<\/div>\n\t\t\t\t\t\t<\/div>\n\t\t\t\t<\/div>\n\t\t\t\t\t\t<\/div>\n\t\t\t\t\t<\/div>\n\t\t<\/div>\n\t\t\t\t<div class=\"elementor-column elementor-col-33 elementor-top-column elementor-element elementor-element-ff69041\" data-id=\"ff69041\" data-element_type=\"column\">\n\t\t\t<div class=\"elementor-column-wrap elementor-element-populated\">\n\t\t\t\t\t\t\t<div class=\"elementor-widget-wrap\">\n\t\t\t\t\t\t<div class=\"elementor-element elementor-element-9030452 elementor-widget elementor-widget-heading\" data-id=\"9030452\" data-element_type=\"widget\" data-widget_type=\"heading.default\">\n\t\t\t\t<div class=\"elementor-widget-container\">\n\t\t\t<h2 class=\"elementor-heading-title elementor-size-default\">Turnverein Wintersdorf 1919 e.V.<\/h2>\t\t<\/div>\n\t\t\t\t<\/div>\n\t\t\t\t\t\t<\/div>\n\t\t\t\t\t<\/div>\n\t\t<\/div>\n\t\t\t\t<div class=\"elementor-column elementor-col-33 elementor-top-column elementor-element elementor-element-d3fe1c0\" data-id=\"d3fe1c0\" data-element_type=\"column\">\n\t\t\t<div class=\"elementor-column-wrap elementor-element-populated\">\n\t\t\t\t\t\t\t<div class=\"elementor-widget-wrap\">\n\t\t\t\t\t\t<div class=\"elementor-element elementor-element-0accb46 elementor-widget elementor-widget-image\" data-id=\"0accb46\" data-element_type=\"widget\" data-widget_type=\"image.default\">\n\t\t\t\t<div class=\"elementor-widget-container\">\n\t\t\t\t\t\t\t\t<div class=\"elementor-image\">\n\t\t\t\t\t\t\t\t\t\t\t\t\t<a href=\"https:\/\/tv-wintersdorf.de\/\">\n\t\t\t\t\t\t\t<img decoding=\"async\" src=\"https:\/\/tv-wintersdorf.de\/wp-content\/uploads\/elementor\/thumbs\/logo2-o0ln8w9kk8lp92bz1q8gvw18xtxas6p0t7maay76fk.png\" title=\"logo2\" alt=\"logo2\" loading=\"lazy\" \/>\t\t\t\t\t\t\t\t<\/a>\n\t\t\t\t\t\t\t\t\t\t\t\t\t\t<\/div>\n\t\t\t\t\t\t<\/div>\n\t\t\t\t<\/div>\n\t\t\t\t\t\t<\/div>\n\t\t\t\t\t<\/div>\n\t\t<\/div>\n\t\t\t\t\t\t\t\t<\/div>\n\t\t\t\t\t<\/div>\n\t\t<\/section>\n\t\t\t\t<section class=\"elementor-section elementor-top-section elementor-element elementor-element-192fb37 elementor-section-boxed elementor-section-height-default elementor-section-height-default\" data-id=\"192fb37\" data-element_type=\"section\">\n\t\t\t\t\t\t<div class=\"elementor-container elementor-column-gap-default\">\n\t\t\t\t\t\t\t<div class=\"elementor-row\">\n\t\t\t\t\t<div class=\"elementor-column elementor-col-100 elementor-top-column elementor-element elementor-element-b7a404a\" data-id=\"b7a404a\" data-element_type=\"column\">\n\t\t\t<div class=\"elementor-column-wrap elementor-element-populated\">\n\t\t\t\t\t\t\t<div class=\"elementor-widget-wrap\">\n\t\t\t\t\t\t<div class=\"elementor-element elementor-element-131ecd8 elementor-widget elementor-widget-heading\" data-id=\"131ecd8\" data-element_type=\"widget\" data-widget_type=\"heading.default\">\n\t\t\t\t<div class=\"elementor-widget-container\">\n\t\t\t<h2 class=\"elementor-heading-title elementor-size-default\">Laufwelt-Extrem-Cross<\/h2>\t\t<\/div>\n\t\t\t\t<\/div>\n\t\t\t\t<div class=\"elementor-element elementor-element-04e4e4e elementor-widget elementor-widget-text-editor\" data-id=\"04e4e4e\" data-element_type=\"widget\" data-widget_type=\"text-editor.default\">\n\t\t\t\t<div class=\"elementor-widget-container\">\n\t\t\t\t\t\t\t\t<div class=\"elementor-text-editor elementor-clearfix\">\n\t\t\t\t<p>Nun ist auch er Geschichte, n\u00e4mlich der 12. Extrem-Cross-Lauf. Wie in den Vorjahren eine gelungene Veranstaltung f\u00fcr die Teilnehmer und Zuschauer. \u201eAnspruchsvoll wie eh und je\u201c, so meinte auch der 1. Platzierte Sebastian Pieczarek, der den Parcour im Jubil\u00e4umsjahr in 45:11 Minuten als schnellster L\u00e4ufer absolvierte. Die letztes Jahr noch bessere Zeit hatte lediglich den 2. Platz ergeben. Diesen Rang erlief sich aktuell Stefan Gerber in 49:24 Minuten, also mit 4 Minuten 13 Sekunden R\u00fcckstand. Als Dritter im Bunde konnte Philipp Lebhardt dieses Klassement in 50:50 Minuten erreichen. Die ersten 25 m\u00e4nnlichen Starter blieben alle unter einer Stunde Laufzeit. Als Vergleich kam der letzte Starter nach 1:52:19 Stunden ins Ziel. Bei den allermeisten L\u00e4ufern \u00fcberwiegt deutlich der Spa\u00dffaktor und es gilt die Strecke grunds\u00e4tzlich zu bew\u00e4ltigen. Dies hatten auch beachtliche 238 Athleten geschafft. <\/p><p>Bei den Frauen hatte die Siegerin Sara Lebhardt knapp die Stundenmarke mit 1:01:37 verpasst. Mit nur 4 Sekunden Abstand kam Gabriele Rahaian als Zweite durchs Zielband und weitere 21 Sekunden war Abstand zu Laura Ziesemer, die sich auf den noch freien Platz auf dem Siegertreppchen k\u00e4mpfte. Insgesamt das Gef\u00fchl es geschafft zu haben durften 97 L\u00e4uferinnen ihr eigenen nennen. <\/p><p>\u00dcber 400 Anmeldungen waren eingegangen, die jedoch nicht alle antraten bzw. den Zielstrich passierten. Gefallen hat es, wie im letzten Jahr, auch dem Firmeninhaber Jochen S\u00e4mann, der sogar dieses Mal begeistert die kompletten 5 Runden mit je 2 km durchlief. Viel Lob und Anerkennung kamen aus seinem Munde f\u00fcr die gut pr\u00e4parierte Strecke und die ganze Atmosph\u00e4re rund um dieses Event. Ein Dank gilt den vielen Streckenposten und vor allem den beiden Hauptverantwortlichen Rolf Kreiser und Michael G\u00f6tz. Eine rundum wieder gelungene, in der Region einzigartige, Veranstaltung auf die die Ausrichter Angelsportverein, Laufwelt und Turnverein in positiver Erinnerung zur\u00fcck blicken k\u00f6nnen. <\/p><p>Um auch im Jubil\u00e4umsjahr etwas Gutes zu tun f\u00fcr Menschen, die auf Hilfe und Unterst\u00fctzung angewiesen sind erh\u00e4lt die Pestalozzischule in Rastatt den gespendeten Betrag in H\u00f6he von 500 EUR anl\u00e4sslich deren 50-j\u00e4hrigem Bestehen. Die \u00dcbergabe erfolgte direkt nach der Siegerehrung an die stellvertretende Schulleiterin, Frau Katharina Schiborr, die sich im Namen der Schulkinder herzlich bedankte. In vielerlei Projekte kann hier investiert werden, sodass die Verst\u00e4ndigung und Mitbestimmung der Menschen mit Beeintr\u00e4chtigungen in der Kommunikation, z. B. durch Geb\u00e4rden, Symbolkarten und andere technische Hilfsmittel verbessert werden.<\/p>\t\t\t\t\t<\/div>\n\t\t\t\t\t\t<\/div>\n\t\t\t\t<\/div>\n\t\t\t\t\t\t<\/div>\n\t\t\t\t\t<\/div>\n\t\t<\/div>\n\t\t\t\t\t\t\t\t<\/div>\n\t\t\t\t\t<\/div>\n\t\t<\/section>\n\t\t\t\t\t\t\t\t\t<\/div>\n\t\t\t<\/div>\n\t\t\t\t\t<\/div>\n\t\t","protected":false},"excerpt":{"rendered":"<p>Turnverein Wintersdorf 1919 e.V. Laufwelt-Extrem-Cross Nun ist auch er Geschichte, n\u00e4mlich der 12. Extrem-Cross-Lauf. Wie in den Vorjahren eine gelungene Veranstaltung f\u00fcr die Teilnehmer und Zuschauer. \u201eAnspruchsvoll wie eh und je\u201c, so meinte auch der 1. Platzierte Sebastian Pieczarek, der den Parcour im Jubil\u00e4umsjahr in 45:11 Minuten als schnellster L\u00e4ufer absolvierte. Die letztes Jahr noch [&hellip;]<\/p>\n","protected":false},"author":3,"featured_media":0,"parent":0,"menu_order":0,"comment_status":"closed","ping_status":"closed","template":"","meta":[],"_links":{"self":[{"href":"https:\/\/tv-wintersdorf.de\/index.php?rest_route=\/wp\/v2\/pages\/3706"}],"collection":[{"href":"https:\/\/tv-wintersdorf.de\/index.php?rest_route=\/wp\/v2\/pages"}],"about":[{"href":"https:\/\/tv-wintersdorf.de\/index.php?rest_route=\/wp\/v2\/types\/page"}],"author":[{"embeddable":true,"href":"https:\/\/tv-wintersdorf.de\/index.php?rest_route=\/wp\/v2\/users\/3"}],"replies":[{"embeddable":true,"href":"https:\/\/tv-wintersdorf.de\/index.php?rest_route=%2Fwp%2Fv2%2Fcomments&post=3706"}],"version-history":[{"count":5,"href":"https:\/\/tv-wintersdorf.de\/index.php?rest_route=\/wp\/v2\/pages\/3706\/revisions"}],"predecessor-version":[{"id":5219,"href":"https:\/\/tv-wintersdorf.de\/index.php?rest_route=\/wp\/v2\/pages\/3706\/revisions\/5219"}],"wp:attachment":[{"href":"https:\/\/tv-wintersdorf.de\/index.php?rest_route=%2Fwp%2Fv2%2Fmedia&parent=3706"}],"curies":[{"name":"wp","href":"https:\/\/api.w.org\/{rel}","templated":true}]}}